{"id":17537,"date":"2024-04-10T15:53:45","date_gmt":"2024-04-10T12:53:45","guid":{"rendered":"https:\/\/abn.md\/product\/pasat-150-7-mm-roh\/"},"modified":"2024-04-10T16:35:54","modified_gmt":"2024-04-10T13:35:54","slug":"pasat-150-7-mm-roh","status":"publish","type":"product","link":"https:\/\/abn.md\/en\/product\/pasat-150-7-mm-roh\/","title":{"rendered":"Pasat 15*0.7 mm (ROH)"},"content":{"rendered":"<p><span style=\"background-color:rgb(248, 249, 250); color:rgb(32, 33, 36); font-family:google sans,arial,sans-serif; font-size:20px\">Cu ajutorul drujbelor de t&acirc;mpl\u0103rie Fenes Pa<\/span><span style=\"background-color:rgb(248, 249, 250); color:rgb(32, 33, 36); font-family:google sans,arial,sans-serif; font-size:20px\">sat, se execut\u0103 t\u0103ierea curbiliniar\u0103 (figurat\u0103) \u0219i dreapt\u0103 a lemnului, sc&acirc;nduri groase, placaj, PAL, panouri din lemn. Fer\u0103str\u0103ul ia lemn de orice rezisten\u021b\u0103: tare, moale, mediu. Lama PASAT este versatil\u0103 \u0219i extrem de productiv\u0103. Duritatea lamelor &icirc;nt\u0103rite: 62 &divide; 65 HRC Duritatea benzii ne&icirc;nt\u0103rite: 41 &divide; 44 HRC<\/span><\/p>\n","protected":false},"excerpt":{"rendered":"<p>Cu ajutorul drujbelor de t&acirc;mpl\u0103rie Fenes Pasat, se execut\u0103 t\u0103ierea curbiliniar\u0103 (figurat\u0103) \u0219i dreapt\u0103 a lemnului, sc&acirc;nduri groase, placaj, PAL,<\/p>\n","protected":false},"featured_media":16642,"template":"","meta":{"rs_blank_template":"","rs_page_bg_color":"","slide_template_v7":""},"product_brand":[],"product_cat":[735],"product_tag":[],"class_list":{"0":"post-17537","1":"product","2":"type-product","3":"status-publish","4":"has-post-thumbnail","6":"product_cat-ferastraie-pentru-tamplarie-band-saws","8":"first","9":"instock","10":"purchasable","11":"product-type-simple"},"yoast_head":"<!-- This site is optimized with the Yoast SEO Premium plugin v27.4 (Yoast SEO v27.4) - https:\/\/yoast.com\/product\/yoast-seo-premium-wordpress\/ -->\n<title>Pasat 15*0.7 mm (ROH) - ABN<\/title>\n<meta name=\"description\" content=\"Cu ajutorul drujbelor de t&acirc;mpl\u0103rie Fenes Pasat, se execut\u0103 t\u0103ierea curbiliniar\u0103 (figurat\u0103) \u0219i dreapt\u0103 a lemnului, sc&acirc;nduri groase, placaj,\" \/>\n<meta name=\"robots\" content=\"index, follow, max-snippet:-1, max-image-preview:large, max-video-preview:-1\" \/>\n<link rel=\"canonical\" href=\"https:\/\/abn.md\/en\/product\/pasat-150-7-mm-roh\/\" \/>\n<meta property=\"og:locale\" content=\"en_US\" \/>\n<meta property=\"og:type\" content=\"article\" \/>\n<meta property=\"og:title\" content=\"Pasat 15*0.7 mm (ROH)\" \/>\n<meta property=\"og:description\" content=\"Cu ajutorul drujbelor de t&acirc;mpl\u0103rie Fenes Pasat, se execut\u0103 t\u0103ierea curbiliniar\u0103 (figurat\u0103) \u0219i dreapt\u0103 a lemnului, sc&acirc;nduri groase, placaj,\" \/>\n<meta property=\"og:url\" content=\"https:\/\/abn.md\/en\/product\/pasat-150-7-mm-roh\/\" \/>\n<meta property=\"og:site_name\" content=\"ABN\" \/>\n<meta property=\"article:modified_time\" content=\"2024-04-10T13:35:54+00:00\" \/>\n<meta property=\"og:image\" content=\"https:\/\/abn.md\/wp-content\/uploads\/2024\/04\/goln8as57_.jpg\" \/>\n\t<meta property=\"og:image:width\" content=\"917\" \/>\n\t<meta property=\"og:image:height\" content=\"1113\" \/>\n\t<meta property=\"og:image:type\" content=\"image\/jpeg\" \/>\n<meta name=\"twitter:card\" content=\"summary_large_image\" \/>\n<meta name=\"twitter:label1\" content=\"Price\" \/>\n\t<meta name=\"twitter:data1\" content=\"55.00&nbsp;MDL\" \/>\n\t<meta name=\"twitter:label2\" content=\"Availability\" \/>\n\t<meta name=\"twitter:data2\" content=\"In stock\" \/>\n<script type=\"application\/ld+json\" class=\"yoast-schema-graph\">{\"@context\":\"https:\\\/\\\/schema.org\",\"@graph\":[{\"@type\":\"WebPage\",\"@id\":\"https:\\\/\\\/abn.md\\\/en\\\/product\\\/pasat-150-7-mm-roh\\\/\",\"url\":\"https:\\\/\\\/abn.md\\\/en\\\/product\\\/pasat-150-7-mm-roh\\\/\",\"name\":\"Pasat 15*0.7 mm (ROH) - ABN\",\"isPartOf\":{\"@id\":\"https:\\\/\\\/abn.md\\\/en\\\/#website\"},\"primaryImageOfPage\":{\"@id\":\"https:\\\/\\\/abn.md\\\/en\\\/product\\\/pasat-150-7-mm-roh\\\/#primaryimage\"},\"image\":{\"@id\":\"https:\\\/\\\/abn.md\\\/en\\\/product\\\/pasat-150-7-mm-roh\\\/#primaryimage\"},\"thumbnailUrl\":\"https:\\\/\\\/abn.md\\\/wp-content\\\/uploads\\\/2024\\\/04\\\/goln8as57_.jpg\",\"datePublished\":\"2024-04-10T12:53:45+00:00\",\"dateModified\":\"2024-04-10T13:35:54+00:00\",\"description\":\"Cu ajutorul drujbelor de t&acirc;mpl\u0103rie Fenes Pasat, se execut\u0103 t\u0103ierea curbiliniar\u0103 (figurat\u0103) \u0219i dreapt\u0103 a lemnului, sc&acirc;nduri groase, placaj,\",\"breadcrumb\":{\"@id\":\"https:\\\/\\\/abn.md\\\/en\\\/product\\\/pasat-150-7-mm-roh\\\/#breadcrumb\"},\"inLanguage\":\"en-US\",\"potentialAction\":[{\"@type\":\"ReadAction\",\"target\":[\"https:\\\/\\\/abn.md\\\/en\\\/product\\\/pasat-150-7-mm-roh\\\/\"]}]},{\"@type\":\"ImageObject\",\"inLanguage\":\"en-US\",\"@id\":\"https:\\\/\\\/abn.md\\\/en\\\/product\\\/pasat-150-7-mm-roh\\\/#primaryimage\",\"url\":\"https:\\\/\\\/abn.md\\\/wp-content\\\/uploads\\\/2024\\\/04\\\/goln8as57_.jpg\",\"contentUrl\":\"https:\\\/\\\/abn.md\\\/wp-content\\\/uploads\\\/2024\\\/04\\\/goln8as57_.jpg\",\"width\":917,\"height\":1113},{\"@type\":\"BreadcrumbList\",\"@id\":\"https:\\\/\\\/abn.md\\\/en\\\/product\\\/pasat-150-7-mm-roh\\\/#breadcrumb\",\"itemListElement\":[{\"@type\":\"ListItem\",\"position\":1,\"name\":\"Home\",\"item\":\"https:\\\/\\\/abn.md\\\/en\\\/\"},{\"@type\":\"ListItem\",\"position\":2,\"name\":\"Shop\",\"item\":\"https:\\\/\\\/abn.md\\\/en\\\/catalog\\\/\"},{\"@type\":\"ListItem\",\"position\":3,\"name\":\"Pasat 15*0.7 mm (ROH)\"}]},{\"@type\":\"WebSite\",\"@id\":\"https:\\\/\\\/abn.md\\\/en\\\/#website\",\"url\":\"https:\\\/\\\/abn.md\\\/en\\\/\",\"name\":\"ABN\",\"description\":\"CENTRUL DE ECHIPAMENT \u0218I TEHNOLOGII\",\"publisher\":{\"@id\":\"https:\\\/\\\/abn.md\\\/en\\\/#organization\"},\"potentialAction\":[{\"@type\":\"SearchAction\",\"target\":{\"@type\":\"EntryPoint\",\"urlTemplate\":\"https:\\\/\\\/abn.md\\\/en\\\/?s={search_term_string}\"},\"query-input\":{\"@type\":\"PropertyValueSpecification\",\"valueRequired\":true,\"valueName\":\"search_term_string\"}}],\"inLanguage\":\"en-US\"},{\"@type\":\"Organization\",\"@id\":\"https:\\\/\\\/abn.md\\\/en\\\/#organization\",\"name\":\"ABN\",\"url\":\"https:\\\/\\\/abn.md\\\/en\\\/\",\"logo\":{\"@type\":\"ImageObject\",\"inLanguage\":\"en-US\",\"@id\":\"https:\\\/\\\/abn.md\\\/en\\\/#\\\/schema\\\/logo\\\/image\\\/\",\"url\":\"https:\\\/\\\/abn.md\\\/wp-content\\\/uploads\\\/2024\\\/03\\\/logo.png\",\"contentUrl\":\"https:\\\/\\\/abn.md\\\/wp-content\\\/uploads\\\/2024\\\/03\\\/logo.png\",\"width\":159,\"height\":112,\"caption\":\"ABN\"},\"image\":{\"@id\":\"https:\\\/\\\/abn.md\\\/en\\\/#\\\/schema\\\/logo\\\/image\\\/\"}}]}<\/script>\n<meta property=\"product:price:amount\" content=\"55.00\" \/>\n<meta property=\"product:price:currency\" content=\"MDL\" \/>\n<meta property=\"og:availability\" content=\"instock\" \/>\n<meta property=\"product:availability\" content=\"instock\" \/>\n<meta property=\"product:retailer_item_id\" content=\"26657d5ff902\" \/>\n<meta property=\"product:condition\" content=\"new\" \/>\n<!-- \/ Yoast SEO Premium plugin. -->","yoast_head_json":{"title":"Pasat 15*0.7 mm (ROH) - ABN","description":"Cu ajutorul drujbelor de t&acirc;mpl\u0103rie Fenes Pasat, se execut\u0103 t\u0103ierea curbiliniar\u0103 (figurat\u0103) \u0219i dreapt\u0103 a lemnului, sc&acirc;nduri groase, placaj,","robots":{"index":"index","follow":"follow","max-snippet":"max-snippet:-1","max-image-preview":"max-image-preview:large","max-video-preview":"max-video-preview:-1"},"canonical":"https:\/\/abn.md\/en\/product\/pasat-150-7-mm-roh\/","og_locale":"en_US","og_type":"article","og_title":"Pasat 15*0.7 mm (ROH)","og_description":"Cu ajutorul drujbelor de t&acirc;mpl\u0103rie Fenes Pasat, se execut\u0103 t\u0103ierea curbiliniar\u0103 (figurat\u0103) \u0219i dreapt\u0103 a lemnului, sc&acirc;nduri groase, placaj,","og_url":"https:\/\/abn.md\/en\/product\/pasat-150-7-mm-roh\/","og_site_name":"ABN","article_modified_time":"2024-04-10T13:35:54+00:00","og_image":[{"width":917,"height":1113,"url":"https:\/\/abn.md\/wp-content\/uploads\/2024\/04\/goln8as57_.jpg","type":"image\/jpeg"}],"twitter_card":"summary_large_image","twitter_misc":{"Price":"55.00&nbsp;MDL","Availability":"In stock"},"schema":{"@context":"https:\/\/schema.org","@graph":[{"@type":"WebPage","@id":"https:\/\/abn.md\/en\/product\/pasat-150-7-mm-roh\/","url":"https:\/\/abn.md\/en\/product\/pasat-150-7-mm-roh\/","name":"Pasat 15*0.7 mm (ROH) - ABN","isPartOf":{"@id":"https:\/\/abn.md\/en\/#website"},"primaryImageOfPage":{"@id":"https:\/\/abn.md\/en\/product\/pasat-150-7-mm-roh\/#primaryimage"},"image":{"@id":"https:\/\/abn.md\/en\/product\/pasat-150-7-mm-roh\/#primaryimage"},"thumbnailUrl":"https:\/\/abn.md\/wp-content\/uploads\/2024\/04\/goln8as57_.jpg","datePublished":"2024-04-10T12:53:45+00:00","dateModified":"2024-04-10T13:35:54+00:00","description":"Cu ajutorul drujbelor de t&acirc;mpl\u0103rie Fenes Pasat, se execut\u0103 t\u0103ierea curbiliniar\u0103 (figurat\u0103) \u0219i dreapt\u0103 a lemnului, sc&acirc;nduri groase, placaj,","breadcrumb":{"@id":"https:\/\/abn.md\/en\/product\/pasat-150-7-mm-roh\/#breadcrumb"},"inLanguage":"en-US","potentialAction":[{"@type":"ReadAction","target":["https:\/\/abn.md\/en\/product\/pasat-150-7-mm-roh\/"]}]},{"@type":"ImageObject","inLanguage":"en-US","@id":"https:\/\/abn.md\/en\/product\/pasat-150-7-mm-roh\/#primaryimage","url":"https:\/\/abn.md\/wp-content\/uploads\/2024\/04\/goln8as57_.jpg","contentUrl":"https:\/\/abn.md\/wp-content\/uploads\/2024\/04\/goln8as57_.jpg","width":917,"height":1113},{"@type":"BreadcrumbList","@id":"https:\/\/abn.md\/en\/product\/pasat-150-7-mm-roh\/#breadcrumb","itemListElement":[{"@type":"ListItem","position":1,"name":"Home","item":"https:\/\/abn.md\/en\/"},{"@type":"ListItem","position":2,"name":"Shop","item":"https:\/\/abn.md\/en\/catalog\/"},{"@type":"ListItem","position":3,"name":"Pasat 15*0.7 mm (ROH)"}]},{"@type":"WebSite","@id":"https:\/\/abn.md\/en\/#website","url":"https:\/\/abn.md\/en\/","name":"ABN","description":"CENTRUL DE ECHIPAMENT \u0218I TEHNOLOGII","publisher":{"@id":"https:\/\/abn.md\/en\/#organization"},"potentialAction":[{"@type":"SearchAction","target":{"@type":"EntryPoint","urlTemplate":"https:\/\/abn.md\/en\/?s={search_term_string}"},"query-input":{"@type":"PropertyValueSpecification","valueRequired":true,"valueName":"search_term_string"}}],"inLanguage":"en-US"},{"@type":"Organization","@id":"https:\/\/abn.md\/en\/#organization","name":"ABN","url":"https:\/\/abn.md\/en\/","logo":{"@type":"ImageObject","inLanguage":"en-US","@id":"https:\/\/abn.md\/en\/#\/schema\/logo\/image\/","url":"https:\/\/abn.md\/wp-content\/uploads\/2024\/03\/logo.png","contentUrl":"https:\/\/abn.md\/wp-content\/uploads\/2024\/03\/logo.png","width":159,"height":112,"caption":"ABN"},"image":{"@id":"https:\/\/abn.md\/en\/#\/schema\/logo\/image\/"}}]},"product_price_amount":"55.00","product_price_currency":"MDL","og_availability":"instock","product_availability":"instock","product_retailer_item_id":"26657d5ff902","product_condition":"new"},"_links":{"self":[{"href":"https:\/\/abn.md\/en\/wp-json\/wp\/v2\/product\/17537","targetHints":{"allow":["GET"]}}],"collection":[{"href":"https:\/\/abn.md\/en\/wp-json\/wp\/v2\/product"}],"about":[{"href":"https:\/\/abn.md\/en\/wp-json\/wp\/v2\/types\/product"}],"version-history":[{"count":0,"href":"https:\/\/abn.md\/en\/wp-json\/wp\/v2\/product\/17537\/revisions"}],"wp:featuredmedia":[{"embeddable":true,"href":"https:\/\/abn.md\/en\/wp-json\/wp\/v2\/media\/16642"}],"wp:attachment":[{"href":"https:\/\/abn.md\/en\/wp-json\/wp\/v2\/media?parent=17537"}],"wp:term":[{"taxonomy":"product_brand","embeddable":true,"href":"https:\/\/abn.md\/en\/wp-json\/wp\/v2\/product_brand?post=17537"},{"taxonomy":"product_cat","embeddable":true,"href":"https:\/\/abn.md\/en\/wp-json\/wp\/v2\/product_cat?post=17537"},{"taxonomy":"product_tag","embeddable":true,"href":"https:\/\/abn.md\/en\/wp-json\/wp\/v2\/product_tag?post=17537"}],"curies":[{"name":"wp","href":"https:\/\/api.w.org\/{rel}","templated":true}]}}