{"id":17551,"date":"2024-04-10T15:54:06","date_gmt":"2024-04-10T12:54:06","guid":{"rendered":"https:\/\/abn.md\/product\/pasat-250-7-mm\/"},"modified":"2024-04-10T16:36:03","modified_gmt":"2024-04-10T13:36:03","slug":"pasat-250-7-mm","status":"publish","type":"product","link":"https:\/\/abn.md\/en\/product\/pasat-250-7-mm\/","title":{"rendered":"Pasat 25*0.7 mm."},"content":{"rendered":"<p><span style=\"background-color:rgb(255, 255, 255); color:rgb(54, 54, 54); font-family:roboto light; font-size:20px\">&nbsp;Cu\u021bitele cu band\u0103 de h&acirc;rtie sunt o lam\u0103 multifunc\u021bional\u0103 care poate fi utilizat\u0103 pentru prelucrarea textilelor, a spumei de cauciuc, a \u021bes\u0103turii \u0219i a spumei. Datorit\u0103 muchiei ascu\u021bite, se efectueaz\u0103 o t\u0103ietur\u0103 dreapt\u0103 cu o suprafa\u021b\u0103 neted\u0103.<\/span><\/p>\n","protected":false},"excerpt":{"rendered":"<p>&nbsp;Cu\u021bitele cu band\u0103 de h&acirc;rtie sunt o lam\u0103 multifunc\u021bional\u0103 care poate fi utilizat\u0103 pentru prelucrarea textilelor, a spumei de cauciuc,<\/p>\n","protected":false},"featured_media":16677,"template":"","meta":{"rs_blank_template":"","rs_page_bg_color":"","slide_template_v7":""},"product_brand":[],"product_cat":[736],"product_tag":[],"class_list":{"0":"post-17551","1":"product","2":"type-product","3":"status-publish","4":"has-post-thumbnail","6":"product_cat-cutite-de-banda-pentru-hartie-band-saws","8":"first","9":"instock","10":"purchasable","11":"product-type-simple"},"yoast_head":"<!-- This site is optimized with the Yoast SEO Premium plugin v27.3 (Yoast SEO v27.4) - https:\/\/yoast.com\/product\/yoast-seo-premium-wordpress\/ -->\n<title>Pasat 25*0.7 mm. - ABN<\/title>\n<meta name=\"description\" content=\"&nbsp;Cu\u021bitele cu band\u0103 de h&acirc;rtie sunt o lam\u0103 multifunc\u021bional\u0103 care poate fi utilizat\u0103 pentru prelucrarea textilelor, a spumei de cauciuc, a\" \/>\n<meta name=\"robots\" content=\"index, follow, max-snippet:-1, max-image-preview:large, max-video-preview:-1\" \/>\n<link rel=\"canonical\" href=\"https:\/\/abn.md\/en\/product\/pasat-250-7-mm\/\" \/>\n<meta property=\"og:locale\" content=\"en_US\" \/>\n<meta property=\"og:type\" content=\"article\" \/>\n<meta property=\"og:title\" content=\"Pasat 25*0.7 mm.\" \/>\n<meta property=\"og:description\" content=\"&nbsp;Cu\u021bitele cu band\u0103 de h&acirc;rtie sunt o lam\u0103 multifunc\u021bional\u0103 care poate fi utilizat\u0103 pentru prelucrarea textilelor, a spumei de cauciuc, a\" \/>\n<meta property=\"og:url\" content=\"https:\/\/abn.md\/en\/product\/pasat-250-7-mm\/\" \/>\n<meta property=\"og:site_name\" content=\"ABN\" \/>\n<meta property=\"article:modified_time\" content=\"2024-04-10T13:36:03+00:00\" \/>\n<meta property=\"og:image\" content=\"https:\/\/abn.md\/wp-content\/uploads\/2024\/04\/dr3t1_oheu.jpg\" \/>\n\t<meta property=\"og:image:width\" content=\"247\" \/>\n\t<meta property=\"og:image:height\" content=\"191\" \/>\n\t<meta property=\"og:image:type\" content=\"image\/jpeg\" \/>\n<meta name=\"twitter:card\" content=\"summary_large_image\" \/>\n<meta name=\"twitter:label1\" content=\"Price\" \/>\n\t<meta name=\"twitter:data1\" content=\"65.00&nbsp;MDL\" \/>\n\t<meta name=\"twitter:label2\" content=\"Availability\" \/>\n\t<meta name=\"twitter:data2\" content=\"In stock\" \/>\n<script type=\"application\/ld+json\" class=\"yoast-schema-graph\">{\"@context\":\"https:\\\/\\\/schema.org\",\"@graph\":[{\"@type\":\"WebPage\",\"@id\":\"https:\\\/\\\/abn.md\\\/en\\\/product\\\/pasat-250-7-mm\\\/\",\"url\":\"https:\\\/\\\/abn.md\\\/en\\\/product\\\/pasat-250-7-mm\\\/\",\"name\":\"Pasat 25*0.7 mm. - ABN\",\"isPartOf\":{\"@id\":\"https:\\\/\\\/abn.md\\\/en\\\/#website\"},\"primaryImageOfPage\":{\"@id\":\"https:\\\/\\\/abn.md\\\/en\\\/product\\\/pasat-250-7-mm\\\/#primaryimage\"},\"image\":{\"@id\":\"https:\\\/\\\/abn.md\\\/en\\\/product\\\/pasat-250-7-mm\\\/#primaryimage\"},\"thumbnailUrl\":\"https:\\\/\\\/abn.md\\\/wp-content\\\/uploads\\\/2024\\\/04\\\/dr3t1_oheu.jpg\",\"datePublished\":\"2024-04-10T12:54:06+00:00\",\"dateModified\":\"2024-04-10T13:36:03+00:00\",\"description\":\"&nbsp;Cu\u021bitele cu band\u0103 de h&acirc;rtie sunt o lam\u0103 multifunc\u021bional\u0103 care poate fi utilizat\u0103 pentru prelucrarea textilelor, a spumei de cauciuc, a\",\"breadcrumb\":{\"@id\":\"https:\\\/\\\/abn.md\\\/en\\\/product\\\/pasat-250-7-mm\\\/#breadcrumb\"},\"inLanguage\":\"en-US\",\"potentialAction\":[{\"@type\":\"ReadAction\",\"target\":[\"https:\\\/\\\/abn.md\\\/en\\\/product\\\/pasat-250-7-mm\\\/\"]}]},{\"@type\":\"ImageObject\",\"inLanguage\":\"en-US\",\"@id\":\"https:\\\/\\\/abn.md\\\/en\\\/product\\\/pasat-250-7-mm\\\/#primaryimage\",\"url\":\"https:\\\/\\\/abn.md\\\/wp-content\\\/uploads\\\/2024\\\/04\\\/dr3t1_oheu.jpg\",\"contentUrl\":\"https:\\\/\\\/abn.md\\\/wp-content\\\/uploads\\\/2024\\\/04\\\/dr3t1_oheu.jpg\",\"width\":247,\"height\":191},{\"@type\":\"BreadcrumbList\",\"@id\":\"https:\\\/\\\/abn.md\\\/en\\\/product\\\/pasat-250-7-mm\\\/#breadcrumb\",\"itemListElement\":[{\"@type\":\"ListItem\",\"position\":1,\"name\":\"Home\",\"item\":\"https:\\\/\\\/abn.md\\\/en\\\/\"},{\"@type\":\"ListItem\",\"position\":2,\"name\":\"Shop\",\"item\":\"https:\\\/\\\/abn.md\\\/en\\\/catalog\\\/\"},{\"@type\":\"ListItem\",\"position\":3,\"name\":\"Pasat 25*0.7 mm.\"}]},{\"@type\":\"WebSite\",\"@id\":\"https:\\\/\\\/abn.md\\\/en\\\/#website\",\"url\":\"https:\\\/\\\/abn.md\\\/en\\\/\",\"name\":\"ABN\",\"description\":\"CENTRUL DE ECHIPAMENT \u0218I TEHNOLOGII\",\"publisher\":{\"@id\":\"https:\\\/\\\/abn.md\\\/en\\\/#organization\"},\"potentialAction\":[{\"@type\":\"SearchAction\",\"target\":{\"@type\":\"EntryPoint\",\"urlTemplate\":\"https:\\\/\\\/abn.md\\\/en\\\/?s={search_term_string}\"},\"query-input\":{\"@type\":\"PropertyValueSpecification\",\"valueRequired\":true,\"valueName\":\"search_term_string\"}}],\"inLanguage\":\"en-US\"},{\"@type\":\"Organization\",\"@id\":\"https:\\\/\\\/abn.md\\\/en\\\/#organization\",\"name\":\"ABN\",\"url\":\"https:\\\/\\\/abn.md\\\/en\\\/\",\"logo\":{\"@type\":\"ImageObject\",\"inLanguage\":\"en-US\",\"@id\":\"https:\\\/\\\/abn.md\\\/en\\\/#\\\/schema\\\/logo\\\/image\\\/\",\"url\":\"https:\\\/\\\/abn.md\\\/wp-content\\\/uploads\\\/2024\\\/03\\\/logo.png\",\"contentUrl\":\"https:\\\/\\\/abn.md\\\/wp-content\\\/uploads\\\/2024\\\/03\\\/logo.png\",\"width\":159,\"height\":112,\"caption\":\"ABN\"},\"image\":{\"@id\":\"https:\\\/\\\/abn.md\\\/en\\\/#\\\/schema\\\/logo\\\/image\\\/\"}}]}<\/script>\n<meta property=\"product:price:amount\" content=\"65.00\" \/>\n<meta property=\"product:price:currency\" content=\"MDL\" \/>\n<meta property=\"og:availability\" content=\"instock\" \/>\n<meta property=\"product:availability\" content=\"instock\" \/>\n<meta property=\"product:retailer_item_id\" content=\"6974ce5ac660\" \/>\n<meta property=\"product:condition\" content=\"new\" \/>\n<!-- \/ Yoast SEO Premium plugin. -->","yoast_head_json":{"title":"Pasat 25*0.7 mm. - ABN","description":"&nbsp;Cu\u021bitele cu band\u0103 de h&acirc;rtie sunt o lam\u0103 multifunc\u021bional\u0103 care poate fi utilizat\u0103 pentru prelucrarea textilelor, a spumei de cauciuc, a","robots":{"index":"index","follow":"follow","max-snippet":"max-snippet:-1","max-image-preview":"max-image-preview:large","max-video-preview":"max-video-preview:-1"},"canonical":"https:\/\/abn.md\/en\/product\/pasat-250-7-mm\/","og_locale":"en_US","og_type":"article","og_title":"Pasat 25*0.7 mm.","og_description":"&nbsp;Cu\u021bitele cu band\u0103 de h&acirc;rtie sunt o lam\u0103 multifunc\u021bional\u0103 care poate fi utilizat\u0103 pentru prelucrarea textilelor, a spumei de cauciuc, a","og_url":"https:\/\/abn.md\/en\/product\/pasat-250-7-mm\/","og_site_name":"ABN","article_modified_time":"2024-04-10T13:36:03+00:00","og_image":[{"width":247,"height":191,"url":"https:\/\/abn.md\/wp-content\/uploads\/2024\/04\/dr3t1_oheu.jpg","type":"image\/jpeg"}],"twitter_card":"summary_large_image","twitter_misc":{"Price":"65.00&nbsp;MDL","Availability":"In stock"},"schema":{"@context":"https:\/\/schema.org","@graph":[{"@type":"WebPage","@id":"https:\/\/abn.md\/en\/product\/pasat-250-7-mm\/","url":"https:\/\/abn.md\/en\/product\/pasat-250-7-mm\/","name":"Pasat 25*0.7 mm. - ABN","isPartOf":{"@id":"https:\/\/abn.md\/en\/#website"},"primaryImageOfPage":{"@id":"https:\/\/abn.md\/en\/product\/pasat-250-7-mm\/#primaryimage"},"image":{"@id":"https:\/\/abn.md\/en\/product\/pasat-250-7-mm\/#primaryimage"},"thumbnailUrl":"https:\/\/abn.md\/wp-content\/uploads\/2024\/04\/dr3t1_oheu.jpg","datePublished":"2024-04-10T12:54:06+00:00","dateModified":"2024-04-10T13:36:03+00:00","description":"&nbsp;Cu\u021bitele cu band\u0103 de h&acirc;rtie sunt o lam\u0103 multifunc\u021bional\u0103 care poate fi utilizat\u0103 pentru prelucrarea textilelor, a spumei de cauciuc, a","breadcrumb":{"@id":"https:\/\/abn.md\/en\/product\/pasat-250-7-mm\/#breadcrumb"},"inLanguage":"en-US","potentialAction":[{"@type":"ReadAction","target":["https:\/\/abn.md\/en\/product\/pasat-250-7-mm\/"]}]},{"@type":"ImageObject","inLanguage":"en-US","@id":"https:\/\/abn.md\/en\/product\/pasat-250-7-mm\/#primaryimage","url":"https:\/\/abn.md\/wp-content\/uploads\/2024\/04\/dr3t1_oheu.jpg","contentUrl":"https:\/\/abn.md\/wp-content\/uploads\/2024\/04\/dr3t1_oheu.jpg","width":247,"height":191},{"@type":"BreadcrumbList","@id":"https:\/\/abn.md\/en\/product\/pasat-250-7-mm\/#breadcrumb","itemListElement":[{"@type":"ListItem","position":1,"name":"Home","item":"https:\/\/abn.md\/en\/"},{"@type":"ListItem","position":2,"name":"Shop","item":"https:\/\/abn.md\/en\/catalog\/"},{"@type":"ListItem","position":3,"name":"Pasat 25*0.7 mm."}]},{"@type":"WebSite","@id":"https:\/\/abn.md\/en\/#website","url":"https:\/\/abn.md\/en\/","name":"ABN","description":"CENTRUL DE ECHIPAMENT \u0218I TEHNOLOGII","publisher":{"@id":"https:\/\/abn.md\/en\/#organization"},"potentialAction":[{"@type":"SearchAction","target":{"@type":"EntryPoint","urlTemplate":"https:\/\/abn.md\/en\/?s={search_term_string}"},"query-input":{"@type":"PropertyValueSpecification","valueRequired":true,"valueName":"search_term_string"}}],"inLanguage":"en-US"},{"@type":"Organization","@id":"https:\/\/abn.md\/en\/#organization","name":"ABN","url":"https:\/\/abn.md\/en\/","logo":{"@type":"ImageObject","inLanguage":"en-US","@id":"https:\/\/abn.md\/en\/#\/schema\/logo\/image\/","url":"https:\/\/abn.md\/wp-content\/uploads\/2024\/03\/logo.png","contentUrl":"https:\/\/abn.md\/wp-content\/uploads\/2024\/03\/logo.png","width":159,"height":112,"caption":"ABN"},"image":{"@id":"https:\/\/abn.md\/en\/#\/schema\/logo\/image\/"}}]},"product_price_amount":"65.00","product_price_currency":"MDL","og_availability":"instock","product_availability":"instock","product_retailer_item_id":"6974ce5ac660","product_condition":"new"},"_links":{"self":[{"href":"https:\/\/abn.md\/en\/wp-json\/wp\/v2\/product\/17551","targetHints":{"allow":["GET"]}}],"collection":[{"href":"https:\/\/abn.md\/en\/wp-json\/wp\/v2\/product"}],"about":[{"href":"https:\/\/abn.md\/en\/wp-json\/wp\/v2\/types\/product"}],"version-history":[{"count":0,"href":"https:\/\/abn.md\/en\/wp-json\/wp\/v2\/product\/17551\/revisions"}],"wp:featuredmedia":[{"embeddable":true,"href":"https:\/\/abn.md\/en\/wp-json\/wp\/v2\/media\/16677"}],"wp:attachment":[{"href":"https:\/\/abn.md\/en\/wp-json\/wp\/v2\/media?parent=17551"}],"wp:term":[{"taxonomy":"product_brand","embeddable":true,"href":"https:\/\/abn.md\/en\/wp-json\/wp\/v2\/product_brand?post=17551"},{"taxonomy":"product_cat","embeddable":true,"href":"https:\/\/abn.md\/en\/wp-json\/wp\/v2\/product_cat?post=17551"},{"taxonomy":"product_tag","embeddable":true,"href":"https:\/\/abn.md\/en\/wp-json\/wp\/v2\/product_tag?post=17551"}],"curies":[{"name":"wp","href":"https:\/\/api.w.org\/{rel}","templated":true}]}}