{"id":17595,"date":"2024-04-10T15:54:46","date_gmt":"2024-04-10T12:54:46","guid":{"rendered":"https:\/\/abn.md\/product\/lama-de-ferastrau-lu3d-0600-300x30-32-22-z-96-freud\/"},"modified":"2024-04-10T16:36:26","modified_gmt":"2024-04-10T13:36:26","slug":"lama-de-ferastrau-lu3d-0600-300x30-32-22-z-96-freud","status":"publish","type":"product","link":"https:\/\/abn.md\/en\/product\/lama-de-ferastrau-lu3d-0600-300x30-32-22-z-96-freud\/","title":{"rendered":"Lama de fer\u0103str\u0103u LU3D 0600 300&#215;30 * 3,2 \/ 2,2 Z = 96 (Freud)"},"content":{"rendered":"<p><span style=\"background-color:rgb(248, 249, 250); color:rgb(32, 33, 36); font-family:google sans,arial,sans-serif; font-size:20px\">Lama de fer\u0103str\u0103u din carbur\u0103 pentru panouri laminate din seria LU3D fabricat\u0103 de FREUD (Italia) este o lam\u0103 de fer\u0103str\u0103u pentru t\u0103ierea panourilor laminate, &icirc;n special pentru panouri acoperite cu melamin\u0103, cu o calitate bun\u0103 \u0219i resurse lungi. Se folose\u0219te pe ma\u0219ini de t\u0103iat format circular, orizontal. Forma dintelui &#8211; dinte drept, trapezoidal, cu un unghi de greblare pozitiv. Fer\u0103str\u0103ul are g\u0103uri suplimentare 2\/7\/42 + 2\/9 \/ 46,4 + 2\/10\/60. Diametrul exterior al fer\u0103str\u0103ului este de 300 mm. L\u0103\u021bime de t\u0103iere 3,2 mm. Grosimea p&acirc;nzei (corpului) este de 2,2 mm. Diametru montaj 30mm. Num\u0103rul de din\u021bi 96 buc. Formular de &icirc;nregistrare 300 &times; 3,2 \/ 2,2 &times; 30 Z = 96 (articolul LU3D 0600).<\/span><\/p>\n","protected":false},"excerpt":{"rendered":"<p>Lama de fer\u0103str\u0103u din carbur\u0103 pentru panouri laminate din seria LU3D fabricat\u0103 de FREUD (Italia) este o lam\u0103 de fer\u0103str\u0103u<\/p>\n","protected":false},"featured_media":16786,"template":"","meta":{"rs_blank_template":"","rs_page_bg_color":"","slide_template_v7":""},"product_brand":[],"product_cat":[740],"product_tag":[],"class_list":{"0":"post-17595","1":"product","2":"type-product","3":"status-publish","4":"has-post-thumbnail","6":"product_cat-ferastraie-circulare-pentru-taierea-laminatului-ferastraie-circulare","8":"first","9":"instock","10":"purchasable","11":"product-type-simple"},"yoast_head":"<!-- This site is optimized with the Yoast SEO Premium plugin v27.3 (Yoast SEO v27.4) - https:\/\/yoast.com\/product\/yoast-seo-premium-wordpress\/ -->\n<title>Lama de fer\u0103str\u0103u LU3D 0600 300x30 * 3,2 \/ 2,2 Z = 96 (Freud) - ABN<\/title>\n<meta name=\"description\" content=\"Lama de fer\u0103str\u0103u din carbur\u0103 pentru panouri laminate din seria LU3D fabricat\u0103 de FREUD (Italia) este o lam\u0103 de fer\u0103str\u0103u pentru t\u0103ierea panourilor\" \/>\n<meta name=\"robots\" content=\"index, follow, max-snippet:-1, max-image-preview:large, max-video-preview:-1\" \/>\n<link rel=\"canonical\" href=\"https:\/\/abn.md\/en\/product\/lama-de-ferastrau-lu3d-0600-300x30-32-22-z-96-freud\/\" \/>\n<meta property=\"og:locale\" content=\"en_US\" \/>\n<meta property=\"og:type\" content=\"article\" \/>\n<meta property=\"og:title\" content=\"Lama de fer\u0103str\u0103u LU3D 0600 300x30 * 3,2 \/ 2,2 Z = 96 (Freud)\" \/>\n<meta property=\"og:description\" content=\"Lama de fer\u0103str\u0103u din carbur\u0103 pentru panouri laminate din seria LU3D fabricat\u0103 de FREUD (Italia) este o lam\u0103 de fer\u0103str\u0103u pentru t\u0103ierea panourilor\" \/>\n<meta property=\"og:url\" content=\"https:\/\/abn.md\/en\/product\/lama-de-ferastrau-lu3d-0600-300x30-32-22-z-96-freud\/\" \/>\n<meta property=\"og:site_name\" content=\"ABN\" \/>\n<meta property=\"article:modified_time\" content=\"2024-04-10T13:36:26+00:00\" \/>\n<meta property=\"og:image\" content=\"https:\/\/abn.md\/wp-content\/uploads\/2024\/04\/5nn9vmy7_3.jpg\" \/>\n\t<meta property=\"og:image:width\" content=\"483\" \/>\n\t<meta property=\"og:image:height\" content=\"471\" \/>\n\t<meta property=\"og:image:type\" content=\"image\/jpeg\" \/>\n<meta name=\"twitter:card\" content=\"summary_large_image\" \/>\n<meta name=\"twitter:label1\" content=\"Price\" \/>\n\t<meta name=\"twitter:data1\" content=\"1 432.60&nbsp;MDL\" \/>\n\t<meta name=\"twitter:label2\" content=\"Availability\" \/>\n\t<meta name=\"twitter:data2\" content=\"In stock\" \/>\n<script type=\"application\/ld+json\" class=\"yoast-schema-graph\">{\"@context\":\"https:\\\/\\\/schema.org\",\"@graph\":[{\"@type\":\"WebPage\",\"@id\":\"https:\\\/\\\/abn.md\\\/en\\\/product\\\/lama-de-ferastrau-lu3d-0600-300x30-32-22-z-96-freud\\\/\",\"url\":\"https:\\\/\\\/abn.md\\\/en\\\/product\\\/lama-de-ferastrau-lu3d-0600-300x30-32-22-z-96-freud\\\/\",\"name\":\"Lama de fer\u0103str\u0103u LU3D 0600 300x30 * 3,2 \\\/ 2,2 Z = 96 (Freud) - ABN\",\"isPartOf\":{\"@id\":\"https:\\\/\\\/abn.md\\\/en\\\/#website\"},\"primaryImageOfPage\":{\"@id\":\"https:\\\/\\\/abn.md\\\/en\\\/product\\\/lama-de-ferastrau-lu3d-0600-300x30-32-22-z-96-freud\\\/#primaryimage\"},\"image\":{\"@id\":\"https:\\\/\\\/abn.md\\\/en\\\/product\\\/lama-de-ferastrau-lu3d-0600-300x30-32-22-z-96-freud\\\/#primaryimage\"},\"thumbnailUrl\":\"https:\\\/\\\/abn.md\\\/wp-content\\\/uploads\\\/2024\\\/04\\\/5nn9vmy7_3.jpg\",\"datePublished\":\"2024-04-10T12:54:46+00:00\",\"dateModified\":\"2024-04-10T13:36:26+00:00\",\"description\":\"Lama de fer\u0103str\u0103u din carbur\u0103 pentru panouri laminate din seria LU3D fabricat\u0103 de FREUD (Italia) este o lam\u0103 de fer\u0103str\u0103u pentru t\u0103ierea panourilor\",\"breadcrumb\":{\"@id\":\"https:\\\/\\\/abn.md\\\/en\\\/product\\\/lama-de-ferastrau-lu3d-0600-300x30-32-22-z-96-freud\\\/#breadcrumb\"},\"inLanguage\":\"en-US\",\"potentialAction\":[{\"@type\":\"ReadAction\",\"target\":[\"https:\\\/\\\/abn.md\\\/en\\\/product\\\/lama-de-ferastrau-lu3d-0600-300x30-32-22-z-96-freud\\\/\"]}]},{\"@type\":\"ImageObject\",\"inLanguage\":\"en-US\",\"@id\":\"https:\\\/\\\/abn.md\\\/en\\\/product\\\/lama-de-ferastrau-lu3d-0600-300x30-32-22-z-96-freud\\\/#primaryimage\",\"url\":\"https:\\\/\\\/abn.md\\\/wp-content\\\/uploads\\\/2024\\\/04\\\/5nn9vmy7_3.jpg\",\"contentUrl\":\"https:\\\/\\\/abn.md\\\/wp-content\\\/uploads\\\/2024\\\/04\\\/5nn9vmy7_3.jpg\",\"width\":483,\"height\":471},{\"@type\":\"BreadcrumbList\",\"@id\":\"https:\\\/\\\/abn.md\\\/en\\\/product\\\/lama-de-ferastrau-lu3d-0600-300x30-32-22-z-96-freud\\\/#breadcrumb\",\"itemListElement\":[{\"@type\":\"ListItem\",\"position\":1,\"name\":\"Home\",\"item\":\"https:\\\/\\\/abn.md\\\/en\\\/\"},{\"@type\":\"ListItem\",\"position\":2,\"name\":\"Shop\",\"item\":\"https:\\\/\\\/abn.md\\\/en\\\/catalog\\\/\"},{\"@type\":\"ListItem\",\"position\":3,\"name\":\"Lama de fer\u0103str\u0103u LU3D 0600 300&#215;30 * 3,2 \\\/ 2,2 Z = 96 (Freud)\"}]},{\"@type\":\"WebSite\",\"@id\":\"https:\\\/\\\/abn.md\\\/en\\\/#website\",\"url\":\"https:\\\/\\\/abn.md\\\/en\\\/\",\"name\":\"ABN\",\"description\":\"CENTRUL DE ECHIPAMENT \u0218I TEHNOLOGII\",\"publisher\":{\"@id\":\"https:\\\/\\\/abn.md\\\/en\\\/#organization\"},\"potentialAction\":[{\"@type\":\"SearchAction\",\"target\":{\"@type\":\"EntryPoint\",\"urlTemplate\":\"https:\\\/\\\/abn.md\\\/en\\\/?s={search_term_string}\"},\"query-input\":{\"@type\":\"PropertyValueSpecification\",\"valueRequired\":true,\"valueName\":\"search_term_string\"}}],\"inLanguage\":\"en-US\"},{\"@type\":\"Organization\",\"@id\":\"https:\\\/\\\/abn.md\\\/en\\\/#organization\",\"name\":\"ABN\",\"url\":\"https:\\\/\\\/abn.md\\\/en\\\/\",\"logo\":{\"@type\":\"ImageObject\",\"inLanguage\":\"en-US\",\"@id\":\"https:\\\/\\\/abn.md\\\/en\\\/#\\\/schema\\\/logo\\\/image\\\/\",\"url\":\"https:\\\/\\\/abn.md\\\/wp-content\\\/uploads\\\/2024\\\/03\\\/logo.png\",\"contentUrl\":\"https:\\\/\\\/abn.md\\\/wp-content\\\/uploads\\\/2024\\\/03\\\/logo.png\",\"width\":159,\"height\":112,\"caption\":\"ABN\"},\"image\":{\"@id\":\"https:\\\/\\\/abn.md\\\/en\\\/#\\\/schema\\\/logo\\\/image\\\/\"}}]}<\/script>\n<meta property=\"product:price:amount\" content=\"1432.60\" \/>\n<meta property=\"product:price:currency\" content=\"MDL\" \/>\n<meta property=\"og:availability\" content=\"instock\" \/>\n<meta property=\"product:availability\" content=\"instock\" \/>\n<meta property=\"product:retailer_item_id\" content=\"3def184ad8f4\" \/>\n<meta property=\"product:condition\" content=\"new\" \/>\n<!-- \/ Yoast SEO Premium plugin. -->","yoast_head_json":{"title":"Lama de fer\u0103str\u0103u LU3D 0600 300x30 * 3,2 \/ 2,2 Z = 96 (Freud) - ABN","description":"Lama de fer\u0103str\u0103u din carbur\u0103 pentru panouri laminate din seria LU3D fabricat\u0103 de FREUD (Italia) este o lam\u0103 de fer\u0103str\u0103u pentru t\u0103ierea panourilor","robots":{"index":"index","follow":"follow","max-snippet":"max-snippet:-1","max-image-preview":"max-image-preview:large","max-video-preview":"max-video-preview:-1"},"canonical":"https:\/\/abn.md\/en\/product\/lama-de-ferastrau-lu3d-0600-300x30-32-22-z-96-freud\/","og_locale":"en_US","og_type":"article","og_title":"Lama de fer\u0103str\u0103u LU3D 0600 300x30 * 3,2 \/ 2,2 Z = 96 (Freud)","og_description":"Lama de fer\u0103str\u0103u din carbur\u0103 pentru panouri laminate din seria LU3D fabricat\u0103 de FREUD (Italia) este o lam\u0103 de fer\u0103str\u0103u pentru t\u0103ierea panourilor","og_url":"https:\/\/abn.md\/en\/product\/lama-de-ferastrau-lu3d-0600-300x30-32-22-z-96-freud\/","og_site_name":"ABN","article_modified_time":"2024-04-10T13:36:26+00:00","og_image":[{"width":483,"height":471,"url":"https:\/\/abn.md\/wp-content\/uploads\/2024\/04\/5nn9vmy7_3.jpg","type":"image\/jpeg"}],"twitter_card":"summary_large_image","twitter_misc":{"Price":"1 432.60&nbsp;MDL","Availability":"In stock"},"schema":{"@context":"https:\/\/schema.org","@graph":[{"@type":"WebPage","@id":"https:\/\/abn.md\/en\/product\/lama-de-ferastrau-lu3d-0600-300x30-32-22-z-96-freud\/","url":"https:\/\/abn.md\/en\/product\/lama-de-ferastrau-lu3d-0600-300x30-32-22-z-96-freud\/","name":"Lama de fer\u0103str\u0103u LU3D 0600 300x30 * 3,2 \/ 2,2 Z = 96 (Freud) - ABN","isPartOf":{"@id":"https:\/\/abn.md\/en\/#website"},"primaryImageOfPage":{"@id":"https:\/\/abn.md\/en\/product\/lama-de-ferastrau-lu3d-0600-300x30-32-22-z-96-freud\/#primaryimage"},"image":{"@id":"https:\/\/abn.md\/en\/product\/lama-de-ferastrau-lu3d-0600-300x30-32-22-z-96-freud\/#primaryimage"},"thumbnailUrl":"https:\/\/abn.md\/wp-content\/uploads\/2024\/04\/5nn9vmy7_3.jpg","datePublished":"2024-04-10T12:54:46+00:00","dateModified":"2024-04-10T13:36:26+00:00","description":"Lama de fer\u0103str\u0103u din carbur\u0103 pentru panouri laminate din seria LU3D fabricat\u0103 de FREUD (Italia) este o lam\u0103 de fer\u0103str\u0103u pentru t\u0103ierea panourilor","breadcrumb":{"@id":"https:\/\/abn.md\/en\/product\/lama-de-ferastrau-lu3d-0600-300x30-32-22-z-96-freud\/#breadcrumb"},"inLanguage":"en-US","potentialAction":[{"@type":"ReadAction","target":["https:\/\/abn.md\/en\/product\/lama-de-ferastrau-lu3d-0600-300x30-32-22-z-96-freud\/"]}]},{"@type":"ImageObject","inLanguage":"en-US","@id":"https:\/\/abn.md\/en\/product\/lama-de-ferastrau-lu3d-0600-300x30-32-22-z-96-freud\/#primaryimage","url":"https:\/\/abn.md\/wp-content\/uploads\/2024\/04\/5nn9vmy7_3.jpg","contentUrl":"https:\/\/abn.md\/wp-content\/uploads\/2024\/04\/5nn9vmy7_3.jpg","width":483,"height":471},{"@type":"BreadcrumbList","@id":"https:\/\/abn.md\/en\/product\/lama-de-ferastrau-lu3d-0600-300x30-32-22-z-96-freud\/#breadcrumb","itemListElement":[{"@type":"ListItem","position":1,"name":"Home","item":"https:\/\/abn.md\/en\/"},{"@type":"ListItem","position":2,"name":"Shop","item":"https:\/\/abn.md\/en\/catalog\/"},{"@type":"ListItem","position":3,"name":"Lama de fer\u0103str\u0103u LU3D 0600 300&#215;30 * 3,2 \/ 2,2 Z = 96 (Freud)"}]},{"@type":"WebSite","@id":"https:\/\/abn.md\/en\/#website","url":"https:\/\/abn.md\/en\/","name":"ABN","description":"CENTRUL DE ECHIPAMENT \u0218I TEHNOLOGII","publisher":{"@id":"https:\/\/abn.md\/en\/#organization"},"potentialAction":[{"@type":"SearchAction","target":{"@type":"EntryPoint","urlTemplate":"https:\/\/abn.md\/en\/?s={search_term_string}"},"query-input":{"@type":"PropertyValueSpecification","valueRequired":true,"valueName":"search_term_string"}}],"inLanguage":"en-US"},{"@type":"Organization","@id":"https:\/\/abn.md\/en\/#organization","name":"ABN","url":"https:\/\/abn.md\/en\/","logo":{"@type":"ImageObject","inLanguage":"en-US","@id":"https:\/\/abn.md\/en\/#\/schema\/logo\/image\/","url":"https:\/\/abn.md\/wp-content\/uploads\/2024\/03\/logo.png","contentUrl":"https:\/\/abn.md\/wp-content\/uploads\/2024\/03\/logo.png","width":159,"height":112,"caption":"ABN"},"image":{"@id":"https:\/\/abn.md\/en\/#\/schema\/logo\/image\/"}}]},"product_price_amount":"1432.60","product_price_currency":"MDL","og_availability":"instock","product_availability":"instock","product_retailer_item_id":"3def184ad8f4","product_condition":"new"},"_links":{"self":[{"href":"https:\/\/abn.md\/en\/wp-json\/wp\/v2\/product\/17595","targetHints":{"allow":["GET"]}}],"collection":[{"href":"https:\/\/abn.md\/en\/wp-json\/wp\/v2\/product"}],"about":[{"href":"https:\/\/abn.md\/en\/wp-json\/wp\/v2\/types\/product"}],"version-history":[{"count":0,"href":"https:\/\/abn.md\/en\/wp-json\/wp\/v2\/product\/17595\/revisions"}],"wp:featuredmedia":[{"embeddable":true,"href":"https:\/\/abn.md\/en\/wp-json\/wp\/v2\/media\/16786"}],"wp:attachment":[{"href":"https:\/\/abn.md\/en\/wp-json\/wp\/v2\/media?parent=17595"}],"wp:term":[{"taxonomy":"product_brand","embeddable":true,"href":"https:\/\/abn.md\/en\/wp-json\/wp\/v2\/product_brand?post=17595"},{"taxonomy":"product_cat","embeddable":true,"href":"https:\/\/abn.md\/en\/wp-json\/wp\/v2\/product_cat?post=17595"},{"taxonomy":"product_tag","embeddable":true,"href":"https:\/\/abn.md\/en\/wp-json\/wp\/v2\/product_tag?post=17595"}],"curies":[{"name":"wp","href":"https:\/\/api.w.org\/{rel}","templated":true}]}}