{"id":17597,"date":"2024-04-10T15:54:46","date_gmt":"2024-04-10T12:54:46","guid":{"rendered":"https:\/\/abn.md\/product\/burghiu-placat-serie-308-l-575-s-o10-mm\/"},"modified":"2025-09-29T19:05:26","modified_gmt":"2025-09-29T16:05:26","slug":"burghiu-placat-serie-308-l-575-s-o10-mm","status":"publish","type":"product","link":"https:\/\/abn.md\/en\/product\/burghiu-placat-serie-308-l-575-s-o10-mm\/","title":{"rendered":"Burghiu placat  serie 308  L = 57,5 \u200b\u200bS = \u00d810 mm"},"content":{"rendered":"<p><span style=\"background-color:rgb(248, 249, 250); color:rgb(32, 33, 36); font-family:google sans,arial,sans-serif; font-size:20px\">Aplicare: burghiele \u0421MT din seria 308 sunt proiectate pentru g\u0103urirea lemnului dur, a panourilor pe baz\u0103 de lemn, a compozitelor \u0219i a laminatelor \u00een ma\u0219inile de g\u0103urit aditive.<\/span><\/p>\n<pre>&#13;\n<span style=\"font-size:20px\"><span style=\"font-family:times new roman,times,serif\">Caracteristici tehnice:&#13;\n&bull; o\u021bel ultra-puternic&#13;\n&bull; pies\u0103 &icirc;n spiral\u0103 acoperit\u0103 cu P.T.F.E. portocalie sau neagr\u0103&#13;\n&bull; lipire cu precizie echilibrat\u0103 a carburii HW&#13;\n&bull; dou\u0103 muchii t\u0103ietoare din carbur\u0103 Z2&#13;\n&bull; doi din\u021bi de scufundare V2&#13;\n&bull; patru flauturi spiralate (flauturi)&#13;\n&bull; coad\u0103 cilindric\u0103 cu un plat \u0219i capacitatea de a regla lungimea cu un \u0219urub<\/span><\/span><\/pre>\n<p>&#13;<\/p>\n","protected":false},"excerpt":{"rendered":"<p>Aplicare: burghiele \u0421MT din seria 308 sunt proiectate pentru g\u0103urirea lemnului dur, a panourilor pe baz\u0103 de lemn, a compozitelor<\/p>\n","protected":false},"featured_media":16791,"template":"","meta":{"rs_blank_template":"","rs_page_bg_color":"","slide_template_v7":""},"product_brand":[],"product_cat":[],"product_tag":[],"class_list":{"0":"post-17597","1":"product","2":"type-product","3":"status-publish","4":"has-post-thumbnail","7":"first","8":"instock","9":"purchasable","10":"product-type-simple"},"yoast_head":"<!-- This site is optimized with the Yoast SEO Premium plugin v27.3 (Yoast SEO v27.4) - https:\/\/yoast.com\/product\/yoast-seo-premium-wordpress\/ -->\n<title>Burghiu placat serie 308 L = 57,5 \u200b\u200bS = \u00d810 mm - ABN<\/title>\n<meta name=\"description\" content=\"Aplicare: burghiele \u0421MT din seria 308 sunt proiectate pentru g\u0103urirea lemnului dur, a panourilor pe baz\u0103 de lemn, a compozitelor \u0219i a laminatelor \u00een\" \/>\n<meta name=\"robots\" content=\"index, follow, max-snippet:-1, max-image-preview:large, max-video-preview:-1\" \/>\n<link rel=\"canonical\" href=\"https:\/\/abn.md\/en\/product\/burghiu-placat-serie-308-l-575-s-o10-mm\/\" \/>\n<meta property=\"og:locale\" content=\"en_US\" \/>\n<meta property=\"og:type\" content=\"article\" \/>\n<meta property=\"og:title\" content=\"Burghiu placat serie 308 L = 57,5 \u200b\u200bS = \u00d810 mm\" \/>\n<meta property=\"og:description\" content=\"Aplicare: burghiele \u0421MT din seria 308 sunt proiectate pentru g\u0103urirea lemnului dur, a panourilor pe baz\u0103 de lemn, a compozitelor \u0219i a laminatelor \u00een\" \/>\n<meta property=\"og:url\" content=\"https:\/\/abn.md\/en\/product\/burghiu-placat-serie-308-l-575-s-o10-mm\/\" \/>\n<meta property=\"og:site_name\" content=\"ABN\" \/>\n<meta property=\"article:modified_time\" content=\"2025-09-29T16:05:26+00:00\" \/>\n<meta property=\"og:image\" content=\"https:\/\/abn.md\/wp-content\/uploads\/2024\/04\/3mf_87ua1d.jpg\" \/>\n\t<meta property=\"og:image:width\" content=\"800\" \/>\n\t<meta property=\"og:image:height\" content=\"800\" \/>\n\t<meta property=\"og:image:type\" content=\"image\/jpeg\" \/>\n<meta name=\"twitter:card\" content=\"summary_large_image\" \/>\n<meta name=\"twitter:label1\" content=\"Price\" \/>\n\t<meta name=\"twitter:data1\" content=\"0.00&nbsp;MDL\" \/>\n\t<meta name=\"twitter:label2\" content=\"Availability\" \/>\n\t<meta name=\"twitter:data2\" content=\"In stock\" \/>\n<script type=\"application\/ld+json\" class=\"yoast-schema-graph\">{\"@context\":\"https:\\\/\\\/schema.org\",\"@graph\":[{\"@type\":\"WebPage\",\"@id\":\"https:\\\/\\\/abn.md\\\/en\\\/product\\\/burghiu-placat-serie-308-l-575-s-o10-mm\\\/\",\"url\":\"https:\\\/\\\/abn.md\\\/en\\\/product\\\/burghiu-placat-serie-308-l-575-s-o10-mm\\\/\",\"name\":\"Burghiu placat serie 308 L = 57,5 \u200b\u200bS = \u00d810 mm - ABN\",\"isPartOf\":{\"@id\":\"https:\\\/\\\/abn.md\\\/en\\\/#website\"},\"primaryImageOfPage\":{\"@id\":\"https:\\\/\\\/abn.md\\\/en\\\/product\\\/burghiu-placat-serie-308-l-575-s-o10-mm\\\/#primaryimage\"},\"image\":{\"@id\":\"https:\\\/\\\/abn.md\\\/en\\\/product\\\/burghiu-placat-serie-308-l-575-s-o10-mm\\\/#primaryimage\"},\"thumbnailUrl\":\"https:\\\/\\\/abn.md\\\/wp-content\\\/uploads\\\/2024\\\/04\\\/3mf_87ua1d.jpg\",\"datePublished\":\"2024-04-10T12:54:46+00:00\",\"dateModified\":\"2025-09-29T16:05:26+00:00\",\"description\":\"Aplicare: burghiele \u0421MT din seria 308 sunt proiectate pentru g\u0103urirea lemnului dur, a panourilor pe baz\u0103 de lemn, a compozitelor \u0219i a laminatelor \u00een\",\"breadcrumb\":{\"@id\":\"https:\\\/\\\/abn.md\\\/en\\\/product\\\/burghiu-placat-serie-308-l-575-s-o10-mm\\\/#breadcrumb\"},\"inLanguage\":\"en-US\",\"potentialAction\":[{\"@type\":\"ReadAction\",\"target\":[\"https:\\\/\\\/abn.md\\\/en\\\/product\\\/burghiu-placat-serie-308-l-575-s-o10-mm\\\/\"]}]},{\"@type\":\"ImageObject\",\"inLanguage\":\"en-US\",\"@id\":\"https:\\\/\\\/abn.md\\\/en\\\/product\\\/burghiu-placat-serie-308-l-575-s-o10-mm\\\/#primaryimage\",\"url\":\"https:\\\/\\\/abn.md\\\/wp-content\\\/uploads\\\/2024\\\/04\\\/3mf_87ua1d.jpg\",\"contentUrl\":\"https:\\\/\\\/abn.md\\\/wp-content\\\/uploads\\\/2024\\\/04\\\/3mf_87ua1d.jpg\",\"width\":800,\"height\":800},{\"@type\":\"BreadcrumbList\",\"@id\":\"https:\\\/\\\/abn.md\\\/en\\\/product\\\/burghiu-placat-serie-308-l-575-s-o10-mm\\\/#breadcrumb\",\"itemListElement\":[{\"@type\":\"ListItem\",\"position\":1,\"name\":\"Home\",\"item\":\"https:\\\/\\\/abn.md\\\/en\\\/\"},{\"@type\":\"ListItem\",\"position\":2,\"name\":\"Shop\",\"item\":\"https:\\\/\\\/abn.md\\\/en\\\/catalog\\\/\"},{\"@type\":\"ListItem\",\"position\":3,\"name\":\"Burghiu placat serie 308 L = 57,5 \u200b\u200bS = \u00d810 mm\"}]},{\"@type\":\"WebSite\",\"@id\":\"https:\\\/\\\/abn.md\\\/en\\\/#website\",\"url\":\"https:\\\/\\\/abn.md\\\/en\\\/\",\"name\":\"ABN\",\"description\":\"CENTRUL DE ECHIPAMENT \u0218I TEHNOLOGII\",\"publisher\":{\"@id\":\"https:\\\/\\\/abn.md\\\/en\\\/#organization\"},\"potentialAction\":[{\"@type\":\"SearchAction\",\"target\":{\"@type\":\"EntryPoint\",\"urlTemplate\":\"https:\\\/\\\/abn.md\\\/en\\\/?s={search_term_string}\"},\"query-input\":{\"@type\":\"PropertyValueSpecification\",\"valueRequired\":true,\"valueName\":\"search_term_string\"}}],\"inLanguage\":\"en-US\"},{\"@type\":\"Organization\",\"@id\":\"https:\\\/\\\/abn.md\\\/en\\\/#organization\",\"name\":\"ABN\",\"url\":\"https:\\\/\\\/abn.md\\\/en\\\/\",\"logo\":{\"@type\":\"ImageObject\",\"inLanguage\":\"en-US\",\"@id\":\"https:\\\/\\\/abn.md\\\/en\\\/#\\\/schema\\\/logo\\\/image\\\/\",\"url\":\"https:\\\/\\\/abn.md\\\/wp-content\\\/uploads\\\/2024\\\/03\\\/logo.png\",\"contentUrl\":\"https:\\\/\\\/abn.md\\\/wp-content\\\/uploads\\\/2024\\\/03\\\/logo.png\",\"width\":159,\"height\":112,\"caption\":\"ABN\"},\"image\":{\"@id\":\"https:\\\/\\\/abn.md\\\/en\\\/#\\\/schema\\\/logo\\\/image\\\/\"}}]}<\/script>\n<meta property=\"product:price:amount\" content=\"0.00\" \/>\n<meta property=\"product:price:currency\" content=\"MDL\" \/>\n<meta property=\"og:availability\" content=\"instock\" \/>\n<meta property=\"product:availability\" content=\"instock\" \/>\n<meta property=\"product:retailer_item_id\" content=\"ec5decca5ed3\" \/>\n<meta property=\"product:condition\" content=\"new\" \/>\n<!-- \/ Yoast SEO Premium plugin. -->","yoast_head_json":{"title":"Burghiu placat serie 308 L = 57,5 \u200b\u200bS = \u00d810 mm - ABN","description":"Aplicare: burghiele \u0421MT din seria 308 sunt proiectate pentru g\u0103urirea lemnului dur, a panourilor pe baz\u0103 de lemn, a compozitelor \u0219i a laminatelor \u00een","robots":{"index":"index","follow":"follow","max-snippet":"max-snippet:-1","max-image-preview":"max-image-preview:large","max-video-preview":"max-video-preview:-1"},"canonical":"https:\/\/abn.md\/en\/product\/burghiu-placat-serie-308-l-575-s-o10-mm\/","og_locale":"en_US","og_type":"article","og_title":"Burghiu placat serie 308 L = 57,5 \u200b\u200bS = \u00d810 mm","og_description":"Aplicare: burghiele \u0421MT din seria 308 sunt proiectate pentru g\u0103urirea lemnului dur, a panourilor pe baz\u0103 de lemn, a compozitelor \u0219i a laminatelor \u00een","og_url":"https:\/\/abn.md\/en\/product\/burghiu-placat-serie-308-l-575-s-o10-mm\/","og_site_name":"ABN","article_modified_time":"2025-09-29T16:05:26+00:00","og_image":[{"width":800,"height":800,"url":"https:\/\/abn.md\/wp-content\/uploads\/2024\/04\/3mf_87ua1d.jpg","type":"image\/jpeg"}],"twitter_card":"summary_large_image","twitter_misc":{"Price":"0.00&nbsp;MDL","Availability":"In stock"},"schema":{"@context":"https:\/\/schema.org","@graph":[{"@type":"WebPage","@id":"https:\/\/abn.md\/en\/product\/burghiu-placat-serie-308-l-575-s-o10-mm\/","url":"https:\/\/abn.md\/en\/product\/burghiu-placat-serie-308-l-575-s-o10-mm\/","name":"Burghiu placat serie 308 L = 57,5 \u200b\u200bS = \u00d810 mm - ABN","isPartOf":{"@id":"https:\/\/abn.md\/en\/#website"},"primaryImageOfPage":{"@id":"https:\/\/abn.md\/en\/product\/burghiu-placat-serie-308-l-575-s-o10-mm\/#primaryimage"},"image":{"@id":"https:\/\/abn.md\/en\/product\/burghiu-placat-serie-308-l-575-s-o10-mm\/#primaryimage"},"thumbnailUrl":"https:\/\/abn.md\/wp-content\/uploads\/2024\/04\/3mf_87ua1d.jpg","datePublished":"2024-04-10T12:54:46+00:00","dateModified":"2025-09-29T16:05:26+00:00","description":"Aplicare: burghiele \u0421MT din seria 308 sunt proiectate pentru g\u0103urirea lemnului dur, a panourilor pe baz\u0103 de lemn, a compozitelor \u0219i a laminatelor \u00een","breadcrumb":{"@id":"https:\/\/abn.md\/en\/product\/burghiu-placat-serie-308-l-575-s-o10-mm\/#breadcrumb"},"inLanguage":"en-US","potentialAction":[{"@type":"ReadAction","target":["https:\/\/abn.md\/en\/product\/burghiu-placat-serie-308-l-575-s-o10-mm\/"]}]},{"@type":"ImageObject","inLanguage":"en-US","@id":"https:\/\/abn.md\/en\/product\/burghiu-placat-serie-308-l-575-s-o10-mm\/#primaryimage","url":"https:\/\/abn.md\/wp-content\/uploads\/2024\/04\/3mf_87ua1d.jpg","contentUrl":"https:\/\/abn.md\/wp-content\/uploads\/2024\/04\/3mf_87ua1d.jpg","width":800,"height":800},{"@type":"BreadcrumbList","@id":"https:\/\/abn.md\/en\/product\/burghiu-placat-serie-308-l-575-s-o10-mm\/#breadcrumb","itemListElement":[{"@type":"ListItem","position":1,"name":"Home","item":"https:\/\/abn.md\/en\/"},{"@type":"ListItem","position":2,"name":"Shop","item":"https:\/\/abn.md\/en\/catalog\/"},{"@type":"ListItem","position":3,"name":"Burghiu placat serie 308 L = 57,5 \u200b\u200bS = \u00d810 mm"}]},{"@type":"WebSite","@id":"https:\/\/abn.md\/en\/#website","url":"https:\/\/abn.md\/en\/","name":"ABN","description":"CENTRUL DE ECHIPAMENT \u0218I TEHNOLOGII","publisher":{"@id":"https:\/\/abn.md\/en\/#organization"},"potentialAction":[{"@type":"SearchAction","target":{"@type":"EntryPoint","urlTemplate":"https:\/\/abn.md\/en\/?s={search_term_string}"},"query-input":{"@type":"PropertyValueSpecification","valueRequired":true,"valueName":"search_term_string"}}],"inLanguage":"en-US"},{"@type":"Organization","@id":"https:\/\/abn.md\/en\/#organization","name":"ABN","url":"https:\/\/abn.md\/en\/","logo":{"@type":"ImageObject","inLanguage":"en-US","@id":"https:\/\/abn.md\/en\/#\/schema\/logo\/image\/","url":"https:\/\/abn.md\/wp-content\/uploads\/2024\/03\/logo.png","contentUrl":"https:\/\/abn.md\/wp-content\/uploads\/2024\/03\/logo.png","width":159,"height":112,"caption":"ABN"},"image":{"@id":"https:\/\/abn.md\/en\/#\/schema\/logo\/image\/"}}]},"product_price_amount":"0.00","product_price_currency":"MDL","og_availability":"instock","product_availability":"instock","product_retailer_item_id":"ec5decca5ed3","product_condition":"new"},"_links":{"self":[{"href":"https:\/\/abn.md\/en\/wp-json\/wp\/v2\/product\/17597","targetHints":{"allow":["GET"]}}],"collection":[{"href":"https:\/\/abn.md\/en\/wp-json\/wp\/v2\/product"}],"about":[{"href":"https:\/\/abn.md\/en\/wp-json\/wp\/v2\/types\/product"}],"version-history":[{"count":1,"href":"https:\/\/abn.md\/en\/wp-json\/wp\/v2\/product\/17597\/revisions"}],"predecessor-version":[{"id":21771,"href":"https:\/\/abn.md\/en\/wp-json\/wp\/v2\/product\/17597\/revisions\/21771"}],"wp:featuredmedia":[{"embeddable":true,"href":"https:\/\/abn.md\/en\/wp-json\/wp\/v2\/media\/16791"}],"wp:attachment":[{"href":"https:\/\/abn.md\/en\/wp-json\/wp\/v2\/media?parent=17597"}],"wp:term":[{"taxonomy":"product_brand","embeddable":true,"href":"https:\/\/abn.md\/en\/wp-json\/wp\/v2\/product_brand?post=17597"},{"taxonomy":"product_cat","embeddable":true,"href":"https:\/\/abn.md\/en\/wp-json\/wp\/v2\/product_cat?post=17597"},{"taxonomy":"product_tag","embeddable":true,"href":"https:\/\/abn.md\/en\/wp-json\/wp\/v2\/product_tag?post=17597"}],"curies":[{"name":"wp","href":"https:\/\/api.w.org\/{rel}","templated":true}]}}