{"id":17601,"date":"2024-04-10T15:55:06","date_gmt":"2024-04-10T12:55:06","guid":{"rendered":"https:\/\/abn.md\/product\/burghiu-placat-serie-310-d-57-5-s-10\/"},"modified":"2025-09-29T19:05:19","modified_gmt":"2025-09-29T16:05:19","slug":"burghiu-placat-serie-310-d-57-5-s-10","status":"publish","type":"product","link":"https:\/\/abn.md\/en\/product\/burghiu-placat-serie-310-d-57-5-s-10\/","title":{"rendered":"BURGHIU PLACAT SERIE 310 D = 57.5 S = 10"},"content":{"rendered":"<p><span style=\"background-color:rgb(255, 255, 255); color:rgb(54, 54, 54); font-family:roboto light; font-size:20px\">Aplicare: burghiele \u0421MT din seria 310\u00a0sunt proiectate pentru g\u0103urirea lemnului dur, a panourilor pe baz\u0103 de lemn, a compozitelor \u0219i a laminatelor \u00een ma\u0219inile de g\u0103urit aditive.<\/span><\/p>\n<pre>&#13;\n<span style=\"font-size:20px\"><span style=\"color:rgb(54, 54, 54)\"><span style=\"font-family:times new roman,times,serif\">Caracteristici tehnice:&#13;\n&bull; o\u021bel ultra-puternic&#13;\n&bull; pies\u0103 &icirc;n spiral\u0103 acoperit\u0103 cu P.T.F.E. portocalie sau neagr\u0103&#13;\n&bull; lipire cu precizie echilibrat\u0103 a carburii HW&#13;\n&bull; dou\u0103 muchii t\u0103ietoare din carbur\u0103 Z2&#13;\n&bull; doi din\u021bi de scufundare V2&#13;\n&bull; patru flauturi spiralate (flauturi)&#13;\n&bull; coad\u0103 cilindric\u0103 cu un plat \u0219i capacitatea de a regla lungimea cu un \u0219urub<\/span><\/span><\/span><\/pre>\n<p>&#13;<\/p>\n","protected":false},"excerpt":{"rendered":"<p>Aplicare: burghiele \u0421MT din seria 310\u00a0sunt proiectate pentru g\u0103urirea lemnului dur, a panourilor pe baz\u0103 de lemn, a compozitelor \u0219i<\/p>\n","protected":false},"featured_media":16801,"template":"","meta":{"rs_blank_template":"","rs_page_bg_color":"","slide_template_v7":""},"product_brand":[],"product_cat":[],"product_tag":[],"class_list":{"0":"post-17601","1":"product","2":"type-product","3":"status-publish","4":"has-post-thumbnail","7":"first","8":"instock","9":"purchasable","10":"product-type-simple"},"yoast_head":"<!-- This site is optimized with the Yoast SEO Premium plugin v27.4 (Yoast SEO v27.4) - https:\/\/yoast.com\/product\/yoast-seo-premium-wordpress\/ -->\n<title>BURGHIU PLACAT SERIE 310 D = 57.5 S = 10 - ABN<\/title>\n<meta name=\"description\" content=\"Aplicare: burghiele \u0421MT din seria 310\u00a0sunt proiectate pentru g\u0103urirea lemnului dur, a panourilor pe baz\u0103 de lemn, a compozitelor \u0219i a laminatelor \u00een\" \/>\n<meta name=\"robots\" content=\"index, follow, max-snippet:-1, max-image-preview:large, max-video-preview:-1\" \/>\n<link rel=\"canonical\" href=\"https:\/\/abn.md\/en\/product\/burghiu-placat-serie-310-d-57-5-s-10\/\" \/>\n<meta property=\"og:locale\" content=\"en_US\" \/>\n<meta property=\"og:type\" content=\"article\" \/>\n<meta property=\"og:title\" content=\"BURGHIU PLACAT SERIE 310 D = 57.5 S = 10\" \/>\n<meta property=\"og:description\" content=\"Aplicare: burghiele \u0421MT din seria 310\u00a0sunt proiectate pentru g\u0103urirea lemnului dur, a panourilor pe baz\u0103 de lemn, a compozitelor \u0219i a laminatelor \u00een\" \/>\n<meta property=\"og:url\" content=\"https:\/\/abn.md\/en\/product\/burghiu-placat-serie-310-d-57-5-s-10\/\" \/>\n<meta property=\"og:site_name\" content=\"ABN\" \/>\n<meta property=\"article:modified_time\" content=\"2025-09-29T16:05:19+00:00\" \/>\n<meta property=\"og:image\" content=\"https:\/\/abn.md\/wp-content\/uploads\/2024\/04\/yn1hkj26j6.jpg\" \/>\n\t<meta property=\"og:image:width\" content=\"800\" \/>\n\t<meta property=\"og:image:height\" content=\"800\" \/>\n\t<meta property=\"og:image:type\" content=\"image\/jpeg\" \/>\n<meta name=\"twitter:card\" content=\"summary_large_image\" \/>\n<meta name=\"twitter:label1\" content=\"Price\" \/>\n\t<meta name=\"twitter:data1\" content=\"214.80&nbsp;MDL\" \/>\n\t<meta name=\"twitter:label2\" content=\"Availability\" \/>\n\t<meta name=\"twitter:data2\" content=\"In stock\" \/>\n<script type=\"application\/ld+json\" class=\"yoast-schema-graph\">{\"@context\":\"https:\\\/\\\/schema.org\",\"@graph\":[{\"@type\":\"WebPage\",\"@id\":\"https:\\\/\\\/abn.md\\\/en\\\/product\\\/burghiu-placat-serie-310-d-57-5-s-10\\\/\",\"url\":\"https:\\\/\\\/abn.md\\\/en\\\/product\\\/burghiu-placat-serie-310-d-57-5-s-10\\\/\",\"name\":\"BURGHIU PLACAT SERIE 310 D = 57.5 S = 10 - ABN\",\"isPartOf\":{\"@id\":\"https:\\\/\\\/abn.md\\\/en\\\/#website\"},\"primaryImageOfPage\":{\"@id\":\"https:\\\/\\\/abn.md\\\/en\\\/product\\\/burghiu-placat-serie-310-d-57-5-s-10\\\/#primaryimage\"},\"image\":{\"@id\":\"https:\\\/\\\/abn.md\\\/en\\\/product\\\/burghiu-placat-serie-310-d-57-5-s-10\\\/#primaryimage\"},\"thumbnailUrl\":\"https:\\\/\\\/abn.md\\\/wp-content\\\/uploads\\\/2024\\\/04\\\/yn1hkj26j6.jpg\",\"datePublished\":\"2024-04-10T12:55:06+00:00\",\"dateModified\":\"2025-09-29T16:05:19+00:00\",\"description\":\"Aplicare: burghiele \u0421MT din seria 310\u00a0sunt proiectate pentru g\u0103urirea lemnului dur, a panourilor pe baz\u0103 de lemn, a compozitelor \u0219i a laminatelor \u00een\",\"breadcrumb\":{\"@id\":\"https:\\\/\\\/abn.md\\\/en\\\/product\\\/burghiu-placat-serie-310-d-57-5-s-10\\\/#breadcrumb\"},\"inLanguage\":\"en-US\",\"potentialAction\":[{\"@type\":\"ReadAction\",\"target\":[\"https:\\\/\\\/abn.md\\\/en\\\/product\\\/burghiu-placat-serie-310-d-57-5-s-10\\\/\"]}]},{\"@type\":\"ImageObject\",\"inLanguage\":\"en-US\",\"@id\":\"https:\\\/\\\/abn.md\\\/en\\\/product\\\/burghiu-placat-serie-310-d-57-5-s-10\\\/#primaryimage\",\"url\":\"https:\\\/\\\/abn.md\\\/wp-content\\\/uploads\\\/2024\\\/04\\\/yn1hkj26j6.jpg\",\"contentUrl\":\"https:\\\/\\\/abn.md\\\/wp-content\\\/uploads\\\/2024\\\/04\\\/yn1hkj26j6.jpg\",\"width\":800,\"height\":800},{\"@type\":\"BreadcrumbList\",\"@id\":\"https:\\\/\\\/abn.md\\\/en\\\/product\\\/burghiu-placat-serie-310-d-57-5-s-10\\\/#breadcrumb\",\"itemListElement\":[{\"@type\":\"ListItem\",\"position\":1,\"name\":\"Home\",\"item\":\"https:\\\/\\\/abn.md\\\/en\\\/\"},{\"@type\":\"ListItem\",\"position\":2,\"name\":\"Shop\",\"item\":\"https:\\\/\\\/abn.md\\\/en\\\/catalog\\\/\"},{\"@type\":\"ListItem\",\"position\":3,\"name\":\"BURGHIU PLACAT SERIE 310 D = 57.5 S = 10\"}]},{\"@type\":\"WebSite\",\"@id\":\"https:\\\/\\\/abn.md\\\/en\\\/#website\",\"url\":\"https:\\\/\\\/abn.md\\\/en\\\/\",\"name\":\"ABN\",\"description\":\"CENTRUL DE ECHIPAMENT \u0218I TEHNOLOGII\",\"publisher\":{\"@id\":\"https:\\\/\\\/abn.md\\\/en\\\/#organization\"},\"potentialAction\":[{\"@type\":\"SearchAction\",\"target\":{\"@type\":\"EntryPoint\",\"urlTemplate\":\"https:\\\/\\\/abn.md\\\/en\\\/?s={search_term_string}\"},\"query-input\":{\"@type\":\"PropertyValueSpecification\",\"valueRequired\":true,\"valueName\":\"search_term_string\"}}],\"inLanguage\":\"en-US\"},{\"@type\":\"Organization\",\"@id\":\"https:\\\/\\\/abn.md\\\/en\\\/#organization\",\"name\":\"ABN\",\"url\":\"https:\\\/\\\/abn.md\\\/en\\\/\",\"logo\":{\"@type\":\"ImageObject\",\"inLanguage\":\"en-US\",\"@id\":\"https:\\\/\\\/abn.md\\\/en\\\/#\\\/schema\\\/logo\\\/image\\\/\",\"url\":\"https:\\\/\\\/abn.md\\\/wp-content\\\/uploads\\\/2024\\\/03\\\/logo.png\",\"contentUrl\":\"https:\\\/\\\/abn.md\\\/wp-content\\\/uploads\\\/2024\\\/03\\\/logo.png\",\"width\":159,\"height\":112,\"caption\":\"ABN\"},\"image\":{\"@id\":\"https:\\\/\\\/abn.md\\\/en\\\/#\\\/schema\\\/logo\\\/image\\\/\"}}]}<\/script>\n<meta property=\"product:price:amount\" content=\"214.80\" \/>\n<meta property=\"product:price:currency\" content=\"MDL\" \/>\n<meta property=\"og:availability\" content=\"instock\" \/>\n<meta property=\"product:availability\" content=\"instock\" \/>\n<meta property=\"product:retailer_item_id\" content=\"d1f491a404d6\" \/>\n<meta property=\"product:condition\" content=\"new\" \/>\n<!-- \/ Yoast SEO Premium plugin. -->","yoast_head_json":{"title":"BURGHIU PLACAT SERIE 310 D = 57.5 S = 10 - ABN","description":"Aplicare: burghiele \u0421MT din seria 310\u00a0sunt proiectate pentru g\u0103urirea lemnului dur, a panourilor pe baz\u0103 de lemn, a compozitelor \u0219i a laminatelor \u00een","robots":{"index":"index","follow":"follow","max-snippet":"max-snippet:-1","max-image-preview":"max-image-preview:large","max-video-preview":"max-video-preview:-1"},"canonical":"https:\/\/abn.md\/en\/product\/burghiu-placat-serie-310-d-57-5-s-10\/","og_locale":"en_US","og_type":"article","og_title":"BURGHIU PLACAT SERIE 310 D = 57.5 S = 10","og_description":"Aplicare: burghiele \u0421MT din seria 310\u00a0sunt proiectate pentru g\u0103urirea lemnului dur, a panourilor pe baz\u0103 de lemn, a compozitelor \u0219i a laminatelor \u00een","og_url":"https:\/\/abn.md\/en\/product\/burghiu-placat-serie-310-d-57-5-s-10\/","og_site_name":"ABN","article_modified_time":"2025-09-29T16:05:19+00:00","og_image":[{"width":800,"height":800,"url":"https:\/\/abn.md\/wp-content\/uploads\/2024\/04\/yn1hkj26j6.jpg","type":"image\/jpeg"}],"twitter_card":"summary_large_image","twitter_misc":{"Price":"214.80&nbsp;MDL","Availability":"In stock"},"schema":{"@context":"https:\/\/schema.org","@graph":[{"@type":"WebPage","@id":"https:\/\/abn.md\/en\/product\/burghiu-placat-serie-310-d-57-5-s-10\/","url":"https:\/\/abn.md\/en\/product\/burghiu-placat-serie-310-d-57-5-s-10\/","name":"BURGHIU PLACAT SERIE 310 D = 57.5 S = 10 - ABN","isPartOf":{"@id":"https:\/\/abn.md\/en\/#website"},"primaryImageOfPage":{"@id":"https:\/\/abn.md\/en\/product\/burghiu-placat-serie-310-d-57-5-s-10\/#primaryimage"},"image":{"@id":"https:\/\/abn.md\/en\/product\/burghiu-placat-serie-310-d-57-5-s-10\/#primaryimage"},"thumbnailUrl":"https:\/\/abn.md\/wp-content\/uploads\/2024\/04\/yn1hkj26j6.jpg","datePublished":"2024-04-10T12:55:06+00:00","dateModified":"2025-09-29T16:05:19+00:00","description":"Aplicare: burghiele \u0421MT din seria 310\u00a0sunt proiectate pentru g\u0103urirea lemnului dur, a panourilor pe baz\u0103 de lemn, a compozitelor \u0219i a laminatelor \u00een","breadcrumb":{"@id":"https:\/\/abn.md\/en\/product\/burghiu-placat-serie-310-d-57-5-s-10\/#breadcrumb"},"inLanguage":"en-US","potentialAction":[{"@type":"ReadAction","target":["https:\/\/abn.md\/en\/product\/burghiu-placat-serie-310-d-57-5-s-10\/"]}]},{"@type":"ImageObject","inLanguage":"en-US","@id":"https:\/\/abn.md\/en\/product\/burghiu-placat-serie-310-d-57-5-s-10\/#primaryimage","url":"https:\/\/abn.md\/wp-content\/uploads\/2024\/04\/yn1hkj26j6.jpg","contentUrl":"https:\/\/abn.md\/wp-content\/uploads\/2024\/04\/yn1hkj26j6.jpg","width":800,"height":800},{"@type":"BreadcrumbList","@id":"https:\/\/abn.md\/en\/product\/burghiu-placat-serie-310-d-57-5-s-10\/#breadcrumb","itemListElement":[{"@type":"ListItem","position":1,"name":"Home","item":"https:\/\/abn.md\/en\/"},{"@type":"ListItem","position":2,"name":"Shop","item":"https:\/\/abn.md\/en\/catalog\/"},{"@type":"ListItem","position":3,"name":"BURGHIU PLACAT SERIE 310 D = 57.5 S = 10"}]},{"@type":"WebSite","@id":"https:\/\/abn.md\/en\/#website","url":"https:\/\/abn.md\/en\/","name":"ABN","description":"CENTRUL DE ECHIPAMENT \u0218I TEHNOLOGII","publisher":{"@id":"https:\/\/abn.md\/en\/#organization"},"potentialAction":[{"@type":"SearchAction","target":{"@type":"EntryPoint","urlTemplate":"https:\/\/abn.md\/en\/?s={search_term_string}"},"query-input":{"@type":"PropertyValueSpecification","valueRequired":true,"valueName":"search_term_string"}}],"inLanguage":"en-US"},{"@type":"Organization","@id":"https:\/\/abn.md\/en\/#organization","name":"ABN","url":"https:\/\/abn.md\/en\/","logo":{"@type":"ImageObject","inLanguage":"en-US","@id":"https:\/\/abn.md\/en\/#\/schema\/logo\/image\/","url":"https:\/\/abn.md\/wp-content\/uploads\/2024\/03\/logo.png","contentUrl":"https:\/\/abn.md\/wp-content\/uploads\/2024\/03\/logo.png","width":159,"height":112,"caption":"ABN"},"image":{"@id":"https:\/\/abn.md\/en\/#\/schema\/logo\/image\/"}}]},"product_price_amount":"214.80","product_price_currency":"MDL","og_availability":"instock","product_availability":"instock","product_retailer_item_id":"d1f491a404d6","product_condition":"new"},"_links":{"self":[{"href":"https:\/\/abn.md\/en\/wp-json\/wp\/v2\/product\/17601","targetHints":{"allow":["GET"]}}],"collection":[{"href":"https:\/\/abn.md\/en\/wp-json\/wp\/v2\/product"}],"about":[{"href":"https:\/\/abn.md\/en\/wp-json\/wp\/v2\/types\/product"}],"version-history":[{"count":1,"href":"https:\/\/abn.md\/en\/wp-json\/wp\/v2\/product\/17601\/revisions"}],"predecessor-version":[{"id":21762,"href":"https:\/\/abn.md\/en\/wp-json\/wp\/v2\/product\/17601\/revisions\/21762"}],"wp:featuredmedia":[{"embeddable":true,"href":"https:\/\/abn.md\/en\/wp-json\/wp\/v2\/media\/16801"}],"wp:attachment":[{"href":"https:\/\/abn.md\/en\/wp-json\/wp\/v2\/media?parent=17601"}],"wp:term":[{"taxonomy":"product_brand","embeddable":true,"href":"https:\/\/abn.md\/en\/wp-json\/wp\/v2\/product_brand?post=17601"},{"taxonomy":"product_cat","embeddable":true,"href":"https:\/\/abn.md\/en\/wp-json\/wp\/v2\/product_cat?post=17601"},{"taxonomy":"product_tag","embeddable":true,"href":"https:\/\/abn.md\/en\/wp-json\/wp\/v2\/product_tag?post=17601"}],"curies":[{"name":"wp","href":"https:\/\/api.w.org\/{rel}","templated":true}]}}