{"id":17641,"date":"2024-04-10T15:55:50","date_gmt":"2024-04-10T12:55:50","guid":{"rendered":"https:\/\/abn.md\/product\/burghie-de-cupa-serie-317\/"},"modified":"2025-09-29T19:05:08","modified_gmt":"2025-09-29T16:05:08","slug":"burghie-de-cupa-serie-317","status":"publish","type":"product","link":"https:\/\/abn.md\/en\/product\/burghie-de-cupa-serie-317\/","title":{"rendered":"Burghie de cup\u0103 SERIE 317"},"content":{"rendered":"<pre>\n<span style=\"font-family:times new roman,times,serif\"><span style=\"font-size:20px\">Caracteristici tehnice:\n\u2022 o\u021bel ultra-puternic\n\u2022 partea de t\u0103iere este acoperit\u0103 cu P.T.F.E. portocalie sau neagr\u0103.\n\u2022 lipire cu precizie echilibrat\u0103 din carbur\u0103 HW\n\u2022 dou\u0103 muchii t\u0103ietoare din carbur\u0103 Z2<\/span><\/span><\/pre>\n<p><span style=\"background-color:rgb(248, 249, 250); color:rgb(32, 33, 36); font-family:google sans,arial,sans-serif; font-size:20px\">&bull; Burghie din carbur\u0103 de tungsten TCT pentru fabricarea mobilierului, balamale pentru mobil\u0103 CMT &bull; pentru forarea lemnului dur, a panourilor pe baz\u0103 de lemn, a compozitelor \u0219i a laminatelor<\/span><\/p>\n<p>&#13;<\/p>\n","protected":false},"excerpt":{"rendered":"<p>Caracteristici tehnice: \u2022 o\u021bel ultra-puternic \u2022 partea de t\u0103iere este acoperit\u0103 cu P.T.F.E. portocalie sau neagr\u0103. \u2022 lipire cu precizie<\/p>\n","protected":false},"featured_media":16901,"template":"","meta":{"rs_blank_template":"","rs_page_bg_color":"","slide_template_v7":""},"product_brand":[],"product_cat":[],"product_tag":[],"class_list":{"0":"post-17641","1":"product","2":"type-product","3":"status-publish","4":"has-post-thumbnail","7":"first","8":"instock","9":"purchasable","10":"product-type-simple"},"yoast_head":"<!-- This site is optimized with the Yoast SEO Premium plugin v27.4 (Yoast SEO v27.4) - https:\/\/yoast.com\/product\/yoast-seo-premium-wordpress\/ -->\n<title>Burghie de cup\u0103 SERIE 317 - ABN<\/title>\n<meta name=\"description\" content=\"Caracteristici tehnice: \u2022 o\u021bel ultra-puternic \u2022 partea de t\u0103iere este acoperit\u0103 cu P.T.F.E. portocalie sau neagr\u0103. \u2022 lipire cu precizie echilibrat\u0103 din\" \/>\n<meta name=\"robots\" content=\"index, follow, max-snippet:-1, max-image-preview:large, max-video-preview:-1\" \/>\n<link rel=\"canonical\" href=\"https:\/\/abn.md\/en\/product\/burghie-de-cupa-serie-317\/\" \/>\n<meta property=\"og:locale\" content=\"en_US\" \/>\n<meta property=\"og:type\" content=\"article\" \/>\n<meta property=\"og:title\" content=\"Burghie de cup\u0103 SERIE 317\" \/>\n<meta property=\"og:description\" content=\"Caracteristici tehnice: \u2022 o\u021bel ultra-puternic \u2022 partea de t\u0103iere este acoperit\u0103 cu P.T.F.E. portocalie sau neagr\u0103. \u2022 lipire cu precizie echilibrat\u0103 din\" \/>\n<meta property=\"og:url\" content=\"https:\/\/abn.md\/en\/product\/burghie-de-cupa-serie-317\/\" \/>\n<meta property=\"og:site_name\" content=\"ABN\" \/>\n<meta property=\"article:modified_time\" content=\"2025-09-29T16:05:08+00:00\" \/>\n<meta property=\"og:image\" content=\"https:\/\/abn.md\/wp-content\/uploads\/2024\/04\/hhko0n_yk2.jpg\" \/>\n\t<meta property=\"og:image:width\" content=\"800\" \/>\n\t<meta property=\"og:image:height\" content=\"800\" \/>\n\t<meta property=\"og:image:type\" content=\"image\/jpeg\" \/>\n<meta name=\"twitter:card\" content=\"summary_large_image\" \/>\n<meta name=\"twitter:label1\" content=\"Price\" \/>\n\t<meta name=\"twitter:data1\" content=\"0.00&nbsp;MDL\" \/>\n\t<meta name=\"twitter:label2\" content=\"Availability\" \/>\n\t<meta name=\"twitter:data2\" content=\"In stock\" \/>\n<script type=\"application\/ld+json\" class=\"yoast-schema-graph\">{\"@context\":\"https:\\\/\\\/schema.org\",\"@graph\":[{\"@type\":\"WebPage\",\"@id\":\"https:\\\/\\\/abn.md\\\/en\\\/product\\\/burghie-de-cupa-serie-317\\\/\",\"url\":\"https:\\\/\\\/abn.md\\\/en\\\/product\\\/burghie-de-cupa-serie-317\\\/\",\"name\":\"Burghie de cup\u0103 SERIE 317 - ABN\",\"isPartOf\":{\"@id\":\"https:\\\/\\\/abn.md\\\/en\\\/#website\"},\"primaryImageOfPage\":{\"@id\":\"https:\\\/\\\/abn.md\\\/en\\\/product\\\/burghie-de-cupa-serie-317\\\/#primaryimage\"},\"image\":{\"@id\":\"https:\\\/\\\/abn.md\\\/en\\\/product\\\/burghie-de-cupa-serie-317\\\/#primaryimage\"},\"thumbnailUrl\":\"https:\\\/\\\/abn.md\\\/wp-content\\\/uploads\\\/2024\\\/04\\\/hhko0n_yk2.jpg\",\"datePublished\":\"2024-04-10T12:55:50+00:00\",\"dateModified\":\"2025-09-29T16:05:08+00:00\",\"description\":\"Caracteristici tehnice: \u2022 o\u021bel ultra-puternic \u2022 partea de t\u0103iere este acoperit\u0103 cu P.T.F.E. portocalie sau neagr\u0103. \u2022 lipire cu precizie echilibrat\u0103 din\",\"breadcrumb\":{\"@id\":\"https:\\\/\\\/abn.md\\\/en\\\/product\\\/burghie-de-cupa-serie-317\\\/#breadcrumb\"},\"inLanguage\":\"en-US\",\"potentialAction\":[{\"@type\":\"ReadAction\",\"target\":[\"https:\\\/\\\/abn.md\\\/en\\\/product\\\/burghie-de-cupa-serie-317\\\/\"]}]},{\"@type\":\"ImageObject\",\"inLanguage\":\"en-US\",\"@id\":\"https:\\\/\\\/abn.md\\\/en\\\/product\\\/burghie-de-cupa-serie-317\\\/#primaryimage\",\"url\":\"https:\\\/\\\/abn.md\\\/wp-content\\\/uploads\\\/2024\\\/04\\\/hhko0n_yk2.jpg\",\"contentUrl\":\"https:\\\/\\\/abn.md\\\/wp-content\\\/uploads\\\/2024\\\/04\\\/hhko0n_yk2.jpg\",\"width\":800,\"height\":800},{\"@type\":\"BreadcrumbList\",\"@id\":\"https:\\\/\\\/abn.md\\\/en\\\/product\\\/burghie-de-cupa-serie-317\\\/#breadcrumb\",\"itemListElement\":[{\"@type\":\"ListItem\",\"position\":1,\"name\":\"Home\",\"item\":\"https:\\\/\\\/abn.md\\\/en\\\/\"},{\"@type\":\"ListItem\",\"position\":2,\"name\":\"Shop\",\"item\":\"https:\\\/\\\/abn.md\\\/en\\\/catalog\\\/\"},{\"@type\":\"ListItem\",\"position\":3,\"name\":\"Burghie de cup\u0103 SERIE 317\"}]},{\"@type\":\"WebSite\",\"@id\":\"https:\\\/\\\/abn.md\\\/en\\\/#website\",\"url\":\"https:\\\/\\\/abn.md\\\/en\\\/\",\"name\":\"ABN\",\"description\":\"CENTRUL DE ECHIPAMENT \u0218I TEHNOLOGII\",\"publisher\":{\"@id\":\"https:\\\/\\\/abn.md\\\/en\\\/#organization\"},\"potentialAction\":[{\"@type\":\"SearchAction\",\"target\":{\"@type\":\"EntryPoint\",\"urlTemplate\":\"https:\\\/\\\/abn.md\\\/en\\\/?s={search_term_string}\"},\"query-input\":{\"@type\":\"PropertyValueSpecification\",\"valueRequired\":true,\"valueName\":\"search_term_string\"}}],\"inLanguage\":\"en-US\"},{\"@type\":\"Organization\",\"@id\":\"https:\\\/\\\/abn.md\\\/en\\\/#organization\",\"name\":\"ABN\",\"url\":\"https:\\\/\\\/abn.md\\\/en\\\/\",\"logo\":{\"@type\":\"ImageObject\",\"inLanguage\":\"en-US\",\"@id\":\"https:\\\/\\\/abn.md\\\/en\\\/#\\\/schema\\\/logo\\\/image\\\/\",\"url\":\"https:\\\/\\\/abn.md\\\/wp-content\\\/uploads\\\/2024\\\/03\\\/logo.png\",\"contentUrl\":\"https:\\\/\\\/abn.md\\\/wp-content\\\/uploads\\\/2024\\\/03\\\/logo.png\",\"width\":159,\"height\":112,\"caption\":\"ABN\"},\"image\":{\"@id\":\"https:\\\/\\\/abn.md\\\/en\\\/#\\\/schema\\\/logo\\\/image\\\/\"}}]}<\/script>\n<meta property=\"product:price:amount\" content=\"0.00\" \/>\n<meta property=\"product:price:currency\" content=\"MDL\" \/>\n<meta property=\"og:availability\" content=\"instock\" \/>\n<meta property=\"product:availability\" content=\"instock\" \/>\n<meta property=\"product:retailer_item_id\" content=\"f2217062e9a3\" \/>\n<meta property=\"product:condition\" content=\"new\" \/>\n<!-- \/ Yoast SEO Premium plugin. -->","yoast_head_json":{"title":"Burghie de cup\u0103 SERIE 317 - ABN","description":"Caracteristici tehnice: \u2022 o\u021bel ultra-puternic \u2022 partea de t\u0103iere este acoperit\u0103 cu P.T.F.E. portocalie sau neagr\u0103. \u2022 lipire cu precizie echilibrat\u0103 din","robots":{"index":"index","follow":"follow","max-snippet":"max-snippet:-1","max-image-preview":"max-image-preview:large","max-video-preview":"max-video-preview:-1"},"canonical":"https:\/\/abn.md\/en\/product\/burghie-de-cupa-serie-317\/","og_locale":"en_US","og_type":"article","og_title":"Burghie de cup\u0103 SERIE 317","og_description":"Caracteristici tehnice: \u2022 o\u021bel ultra-puternic \u2022 partea de t\u0103iere este acoperit\u0103 cu P.T.F.E. portocalie sau neagr\u0103. \u2022 lipire cu precizie echilibrat\u0103 din","og_url":"https:\/\/abn.md\/en\/product\/burghie-de-cupa-serie-317\/","og_site_name":"ABN","article_modified_time":"2025-09-29T16:05:08+00:00","og_image":[{"width":800,"height":800,"url":"https:\/\/abn.md\/wp-content\/uploads\/2024\/04\/hhko0n_yk2.jpg","type":"image\/jpeg"}],"twitter_card":"summary_large_image","twitter_misc":{"Price":"0.00&nbsp;MDL","Availability":"In stock"},"schema":{"@context":"https:\/\/schema.org","@graph":[{"@type":"WebPage","@id":"https:\/\/abn.md\/en\/product\/burghie-de-cupa-serie-317\/","url":"https:\/\/abn.md\/en\/product\/burghie-de-cupa-serie-317\/","name":"Burghie de cup\u0103 SERIE 317 - ABN","isPartOf":{"@id":"https:\/\/abn.md\/en\/#website"},"primaryImageOfPage":{"@id":"https:\/\/abn.md\/en\/product\/burghie-de-cupa-serie-317\/#primaryimage"},"image":{"@id":"https:\/\/abn.md\/en\/product\/burghie-de-cupa-serie-317\/#primaryimage"},"thumbnailUrl":"https:\/\/abn.md\/wp-content\/uploads\/2024\/04\/hhko0n_yk2.jpg","datePublished":"2024-04-10T12:55:50+00:00","dateModified":"2025-09-29T16:05:08+00:00","description":"Caracteristici tehnice: \u2022 o\u021bel ultra-puternic \u2022 partea de t\u0103iere este acoperit\u0103 cu P.T.F.E. portocalie sau neagr\u0103. \u2022 lipire cu precizie echilibrat\u0103 din","breadcrumb":{"@id":"https:\/\/abn.md\/en\/product\/burghie-de-cupa-serie-317\/#breadcrumb"},"inLanguage":"en-US","potentialAction":[{"@type":"ReadAction","target":["https:\/\/abn.md\/en\/product\/burghie-de-cupa-serie-317\/"]}]},{"@type":"ImageObject","inLanguage":"en-US","@id":"https:\/\/abn.md\/en\/product\/burghie-de-cupa-serie-317\/#primaryimage","url":"https:\/\/abn.md\/wp-content\/uploads\/2024\/04\/hhko0n_yk2.jpg","contentUrl":"https:\/\/abn.md\/wp-content\/uploads\/2024\/04\/hhko0n_yk2.jpg","width":800,"height":800},{"@type":"BreadcrumbList","@id":"https:\/\/abn.md\/en\/product\/burghie-de-cupa-serie-317\/#breadcrumb","itemListElement":[{"@type":"ListItem","position":1,"name":"Home","item":"https:\/\/abn.md\/en\/"},{"@type":"ListItem","position":2,"name":"Shop","item":"https:\/\/abn.md\/en\/catalog\/"},{"@type":"ListItem","position":3,"name":"Burghie de cup\u0103 SERIE 317"}]},{"@type":"WebSite","@id":"https:\/\/abn.md\/en\/#website","url":"https:\/\/abn.md\/en\/","name":"ABN","description":"CENTRUL DE ECHIPAMENT \u0218I TEHNOLOGII","publisher":{"@id":"https:\/\/abn.md\/en\/#organization"},"potentialAction":[{"@type":"SearchAction","target":{"@type":"EntryPoint","urlTemplate":"https:\/\/abn.md\/en\/?s={search_term_string}"},"query-input":{"@type":"PropertyValueSpecification","valueRequired":true,"valueName":"search_term_string"}}],"inLanguage":"en-US"},{"@type":"Organization","@id":"https:\/\/abn.md\/en\/#organization","name":"ABN","url":"https:\/\/abn.md\/en\/","logo":{"@type":"ImageObject","inLanguage":"en-US","@id":"https:\/\/abn.md\/en\/#\/schema\/logo\/image\/","url":"https:\/\/abn.md\/wp-content\/uploads\/2024\/03\/logo.png","contentUrl":"https:\/\/abn.md\/wp-content\/uploads\/2024\/03\/logo.png","width":159,"height":112,"caption":"ABN"},"image":{"@id":"https:\/\/abn.md\/en\/#\/schema\/logo\/image\/"}}]},"product_price_amount":"0.00","product_price_currency":"MDL","og_availability":"instock","product_availability":"instock","product_retailer_item_id":"f2217062e9a3","product_condition":"new"},"_links":{"self":[{"href":"https:\/\/abn.md\/en\/wp-json\/wp\/v2\/product\/17641","targetHints":{"allow":["GET"]}}],"collection":[{"href":"https:\/\/abn.md\/en\/wp-json\/wp\/v2\/product"}],"about":[{"href":"https:\/\/abn.md\/en\/wp-json\/wp\/v2\/types\/product"}],"version-history":[{"count":1,"href":"https:\/\/abn.md\/en\/wp-json\/wp\/v2\/product\/17641\/revisions"}],"predecessor-version":[{"id":21746,"href":"https:\/\/abn.md\/en\/wp-json\/wp\/v2\/product\/17641\/revisions\/21746"}],"wp:featuredmedia":[{"embeddable":true,"href":"https:\/\/abn.md\/en\/wp-json\/wp\/v2\/media\/16901"}],"wp:attachment":[{"href":"https:\/\/abn.md\/en\/wp-json\/wp\/v2\/media?parent=17641"}],"wp:term":[{"taxonomy":"product_brand","embeddable":true,"href":"https:\/\/abn.md\/en\/wp-json\/wp\/v2\/product_brand?post=17641"},{"taxonomy":"product_cat","embeddable":true,"href":"https:\/\/abn.md\/en\/wp-json\/wp\/v2\/product_cat?post=17641"},{"taxonomy":"product_tag","embeddable":true,"href":"https:\/\/abn.md\/en\/wp-json\/wp\/v2\/product_tag?post=17641"}],"curies":[{"name":"wp","href":"https:\/\/api.w.org\/{rel}","templated":true}]}}