{"id":17649,"date":"2024-04-10T15:55:50","date_gmt":"2024-04-10T12:55:50","guid":{"rendered":"https:\/\/abn.md\/product\/cutite-standard-din-carbura-interschimbabile\/"},"modified":"2025-09-29T19:05:02","modified_gmt":"2025-09-29T16:05:02","slug":"cutite-standard-din-carbura-interschimbabile","status":"publish","type":"product","link":"https:\/\/abn.md\/en\/product\/cutite-standard-din-carbura-interschimbabile\/","title":{"rendered":"Cu\u021bite standard din carbur\u0103 interschimbabile"},"content":{"rendered":"<p><span style=\"background-color:rgb(248, 249, 250); color:rgb(32, 33, 36); font-family:google sans,arial,sans-serif; font-size:20px\">KCR08 (MDF recomandat, PAL lemn natural) Carbura universal\u0103 are o duritate foarte mare (1920 HV10 \/ HRA 93.4) \u200b\u200bcu o m\u0103rime a granulelor de carbur\u0103 de 0,5 &#8211; 0,8 microni. Acesta este un produs unic care \u00eenlocuie\u0219te trei tipuri de aliaje HC05 MG18 \u0219i MG06 simultan. Acest aliaj con\u021bine nichel, ceea ce cre\u0219te semnificativ rezisten\u021ba la uzur\u0103. Proiectat pentru prelucrarea lemnului dur \u0219i moale. Potrivit \u0219i pentru prelucrarea MDF \/ HDF, PAL cu \u0219i f\u0103r\u0103 acoperiri. Produse: cu\u021bite rotative \u0219i p\u0103turi profilate. compozi\u021bie: Co + Ni 4,2%, balans WC, Altele 0,35% Dimensiunea bobului: Boabe submicronice 0,5 &#8211; <0,8 \u00b5m Rezisten\u021ba la flexiune: 2300 MPa 334.000 P.S.I. Duritate: 1920 HV10 1885 HV30 93,4 HRA Densitate: 15,20 g \/ cm3 Rezisten\u021b\u0103 la fisuri K1C: 8,7 MPa.m1 \/ 2<\/span><\/p>\n","protected":false},"excerpt":{"rendered":"<p>KCR08 (MDF recomandat, PAL lemn natural) Carbura universal\u0103 are o duritate foarte mare (1920 HV10 \/ HRA 93.4) \u200b\u200bcu o<\/p>\n","protected":false},"featured_media":16921,"template":"","meta":{"rs_blank_template":"","rs_page_bg_color":"","slide_template_v7":""},"product_brand":[],"product_cat":[747],"product_tag":[],"class_list":{"0":"post-17649","1":"product","2":"type-product","3":"status-publish","4":"has-post-thumbnail","6":"product_cat-cutite-standard-din-carbura-interschimbabile-cutite","8":"first","9":"instock","10":"purchasable","11":"product-type-simple"},"yoast_head":"<!-- This site is optimized with the Yoast SEO Premium plugin v27.4 (Yoast SEO v27.4) - https:\/\/yoast.com\/product\/yoast-seo-premium-wordpress\/ -->\n<title>Cu\u021bite standard din carbur\u0103 interschimbabile - ABN<\/title>\n<meta name=\"description\" content=\"KCR08 (MDF recomandat, PAL lemn natural) Carbura universal\u0103 are o duritate foarte mare (1920 HV10 \/ HRA 93.4) \u200b\u200bcu o m\u0103rime a granulelor de carbur\u0103 de 0,5\" \/>\n<meta name=\"robots\" content=\"index, follow, max-snippet:-1, max-image-preview:large, max-video-preview:-1\" \/>\n<link rel=\"canonical\" href=\"https:\/\/abn.md\/en\/product\/cutite-standard-din-carbura-interschimbabile\/\" \/>\n<meta property=\"og:locale\" content=\"en_US\" \/>\n<meta property=\"og:type\" content=\"article\" \/>\n<meta property=\"og:title\" content=\"Cu\u021bite standard din carbur\u0103 interschimbabile\" \/>\n<meta property=\"og:description\" content=\"KCR08 (MDF recomandat, PAL lemn natural) Carbura universal\u0103 are o duritate foarte mare (1920 HV10 \/ HRA 93.4) \u200b\u200bcu o m\u0103rime a granulelor de carbur\u0103 de 0,5\" \/>\n<meta property=\"og:url\" content=\"https:\/\/abn.md\/en\/product\/cutite-standard-din-carbura-interschimbabile\/\" \/>\n<meta property=\"og:site_name\" content=\"ABN\" \/>\n<meta property=\"article:modified_time\" content=\"2025-09-29T16:05:02+00:00\" \/>\n<meta property=\"og:image\" content=\"https:\/\/abn.md\/wp-content\/uploads\/2024\/04\/y5mrjmzd7i.gif\" \/>\n\t<meta property=\"og:image:width\" content=\"401\" \/>\n\t<meta property=\"og:image:height\" content=\"334\" \/>\n\t<meta property=\"og:image:type\" content=\"image\/gif\" \/>\n<meta name=\"twitter:card\" content=\"summary_large_image\" \/>\n<meta name=\"twitter:label1\" content=\"Price\" \/>\n\t<meta name=\"twitter:data1\" content=\"0.00&nbsp;MDL\" \/>\n\t<meta name=\"twitter:label2\" content=\"Availability\" \/>\n\t<meta name=\"twitter:data2\" content=\"In stock\" \/>\n<script type=\"application\/ld+json\" class=\"yoast-schema-graph\">{\"@context\":\"https:\\\/\\\/schema.org\",\"@graph\":[{\"@type\":\"WebPage\",\"@id\":\"https:\\\/\\\/abn.md\\\/en\\\/product\\\/cutite-standard-din-carbura-interschimbabile\\\/\",\"url\":\"https:\\\/\\\/abn.md\\\/en\\\/product\\\/cutite-standard-din-carbura-interschimbabile\\\/\",\"name\":\"Cu\u021bite standard din carbur\u0103 interschimbabile - ABN\",\"isPartOf\":{\"@id\":\"https:\\\/\\\/abn.md\\\/en\\\/#website\"},\"primaryImageOfPage\":{\"@id\":\"https:\\\/\\\/abn.md\\\/en\\\/product\\\/cutite-standard-din-carbura-interschimbabile\\\/#primaryimage\"},\"image\":{\"@id\":\"https:\\\/\\\/abn.md\\\/en\\\/product\\\/cutite-standard-din-carbura-interschimbabile\\\/#primaryimage\"},\"thumbnailUrl\":\"https:\\\/\\\/abn.md\\\/wp-content\\\/uploads\\\/2024\\\/04\\\/y5mrjmzd7i.gif\",\"datePublished\":\"2024-04-10T12:55:50+00:00\",\"dateModified\":\"2025-09-29T16:05:02+00:00\",\"description\":\"KCR08 (MDF recomandat, PAL lemn natural) Carbura universal\u0103 are o duritate foarte mare (1920 HV10 \\\/ HRA 93.4) \u200b\u200bcu o m\u0103rime a granulelor de carbur\u0103 de 0,5\",\"breadcrumb\":{\"@id\":\"https:\\\/\\\/abn.md\\\/en\\\/product\\\/cutite-standard-din-carbura-interschimbabile\\\/#breadcrumb\"},\"inLanguage\":\"en-US\",\"potentialAction\":[{\"@type\":\"ReadAction\",\"target\":[\"https:\\\/\\\/abn.md\\\/en\\\/product\\\/cutite-standard-din-carbura-interschimbabile\\\/\"]}]},{\"@type\":\"ImageObject\",\"inLanguage\":\"en-US\",\"@id\":\"https:\\\/\\\/abn.md\\\/en\\\/product\\\/cutite-standard-din-carbura-interschimbabile\\\/#primaryimage\",\"url\":\"https:\\\/\\\/abn.md\\\/wp-content\\\/uploads\\\/2024\\\/04\\\/y5mrjmzd7i.gif\",\"contentUrl\":\"https:\\\/\\\/abn.md\\\/wp-content\\\/uploads\\\/2024\\\/04\\\/y5mrjmzd7i.gif\",\"width\":401,\"height\":334},{\"@type\":\"BreadcrumbList\",\"@id\":\"https:\\\/\\\/abn.md\\\/en\\\/product\\\/cutite-standard-din-carbura-interschimbabile\\\/#breadcrumb\",\"itemListElement\":[{\"@type\":\"ListItem\",\"position\":1,\"name\":\"Home\",\"item\":\"https:\\\/\\\/abn.md\\\/en\\\/\"},{\"@type\":\"ListItem\",\"position\":2,\"name\":\"Shop\",\"item\":\"https:\\\/\\\/abn.md\\\/en\\\/catalog\\\/\"},{\"@type\":\"ListItem\",\"position\":3,\"name\":\"Cu\u021bite standard din carbur\u0103 interschimbabile\"}]},{\"@type\":\"WebSite\",\"@id\":\"https:\\\/\\\/abn.md\\\/en\\\/#website\",\"url\":\"https:\\\/\\\/abn.md\\\/en\\\/\",\"name\":\"ABN\",\"description\":\"CENTRUL DE ECHIPAMENT \u0218I TEHNOLOGII\",\"publisher\":{\"@id\":\"https:\\\/\\\/abn.md\\\/en\\\/#organization\"},\"potentialAction\":[{\"@type\":\"SearchAction\",\"target\":{\"@type\":\"EntryPoint\",\"urlTemplate\":\"https:\\\/\\\/abn.md\\\/en\\\/?s={search_term_string}\"},\"query-input\":{\"@type\":\"PropertyValueSpecification\",\"valueRequired\":true,\"valueName\":\"search_term_string\"}}],\"inLanguage\":\"en-US\"},{\"@type\":\"Organization\",\"@id\":\"https:\\\/\\\/abn.md\\\/en\\\/#organization\",\"name\":\"ABN\",\"url\":\"https:\\\/\\\/abn.md\\\/en\\\/\",\"logo\":{\"@type\":\"ImageObject\",\"inLanguage\":\"en-US\",\"@id\":\"https:\\\/\\\/abn.md\\\/en\\\/#\\\/schema\\\/logo\\\/image\\\/\",\"url\":\"https:\\\/\\\/abn.md\\\/wp-content\\\/uploads\\\/2024\\\/03\\\/logo.png\",\"contentUrl\":\"https:\\\/\\\/abn.md\\\/wp-content\\\/uploads\\\/2024\\\/03\\\/logo.png\",\"width\":159,\"height\":112,\"caption\":\"ABN\"},\"image\":{\"@id\":\"https:\\\/\\\/abn.md\\\/en\\\/#\\\/schema\\\/logo\\\/image\\\/\"}}]}<\/script>\n<meta property=\"product:price:amount\" content=\"0.00\" \/>\n<meta property=\"product:price:currency\" content=\"MDL\" \/>\n<meta property=\"og:availability\" content=\"instock\" \/>\n<meta property=\"product:availability\" content=\"instock\" \/>\n<meta property=\"product:retailer_item_id\" content=\"b3e3e393c77e\" \/>\n<meta property=\"product:condition\" content=\"new\" \/>\n<!-- \/ Yoast SEO Premium plugin. -->","yoast_head_json":{"title":"Cu\u021bite standard din carbur\u0103 interschimbabile - ABN","description":"KCR08 (MDF recomandat, PAL lemn natural) Carbura universal\u0103 are o duritate foarte mare (1920 HV10 \/ HRA 93.4) \u200b\u200bcu o m\u0103rime a granulelor de carbur\u0103 de 0,5","robots":{"index":"index","follow":"follow","max-snippet":"max-snippet:-1","max-image-preview":"max-image-preview:large","max-video-preview":"max-video-preview:-1"},"canonical":"https:\/\/abn.md\/en\/product\/cutite-standard-din-carbura-interschimbabile\/","og_locale":"en_US","og_type":"article","og_title":"Cu\u021bite standard din carbur\u0103 interschimbabile","og_description":"KCR08 (MDF recomandat, PAL lemn natural) Carbura universal\u0103 are o duritate foarte mare (1920 HV10 \/ HRA 93.4) \u200b\u200bcu o m\u0103rime a granulelor de carbur\u0103 de 0,5","og_url":"https:\/\/abn.md\/en\/product\/cutite-standard-din-carbura-interschimbabile\/","og_site_name":"ABN","article_modified_time":"2025-09-29T16:05:02+00:00","og_image":[{"width":401,"height":334,"url":"https:\/\/abn.md\/wp-content\/uploads\/2024\/04\/y5mrjmzd7i.gif","type":"image\/gif"}],"twitter_card":"summary_large_image","twitter_misc":{"Price":"0.00&nbsp;MDL","Availability":"In stock"},"schema":{"@context":"https:\/\/schema.org","@graph":[{"@type":"WebPage","@id":"https:\/\/abn.md\/en\/product\/cutite-standard-din-carbura-interschimbabile\/","url":"https:\/\/abn.md\/en\/product\/cutite-standard-din-carbura-interschimbabile\/","name":"Cu\u021bite standard din carbur\u0103 interschimbabile - ABN","isPartOf":{"@id":"https:\/\/abn.md\/en\/#website"},"primaryImageOfPage":{"@id":"https:\/\/abn.md\/en\/product\/cutite-standard-din-carbura-interschimbabile\/#primaryimage"},"image":{"@id":"https:\/\/abn.md\/en\/product\/cutite-standard-din-carbura-interschimbabile\/#primaryimage"},"thumbnailUrl":"https:\/\/abn.md\/wp-content\/uploads\/2024\/04\/y5mrjmzd7i.gif","datePublished":"2024-04-10T12:55:50+00:00","dateModified":"2025-09-29T16:05:02+00:00","description":"KCR08 (MDF recomandat, PAL lemn natural) Carbura universal\u0103 are o duritate foarte mare (1920 HV10 \/ HRA 93.4) \u200b\u200bcu o m\u0103rime a granulelor de carbur\u0103 de 0,5","breadcrumb":{"@id":"https:\/\/abn.md\/en\/product\/cutite-standard-din-carbura-interschimbabile\/#breadcrumb"},"inLanguage":"en-US","potentialAction":[{"@type":"ReadAction","target":["https:\/\/abn.md\/en\/product\/cutite-standard-din-carbura-interschimbabile\/"]}]},{"@type":"ImageObject","inLanguage":"en-US","@id":"https:\/\/abn.md\/en\/product\/cutite-standard-din-carbura-interschimbabile\/#primaryimage","url":"https:\/\/abn.md\/wp-content\/uploads\/2024\/04\/y5mrjmzd7i.gif","contentUrl":"https:\/\/abn.md\/wp-content\/uploads\/2024\/04\/y5mrjmzd7i.gif","width":401,"height":334},{"@type":"BreadcrumbList","@id":"https:\/\/abn.md\/en\/product\/cutite-standard-din-carbura-interschimbabile\/#breadcrumb","itemListElement":[{"@type":"ListItem","position":1,"name":"Home","item":"https:\/\/abn.md\/en\/"},{"@type":"ListItem","position":2,"name":"Shop","item":"https:\/\/abn.md\/en\/catalog\/"},{"@type":"ListItem","position":3,"name":"Cu\u021bite standard din carbur\u0103 interschimbabile"}]},{"@type":"WebSite","@id":"https:\/\/abn.md\/en\/#website","url":"https:\/\/abn.md\/en\/","name":"ABN","description":"CENTRUL DE ECHIPAMENT \u0218I TEHNOLOGII","publisher":{"@id":"https:\/\/abn.md\/en\/#organization"},"potentialAction":[{"@type":"SearchAction","target":{"@type":"EntryPoint","urlTemplate":"https:\/\/abn.md\/en\/?s={search_term_string}"},"query-input":{"@type":"PropertyValueSpecification","valueRequired":true,"valueName":"search_term_string"}}],"inLanguage":"en-US"},{"@type":"Organization","@id":"https:\/\/abn.md\/en\/#organization","name":"ABN","url":"https:\/\/abn.md\/en\/","logo":{"@type":"ImageObject","inLanguage":"en-US","@id":"https:\/\/abn.md\/en\/#\/schema\/logo\/image\/","url":"https:\/\/abn.md\/wp-content\/uploads\/2024\/03\/logo.png","contentUrl":"https:\/\/abn.md\/wp-content\/uploads\/2024\/03\/logo.png","width":159,"height":112,"caption":"ABN"},"image":{"@id":"https:\/\/abn.md\/en\/#\/schema\/logo\/image\/"}}]},"product_price_amount":"0.00","product_price_currency":"MDL","og_availability":"instock","product_availability":"instock","product_retailer_item_id":"b3e3e393c77e","product_condition":"new"},"_links":{"self":[{"href":"https:\/\/abn.md\/en\/wp-json\/wp\/v2\/product\/17649","targetHints":{"allow":["GET"]}}],"collection":[{"href":"https:\/\/abn.md\/en\/wp-json\/wp\/v2\/product"}],"about":[{"href":"https:\/\/abn.md\/en\/wp-json\/wp\/v2\/types\/product"}],"version-history":[{"count":1,"href":"https:\/\/abn.md\/en\/wp-json\/wp\/v2\/product\/17649\/revisions"}],"predecessor-version":[{"id":21739,"href":"https:\/\/abn.md\/en\/wp-json\/wp\/v2\/product\/17649\/revisions\/21739"}],"wp:featuredmedia":[{"embeddable":true,"href":"https:\/\/abn.md\/en\/wp-json\/wp\/v2\/media\/16921"}],"wp:attachment":[{"href":"https:\/\/abn.md\/en\/wp-json\/wp\/v2\/media?parent=17649"}],"wp:term":[{"taxonomy":"product_brand","embeddable":true,"href":"https:\/\/abn.md\/en\/wp-json\/wp\/v2\/product_brand?post=17649"},{"taxonomy":"product_cat","embeddable":true,"href":"https:\/\/abn.md\/en\/wp-json\/wp\/v2\/product_cat?post=17649"},{"taxonomy":"product_tag","embeddable":true,"href":"https:\/\/abn.md\/en\/wp-json\/wp\/v2\/product_tag?post=17649"}],"curies":[{"name":"wp","href":"https:\/\/api.w.org\/{rel}","templated":true}]}}