{"id":17655,"date":"2024-04-10T15:55:50","date_gmt":"2024-04-10T12:55:50","guid":{"rendered":"https:\/\/abn.md\/product\/freze-pentru-paz\/"},"modified":"2025-09-29T19:04:59","modified_gmt":"2025-09-29T16:04:59","slug":"freze-pentru-paz","status":"publish","type":"product","link":"https:\/\/abn.md\/en\/product\/freze-pentru-paz\/","title":{"rendered":"Freze pentru paz"},"content":{"rendered":"<pre>\n<span style=\"font-family:times new roman,times,serif\"><span style=\"font-size:20px\">T\u0103ietoarele din carbur\u0103 de tungsten sunt proiectate pentru \u0219an\u021buri dreptunghiulare \u0219i t\u0103iere la frezare de-a lungul bobului, \u00een lemn, materiale pe baz\u0103 de lemn \u0219i lemn lipit pe frezare \u0219i rindele pe patru fe\u021be \u0219i linii automate. Poate fi folosit \u0219i pentru e\u0219antionarea \u201esferturilor\u201d, prelucrarea tenonelor cutiei (cu instalarea simultan\u0103 a mai multor freze identice cu inele intermediare).\nCu rectificarea la timp a instrumentului, compania garanteaz\u0103 performan\u021ba corect\u0103 (f\u0103r\u0103 a schimba profilul) \u00een 25-30 de ascu\u021biri.<\/span><\/span><\/pre>\n<p><strong><span style=\"color:rgb(0, 0, 0); font-family:cuprum; font-size:15.5556px\">\u041f\u043e \u0436\u0435\u043b\u0430\u043d\u0438\u044e \u0417\u0430\u043a\u0430\u0437\u0447\u0438\u043a\u0430 \u043f\u0430\u0440\u0430\u043c\u0435\u0442\u0440\u044b \u0444\u0440\u0435\u0437 \u043c\u043e\u0433\u0443\u0442 \u0431\u044b\u0442\u044c \u0438\u0437\u043c\u0435\u043d\u0435\u043d\u044b.<\/span><\/strong><\/p>\n<p>&#13;<\/p>\n","protected":false},"excerpt":{"rendered":"<p>T\u0103ietoarele din carbur\u0103 de tungsten sunt proiectate pentru \u0219an\u021buri dreptunghiulare \u0219i t\u0103iere la frezare de-a lungul bobului, \u00een lemn, materiale<\/p>\n","protected":false},"featured_media":16936,"template":"","meta":{"rs_blank_template":"","rs_page_bg_color":"","slide_template_v7":""},"product_brand":[],"product_cat":[749],"product_tag":[],"class_list":{"0":"post-17655","1":"product","2":"type-product","3":"status-publish","4":"has-post-thumbnail","6":"product_cat-freza-pentru-lemn-freze","8":"first","9":"instock","10":"purchasable","11":"product-type-simple"},"yoast_head":"<!-- This site is optimized with the Yoast SEO Premium plugin v27.3 (Yoast SEO v27.4) - https:\/\/yoast.com\/product\/yoast-seo-premium-wordpress\/ -->\n<title>Freze pentru paz - ABN<\/title>\n<meta name=\"description\" content=\"T\u0103ietoarele din carbur\u0103 de tungsten sunt proiectate pentru \u0219an\u021buri dreptunghiulare \u0219i t\u0103iere la frezare de-a lungul bobului, \u00een lemn, materiale pe baz\u0103 de\" \/>\n<meta name=\"robots\" content=\"index, follow, max-snippet:-1, max-image-preview:large, max-video-preview:-1\" \/>\n<link rel=\"canonical\" href=\"https:\/\/abn.md\/en\/product\/freze-pentru-paz\/\" \/>\n<meta property=\"og:locale\" content=\"en_US\" \/>\n<meta property=\"og:type\" content=\"article\" \/>\n<meta property=\"og:title\" content=\"Freze pentru paz\" \/>\n<meta property=\"og:description\" content=\"T\u0103ietoarele din carbur\u0103 de tungsten sunt proiectate pentru \u0219an\u021buri dreptunghiulare \u0219i t\u0103iere la frezare de-a lungul bobului, \u00een lemn, materiale pe baz\u0103 de\" \/>\n<meta property=\"og:url\" content=\"https:\/\/abn.md\/en\/product\/freze-pentru-paz\/\" \/>\n<meta property=\"og:site_name\" content=\"ABN\" \/>\n<meta property=\"article:modified_time\" content=\"2025-09-29T16:04:59+00:00\" \/>\n<meta property=\"og:image\" content=\"https:\/\/abn.md\/wp-content\/uploads\/2024\/04\/pvfncpdkuz.jpg\" \/>\n\t<meta property=\"og:image:width\" content=\"200\" \/>\n\t<meta property=\"og:image:height\" content=\"157\" \/>\n\t<meta property=\"og:image:type\" content=\"image\/jpeg\" \/>\n<meta name=\"twitter:card\" content=\"summary_large_image\" \/>\n<meta name=\"twitter:label1\" content=\"Price\" \/>\n\t<meta name=\"twitter:data1\" content=\"0.00&nbsp;MDL\" \/>\n\t<meta name=\"twitter:label2\" content=\"Availability\" \/>\n\t<meta name=\"twitter:data2\" content=\"In stock\" \/>\n<script type=\"application\/ld+json\" class=\"yoast-schema-graph\">{\"@context\":\"https:\\\/\\\/schema.org\",\"@graph\":[{\"@type\":\"WebPage\",\"@id\":\"https:\\\/\\\/abn.md\\\/en\\\/product\\\/freze-pentru-paz\\\/\",\"url\":\"https:\\\/\\\/abn.md\\\/en\\\/product\\\/freze-pentru-paz\\\/\",\"name\":\"Freze pentru paz - ABN\",\"isPartOf\":{\"@id\":\"https:\\\/\\\/abn.md\\\/en\\\/#website\"},\"primaryImageOfPage\":{\"@id\":\"https:\\\/\\\/abn.md\\\/en\\\/product\\\/freze-pentru-paz\\\/#primaryimage\"},\"image\":{\"@id\":\"https:\\\/\\\/abn.md\\\/en\\\/product\\\/freze-pentru-paz\\\/#primaryimage\"},\"thumbnailUrl\":\"https:\\\/\\\/abn.md\\\/wp-content\\\/uploads\\\/2024\\\/04\\\/pvfncpdkuz.jpg\",\"datePublished\":\"2024-04-10T12:55:50+00:00\",\"dateModified\":\"2025-09-29T16:04:59+00:00\",\"description\":\"T\u0103ietoarele din carbur\u0103 de tungsten sunt proiectate pentru \u0219an\u021buri dreptunghiulare \u0219i t\u0103iere la frezare de-a lungul bobului, \u00een lemn, materiale pe baz\u0103 de\",\"breadcrumb\":{\"@id\":\"https:\\\/\\\/abn.md\\\/en\\\/product\\\/freze-pentru-paz\\\/#breadcrumb\"},\"inLanguage\":\"en-US\",\"potentialAction\":[{\"@type\":\"ReadAction\",\"target\":[\"https:\\\/\\\/abn.md\\\/en\\\/product\\\/freze-pentru-paz\\\/\"]}]},{\"@type\":\"ImageObject\",\"inLanguage\":\"en-US\",\"@id\":\"https:\\\/\\\/abn.md\\\/en\\\/product\\\/freze-pentru-paz\\\/#primaryimage\",\"url\":\"https:\\\/\\\/abn.md\\\/wp-content\\\/uploads\\\/2024\\\/04\\\/pvfncpdkuz.jpg\",\"contentUrl\":\"https:\\\/\\\/abn.md\\\/wp-content\\\/uploads\\\/2024\\\/04\\\/pvfncpdkuz.jpg\",\"width\":200,\"height\":157},{\"@type\":\"BreadcrumbList\",\"@id\":\"https:\\\/\\\/abn.md\\\/en\\\/product\\\/freze-pentru-paz\\\/#breadcrumb\",\"itemListElement\":[{\"@type\":\"ListItem\",\"position\":1,\"name\":\"Home\",\"item\":\"https:\\\/\\\/abn.md\\\/en\\\/\"},{\"@type\":\"ListItem\",\"position\":2,\"name\":\"Shop\",\"item\":\"https:\\\/\\\/abn.md\\\/en\\\/catalog\\\/\"},{\"@type\":\"ListItem\",\"position\":3,\"name\":\"Freze pentru paz\"}]},{\"@type\":\"WebSite\",\"@id\":\"https:\\\/\\\/abn.md\\\/en\\\/#website\",\"url\":\"https:\\\/\\\/abn.md\\\/en\\\/\",\"name\":\"ABN\",\"description\":\"CENTRUL DE ECHIPAMENT \u0218I TEHNOLOGII\",\"publisher\":{\"@id\":\"https:\\\/\\\/abn.md\\\/en\\\/#organization\"},\"potentialAction\":[{\"@type\":\"SearchAction\",\"target\":{\"@type\":\"EntryPoint\",\"urlTemplate\":\"https:\\\/\\\/abn.md\\\/en\\\/?s={search_term_string}\"},\"query-input\":{\"@type\":\"PropertyValueSpecification\",\"valueRequired\":true,\"valueName\":\"search_term_string\"}}],\"inLanguage\":\"en-US\"},{\"@type\":\"Organization\",\"@id\":\"https:\\\/\\\/abn.md\\\/en\\\/#organization\",\"name\":\"ABN\",\"url\":\"https:\\\/\\\/abn.md\\\/en\\\/\",\"logo\":{\"@type\":\"ImageObject\",\"inLanguage\":\"en-US\",\"@id\":\"https:\\\/\\\/abn.md\\\/en\\\/#\\\/schema\\\/logo\\\/image\\\/\",\"url\":\"https:\\\/\\\/abn.md\\\/wp-content\\\/uploads\\\/2024\\\/03\\\/logo.png\",\"contentUrl\":\"https:\\\/\\\/abn.md\\\/wp-content\\\/uploads\\\/2024\\\/03\\\/logo.png\",\"width\":159,\"height\":112,\"caption\":\"ABN\"},\"image\":{\"@id\":\"https:\\\/\\\/abn.md\\\/en\\\/#\\\/schema\\\/logo\\\/image\\\/\"}}]}<\/script>\n<meta property=\"product:price:amount\" content=\"0.00\" \/>\n<meta property=\"product:price:currency\" content=\"MDL\" \/>\n<meta property=\"og:availability\" content=\"instock\" \/>\n<meta property=\"product:availability\" content=\"instock\" \/>\n<meta property=\"product:retailer_item_id\" content=\"6c4b761a28b7\" \/>\n<meta property=\"product:condition\" content=\"new\" \/>\n<!-- \/ Yoast SEO Premium plugin. -->","yoast_head_json":{"title":"Freze pentru paz - ABN","description":"T\u0103ietoarele din carbur\u0103 de tungsten sunt proiectate pentru \u0219an\u021buri dreptunghiulare \u0219i t\u0103iere la frezare de-a lungul bobului, \u00een lemn, materiale pe baz\u0103 de","robots":{"index":"index","follow":"follow","max-snippet":"max-snippet:-1","max-image-preview":"max-image-preview:large","max-video-preview":"max-video-preview:-1"},"canonical":"https:\/\/abn.md\/en\/product\/freze-pentru-paz\/","og_locale":"en_US","og_type":"article","og_title":"Freze pentru paz","og_description":"T\u0103ietoarele din carbur\u0103 de tungsten sunt proiectate pentru \u0219an\u021buri dreptunghiulare \u0219i t\u0103iere la frezare de-a lungul bobului, \u00een lemn, materiale pe baz\u0103 de","og_url":"https:\/\/abn.md\/en\/product\/freze-pentru-paz\/","og_site_name":"ABN","article_modified_time":"2025-09-29T16:04:59+00:00","og_image":[{"width":200,"height":157,"url":"https:\/\/abn.md\/wp-content\/uploads\/2024\/04\/pvfncpdkuz.jpg","type":"image\/jpeg"}],"twitter_card":"summary_large_image","twitter_misc":{"Price":"0.00&nbsp;MDL","Availability":"In stock"},"schema":{"@context":"https:\/\/schema.org","@graph":[{"@type":"WebPage","@id":"https:\/\/abn.md\/en\/product\/freze-pentru-paz\/","url":"https:\/\/abn.md\/en\/product\/freze-pentru-paz\/","name":"Freze pentru paz - ABN","isPartOf":{"@id":"https:\/\/abn.md\/en\/#website"},"primaryImageOfPage":{"@id":"https:\/\/abn.md\/en\/product\/freze-pentru-paz\/#primaryimage"},"image":{"@id":"https:\/\/abn.md\/en\/product\/freze-pentru-paz\/#primaryimage"},"thumbnailUrl":"https:\/\/abn.md\/wp-content\/uploads\/2024\/04\/pvfncpdkuz.jpg","datePublished":"2024-04-10T12:55:50+00:00","dateModified":"2025-09-29T16:04:59+00:00","description":"T\u0103ietoarele din carbur\u0103 de tungsten sunt proiectate pentru \u0219an\u021buri dreptunghiulare \u0219i t\u0103iere la frezare de-a lungul bobului, \u00een lemn, materiale pe baz\u0103 de","breadcrumb":{"@id":"https:\/\/abn.md\/en\/product\/freze-pentru-paz\/#breadcrumb"},"inLanguage":"en-US","potentialAction":[{"@type":"ReadAction","target":["https:\/\/abn.md\/en\/product\/freze-pentru-paz\/"]}]},{"@type":"ImageObject","inLanguage":"en-US","@id":"https:\/\/abn.md\/en\/product\/freze-pentru-paz\/#primaryimage","url":"https:\/\/abn.md\/wp-content\/uploads\/2024\/04\/pvfncpdkuz.jpg","contentUrl":"https:\/\/abn.md\/wp-content\/uploads\/2024\/04\/pvfncpdkuz.jpg","width":200,"height":157},{"@type":"BreadcrumbList","@id":"https:\/\/abn.md\/en\/product\/freze-pentru-paz\/#breadcrumb","itemListElement":[{"@type":"ListItem","position":1,"name":"Home","item":"https:\/\/abn.md\/en\/"},{"@type":"ListItem","position":2,"name":"Shop","item":"https:\/\/abn.md\/en\/catalog\/"},{"@type":"ListItem","position":3,"name":"Freze pentru paz"}]},{"@type":"WebSite","@id":"https:\/\/abn.md\/en\/#website","url":"https:\/\/abn.md\/en\/","name":"ABN","description":"CENTRUL DE ECHIPAMENT \u0218I TEHNOLOGII","publisher":{"@id":"https:\/\/abn.md\/en\/#organization"},"potentialAction":[{"@type":"SearchAction","target":{"@type":"EntryPoint","urlTemplate":"https:\/\/abn.md\/en\/?s={search_term_string}"},"query-input":{"@type":"PropertyValueSpecification","valueRequired":true,"valueName":"search_term_string"}}],"inLanguage":"en-US"},{"@type":"Organization","@id":"https:\/\/abn.md\/en\/#organization","name":"ABN","url":"https:\/\/abn.md\/en\/","logo":{"@type":"ImageObject","inLanguage":"en-US","@id":"https:\/\/abn.md\/en\/#\/schema\/logo\/image\/","url":"https:\/\/abn.md\/wp-content\/uploads\/2024\/03\/logo.png","contentUrl":"https:\/\/abn.md\/wp-content\/uploads\/2024\/03\/logo.png","width":159,"height":112,"caption":"ABN"},"image":{"@id":"https:\/\/abn.md\/en\/#\/schema\/logo\/image\/"}}]},"product_price_amount":"0.00","product_price_currency":"MDL","og_availability":"instock","product_availability":"instock","product_retailer_item_id":"6c4b761a28b7","product_condition":"new"},"_links":{"self":[{"href":"https:\/\/abn.md\/en\/wp-json\/wp\/v2\/product\/17655","targetHints":{"allow":["GET"]}}],"collection":[{"href":"https:\/\/abn.md\/en\/wp-json\/wp\/v2\/product"}],"about":[{"href":"https:\/\/abn.md\/en\/wp-json\/wp\/v2\/types\/product"}],"version-history":[{"count":1,"href":"https:\/\/abn.md\/en\/wp-json\/wp\/v2\/product\/17655\/revisions"}],"predecessor-version":[{"id":21734,"href":"https:\/\/abn.md\/en\/wp-json\/wp\/v2\/product\/17655\/revisions\/21734"}],"wp:featuredmedia":[{"embeddable":true,"href":"https:\/\/abn.md\/en\/wp-json\/wp\/v2\/media\/16936"}],"wp:attachment":[{"href":"https:\/\/abn.md\/en\/wp-json\/wp\/v2\/media?parent=17655"}],"wp:term":[{"taxonomy":"product_brand","embeddable":true,"href":"https:\/\/abn.md\/en\/wp-json\/wp\/v2\/product_brand?post=17655"},{"taxonomy":"product_cat","embeddable":true,"href":"https:\/\/abn.md\/en\/wp-json\/wp\/v2\/product_cat?post=17655"},{"taxonomy":"product_tag","embeddable":true,"href":"https:\/\/abn.md\/en\/wp-json\/wp\/v2\/product_tag?post=17655"}],"curies":[{"name":"wp","href":"https:\/\/api.w.org\/{rel}","templated":true}]}}