{"id":17657,"date":"2024-04-10T15:55:50","date_gmt":"2024-04-10T12:55:50","guid":{"rendered":"https:\/\/abn.md\/product\/freza-pentru-paz\/"},"modified":"2025-09-29T19:04:55","modified_gmt":"2025-09-29T16:04:55","slug":"freza-pentru-paz","status":"publish","type":"product","link":"https:\/\/abn.md\/en\/product\/freza-pentru-paz\/","title":{"rendered":"Freza pentru paz"},"content":{"rendered":"<pre>\n<span style=\"font-family:times new roman,times,serif\"><span style=\"font-size:20px\">Frezele cu inser\u021bii din carbur\u0103 brazat\u0103 sunt proiectate pentru prelucrarea canelurilor dreptunghiulare \u0219i a t\u0103ierilor la frezarea peste cereale, \u00een lemn, materiale pe baz\u0103 de lemn \u0219i lemn lipit pe frezare \u0219i rindele pe patru fe\u021be \u0219i linii automate. Poate fi folosit \u0219i pentru t\u0103ierea \u201esfert\u201d, prelucrarea tenonului cutiei (cu instalarea simultan\u0103 a mai multor freze identice cu inele intermediare).\nCu rectificarea la timp a instrumentului, compania garanteaz\u0103 performan\u021ba corect\u0103 (f\u0103r\u0103 a schimba profilul) \u00een 25-30 de ascu\u021biri.<\/span><\/span><\/pre>\n<div>&nbsp;<\/div>\n<p>&#13;<br \/>\n&#13;<\/p>\n<div><span style=\"background-color:rgb(248, 249, 250); color:rgb(32, 33, 36); font-family:google sans,arial,sans-serif; font-size:28px\">Parametrii t\u0103ietorilor pot fi modifica\u021bi la cererea Clientului.<\/span><\/div>\n<p>&#13;<\/p>\n","protected":false},"excerpt":{"rendered":"<p>Frezele cu inser\u021bii din carbur\u0103 brazat\u0103 sunt proiectate pentru prelucrarea canelurilor dreptunghiulare \u0219i a t\u0103ierilor la frezarea peste cereale, \u00een<\/p>\n","protected":false},"featured_media":16941,"template":"","meta":{"rs_blank_template":"","rs_page_bg_color":"","slide_template_v7":""},"product_brand":[],"product_cat":[749],"product_tag":[],"class_list":{"0":"post-17657","1":"product","2":"type-product","3":"status-publish","4":"has-post-thumbnail","6":"product_cat-freza-pentru-lemn-freze","8":"first","9":"instock","10":"purchasable","11":"product-type-simple"},"yoast_head":"<!-- This site is optimized with the Yoast SEO Premium plugin v27.3 (Yoast SEO v27.4) - https:\/\/yoast.com\/product\/yoast-seo-premium-wordpress\/ -->\n<title>Freza pentru paz - ABN<\/title>\n<meta name=\"description\" content=\"Frezele cu inser\u021bii din carbur\u0103 brazat\u0103 sunt proiectate pentru prelucrarea canelurilor dreptunghiulare \u0219i a t\u0103ierilor la frezarea peste cereale, \u00een lemn,\" \/>\n<meta name=\"robots\" content=\"index, follow, max-snippet:-1, max-image-preview:large, max-video-preview:-1\" \/>\n<link rel=\"canonical\" href=\"https:\/\/abn.md\/en\/product\/freza-pentru-paz\/\" \/>\n<meta property=\"og:locale\" content=\"en_US\" \/>\n<meta property=\"og:type\" content=\"article\" \/>\n<meta property=\"og:title\" content=\"Freza pentru paz\" \/>\n<meta property=\"og:description\" content=\"Frezele cu inser\u021bii din carbur\u0103 brazat\u0103 sunt proiectate pentru prelucrarea canelurilor dreptunghiulare \u0219i a t\u0103ierilor la frezarea peste cereale, \u00een lemn,\" \/>\n<meta property=\"og:url\" content=\"https:\/\/abn.md\/en\/product\/freza-pentru-paz\/\" \/>\n<meta property=\"og:site_name\" content=\"ABN\" \/>\n<meta property=\"article:modified_time\" content=\"2025-09-29T16:04:55+00:00\" \/>\n<meta property=\"og:image\" content=\"https:\/\/abn.md\/wp-content\/uploads\/2024\/04\/78fah_1cxu.jpg\" \/>\n\t<meta property=\"og:image:width\" content=\"200\" \/>\n\t<meta property=\"og:image:height\" content=\"200\" \/>\n\t<meta property=\"og:image:type\" content=\"image\/jpeg\" \/>\n<meta name=\"twitter:card\" content=\"summary_large_image\" \/>\n<meta name=\"twitter:label1\" content=\"Price\" \/>\n\t<meta name=\"twitter:data1\" content=\"0.00&nbsp;MDL\" \/>\n\t<meta name=\"twitter:label2\" content=\"Availability\" \/>\n\t<meta name=\"twitter:data2\" content=\"In stock\" \/>\n<script type=\"application\/ld+json\" class=\"yoast-schema-graph\">{\"@context\":\"https:\\\/\\\/schema.org\",\"@graph\":[{\"@type\":\"WebPage\",\"@id\":\"https:\\\/\\\/abn.md\\\/en\\\/product\\\/freza-pentru-paz\\\/\",\"url\":\"https:\\\/\\\/abn.md\\\/en\\\/product\\\/freza-pentru-paz\\\/\",\"name\":\"Freza pentru paz - ABN\",\"isPartOf\":{\"@id\":\"https:\\\/\\\/abn.md\\\/en\\\/#website\"},\"primaryImageOfPage\":{\"@id\":\"https:\\\/\\\/abn.md\\\/en\\\/product\\\/freza-pentru-paz\\\/#primaryimage\"},\"image\":{\"@id\":\"https:\\\/\\\/abn.md\\\/en\\\/product\\\/freza-pentru-paz\\\/#primaryimage\"},\"thumbnailUrl\":\"https:\\\/\\\/abn.md\\\/wp-content\\\/uploads\\\/2024\\\/04\\\/78fah_1cxu.jpg\",\"datePublished\":\"2024-04-10T12:55:50+00:00\",\"dateModified\":\"2025-09-29T16:04:55+00:00\",\"description\":\"Frezele cu inser\u021bii din carbur\u0103 brazat\u0103 sunt proiectate pentru prelucrarea canelurilor dreptunghiulare \u0219i a t\u0103ierilor la frezarea peste cereale, \u00een lemn,\",\"breadcrumb\":{\"@id\":\"https:\\\/\\\/abn.md\\\/en\\\/product\\\/freza-pentru-paz\\\/#breadcrumb\"},\"inLanguage\":\"en-US\",\"potentialAction\":[{\"@type\":\"ReadAction\",\"target\":[\"https:\\\/\\\/abn.md\\\/en\\\/product\\\/freza-pentru-paz\\\/\"]}]},{\"@type\":\"ImageObject\",\"inLanguage\":\"en-US\",\"@id\":\"https:\\\/\\\/abn.md\\\/en\\\/product\\\/freza-pentru-paz\\\/#primaryimage\",\"url\":\"https:\\\/\\\/abn.md\\\/wp-content\\\/uploads\\\/2024\\\/04\\\/78fah_1cxu.jpg\",\"contentUrl\":\"https:\\\/\\\/abn.md\\\/wp-content\\\/uploads\\\/2024\\\/04\\\/78fah_1cxu.jpg\",\"width\":200,\"height\":200},{\"@type\":\"BreadcrumbList\",\"@id\":\"https:\\\/\\\/abn.md\\\/en\\\/product\\\/freza-pentru-paz\\\/#breadcrumb\",\"itemListElement\":[{\"@type\":\"ListItem\",\"position\":1,\"name\":\"Home\",\"item\":\"https:\\\/\\\/abn.md\\\/en\\\/\"},{\"@type\":\"ListItem\",\"position\":2,\"name\":\"Shop\",\"item\":\"https:\\\/\\\/abn.md\\\/en\\\/catalog\\\/\"},{\"@type\":\"ListItem\",\"position\":3,\"name\":\"Freza pentru paz\"}]},{\"@type\":\"WebSite\",\"@id\":\"https:\\\/\\\/abn.md\\\/en\\\/#website\",\"url\":\"https:\\\/\\\/abn.md\\\/en\\\/\",\"name\":\"ABN\",\"description\":\"CENTRUL DE ECHIPAMENT \u0218I TEHNOLOGII\",\"publisher\":{\"@id\":\"https:\\\/\\\/abn.md\\\/en\\\/#organization\"},\"potentialAction\":[{\"@type\":\"SearchAction\",\"target\":{\"@type\":\"EntryPoint\",\"urlTemplate\":\"https:\\\/\\\/abn.md\\\/en\\\/?s={search_term_string}\"},\"query-input\":{\"@type\":\"PropertyValueSpecification\",\"valueRequired\":true,\"valueName\":\"search_term_string\"}}],\"inLanguage\":\"en-US\"},{\"@type\":\"Organization\",\"@id\":\"https:\\\/\\\/abn.md\\\/en\\\/#organization\",\"name\":\"ABN\",\"url\":\"https:\\\/\\\/abn.md\\\/en\\\/\",\"logo\":{\"@type\":\"ImageObject\",\"inLanguage\":\"en-US\",\"@id\":\"https:\\\/\\\/abn.md\\\/en\\\/#\\\/schema\\\/logo\\\/image\\\/\",\"url\":\"https:\\\/\\\/abn.md\\\/wp-content\\\/uploads\\\/2024\\\/03\\\/logo.png\",\"contentUrl\":\"https:\\\/\\\/abn.md\\\/wp-content\\\/uploads\\\/2024\\\/03\\\/logo.png\",\"width\":159,\"height\":112,\"caption\":\"ABN\"},\"image\":{\"@id\":\"https:\\\/\\\/abn.md\\\/en\\\/#\\\/schema\\\/logo\\\/image\\\/\"}}]}<\/script>\n<meta property=\"product:price:amount\" content=\"0.00\" \/>\n<meta property=\"product:price:currency\" content=\"MDL\" \/>\n<meta property=\"og:availability\" content=\"instock\" \/>\n<meta property=\"product:availability\" content=\"instock\" \/>\n<meta property=\"product:retailer_item_id\" content=\"06409663226a\" \/>\n<meta property=\"product:condition\" content=\"new\" \/>\n<!-- \/ Yoast SEO Premium plugin. -->","yoast_head_json":{"title":"Freza pentru paz - ABN","description":"Frezele cu inser\u021bii din carbur\u0103 brazat\u0103 sunt proiectate pentru prelucrarea canelurilor dreptunghiulare \u0219i a t\u0103ierilor la frezarea peste cereale, \u00een lemn,","robots":{"index":"index","follow":"follow","max-snippet":"max-snippet:-1","max-image-preview":"max-image-preview:large","max-video-preview":"max-video-preview:-1"},"canonical":"https:\/\/abn.md\/en\/product\/freza-pentru-paz\/","og_locale":"en_US","og_type":"article","og_title":"Freza pentru paz","og_description":"Frezele cu inser\u021bii din carbur\u0103 brazat\u0103 sunt proiectate pentru prelucrarea canelurilor dreptunghiulare \u0219i a t\u0103ierilor la frezarea peste cereale, \u00een lemn,","og_url":"https:\/\/abn.md\/en\/product\/freza-pentru-paz\/","og_site_name":"ABN","article_modified_time":"2025-09-29T16:04:55+00:00","og_image":[{"width":200,"height":200,"url":"https:\/\/abn.md\/wp-content\/uploads\/2024\/04\/78fah_1cxu.jpg","type":"image\/jpeg"}],"twitter_card":"summary_large_image","twitter_misc":{"Price":"0.00&nbsp;MDL","Availability":"In stock"},"schema":{"@context":"https:\/\/schema.org","@graph":[{"@type":"WebPage","@id":"https:\/\/abn.md\/en\/product\/freza-pentru-paz\/","url":"https:\/\/abn.md\/en\/product\/freza-pentru-paz\/","name":"Freza pentru paz - ABN","isPartOf":{"@id":"https:\/\/abn.md\/en\/#website"},"primaryImageOfPage":{"@id":"https:\/\/abn.md\/en\/product\/freza-pentru-paz\/#primaryimage"},"image":{"@id":"https:\/\/abn.md\/en\/product\/freza-pentru-paz\/#primaryimage"},"thumbnailUrl":"https:\/\/abn.md\/wp-content\/uploads\/2024\/04\/78fah_1cxu.jpg","datePublished":"2024-04-10T12:55:50+00:00","dateModified":"2025-09-29T16:04:55+00:00","description":"Frezele cu inser\u021bii din carbur\u0103 brazat\u0103 sunt proiectate pentru prelucrarea canelurilor dreptunghiulare \u0219i a t\u0103ierilor la frezarea peste cereale, \u00een lemn,","breadcrumb":{"@id":"https:\/\/abn.md\/en\/product\/freza-pentru-paz\/#breadcrumb"},"inLanguage":"en-US","potentialAction":[{"@type":"ReadAction","target":["https:\/\/abn.md\/en\/product\/freza-pentru-paz\/"]}]},{"@type":"ImageObject","inLanguage":"en-US","@id":"https:\/\/abn.md\/en\/product\/freza-pentru-paz\/#primaryimage","url":"https:\/\/abn.md\/wp-content\/uploads\/2024\/04\/78fah_1cxu.jpg","contentUrl":"https:\/\/abn.md\/wp-content\/uploads\/2024\/04\/78fah_1cxu.jpg","width":200,"height":200},{"@type":"BreadcrumbList","@id":"https:\/\/abn.md\/en\/product\/freza-pentru-paz\/#breadcrumb","itemListElement":[{"@type":"ListItem","position":1,"name":"Home","item":"https:\/\/abn.md\/en\/"},{"@type":"ListItem","position":2,"name":"Shop","item":"https:\/\/abn.md\/en\/catalog\/"},{"@type":"ListItem","position":3,"name":"Freza pentru paz"}]},{"@type":"WebSite","@id":"https:\/\/abn.md\/en\/#website","url":"https:\/\/abn.md\/en\/","name":"ABN","description":"CENTRUL DE ECHIPAMENT \u0218I TEHNOLOGII","publisher":{"@id":"https:\/\/abn.md\/en\/#organization"},"potentialAction":[{"@type":"SearchAction","target":{"@type":"EntryPoint","urlTemplate":"https:\/\/abn.md\/en\/?s={search_term_string}"},"query-input":{"@type":"PropertyValueSpecification","valueRequired":true,"valueName":"search_term_string"}}],"inLanguage":"en-US"},{"@type":"Organization","@id":"https:\/\/abn.md\/en\/#organization","name":"ABN","url":"https:\/\/abn.md\/en\/","logo":{"@type":"ImageObject","inLanguage":"en-US","@id":"https:\/\/abn.md\/en\/#\/schema\/logo\/image\/","url":"https:\/\/abn.md\/wp-content\/uploads\/2024\/03\/logo.png","contentUrl":"https:\/\/abn.md\/wp-content\/uploads\/2024\/03\/logo.png","width":159,"height":112,"caption":"ABN"},"image":{"@id":"https:\/\/abn.md\/en\/#\/schema\/logo\/image\/"}}]},"product_price_amount":"0.00","product_price_currency":"MDL","og_availability":"instock","product_availability":"instock","product_retailer_item_id":"06409663226a","product_condition":"new"},"_links":{"self":[{"href":"https:\/\/abn.md\/en\/wp-json\/wp\/v2\/product\/17657","targetHints":{"allow":["GET"]}}],"collection":[{"href":"https:\/\/abn.md\/en\/wp-json\/wp\/v2\/product"}],"about":[{"href":"https:\/\/abn.md\/en\/wp-json\/wp\/v2\/types\/product"}],"version-history":[{"count":1,"href":"https:\/\/abn.md\/en\/wp-json\/wp\/v2\/product\/17657\/revisions"}],"predecessor-version":[{"id":21731,"href":"https:\/\/abn.md\/en\/wp-json\/wp\/v2\/product\/17657\/revisions\/21731"}],"wp:featuredmedia":[{"embeddable":true,"href":"https:\/\/abn.md\/en\/wp-json\/wp\/v2\/media\/16941"}],"wp:attachment":[{"href":"https:\/\/abn.md\/en\/wp-json\/wp\/v2\/media?parent=17657"}],"wp:term":[{"taxonomy":"product_brand","embeddable":true,"href":"https:\/\/abn.md\/en\/wp-json\/wp\/v2\/product_brand?post=17657"},{"taxonomy":"product_cat","embeddable":true,"href":"https:\/\/abn.md\/en\/wp-json\/wp\/v2\/product_cat?post=17657"},{"taxonomy":"product_tag","embeddable":true,"href":"https:\/\/abn.md\/en\/wp-json\/wp\/v2\/product_tag?post=17657"}],"curies":[{"name":"wp","href":"https:\/\/api.w.org\/{rel}","templated":true}]}}