{"id":17669,"date":"2024-04-10T15:56:13","date_gmt":"2024-04-10T12:56:13","guid":{"rendered":"https:\/\/abn.md\/product\/un-set-de-freze-pentru-fabricarea-unei-fatade-de-mobilier\/"},"modified":"2025-09-29T19:04:53","modified_gmt":"2025-09-29T16:04:53","slug":"un-set-de-freze-pentru-fabricarea-unei-fatade-de-mobilier","status":"publish","type":"product","link":"https:\/\/abn.md\/en\/product\/un-set-de-freze-pentru-fabricarea-unei-fatade-de-mobilier\/","title":{"rendered":"Un set de freze pentru fabricarea unei fa\u021bade de mobilier"},"content":{"rendered":"<div style=\"color: rgb(51, 51, 51); font-family: sans-serif, Arial, Verdana, \"Trebuchet MS\"; font-size: 13px;\"><span style=\"font-size:20px\"><span style=\"font-family:times new roman,times,serif\">Frezele de mobil\u0103 sunt lipite cu pl\u0103ci din aliaj dur BK8 \u0219i sunt proiectate pentru prelucrarea v\u00e2rfurilor \u0219i legarea fa\u021badelor de mobilier \u0219i a panourilor de pere\u021bi din lemn dur \u0219i moale pe ma\u0219ini de frezat. Pl\u0103cile din VK8 sunt utilizate \u00een principal \u00een prelucrarea speciilor de lemn moale \u0219i dur (conifere: molid, pin; precum \u0219i stejar \u0219i frasin).<br \/>\nAscu\u021birea final\u0103 a t\u0103ietorului de mobil\u0103 se efectueaz\u0103 pe ma\u0219inile de ascu\u021bit optice, ceea ce asigur\u0103 precizia absolut\u0103 a prelucr\u0103rii cu to\u021bi din\u021bii t\u0103ietorilor.<br \/>\nLa cererea clientului, blocurile pot fi echipate suplimentar cu freze pentru prelucrarea cus\u0103turii termice contra unei taxe suplimentare.<\/span><\/span><\/div>\n<div style=\"color: rgb(51, 51, 51); font-family: sans-serif, Arial, Verdana, \"Trebuchet MS\"; font-size: 13px;\"><span style=\"font-size:20px\">Frezele sunt livrate ca set. Setul include dou\u0103 freze.<\/span><\/div>\n<div class=\"us-product-attr-item d-flex justify-content-between\" style=\"box-sizing: border-box; outline: none; color: rgb(79, 92, 80); font-size: 13px; position: relative; margin-bottom: 3px; font-family: &quot;Open Sans&quot;, sans-serif; background-color: rgb(255, 255, 255); display: flex !important; justify-content: space-between !important;\">&nbsp;<\/div>\n<p>&#13;<br \/>\n&#13;<\/p>\n<p><span style=\"background-color:rgb(255, 255, 255); color:rgb(51, 51, 51); font-family:times new roman,times,serif; font-size:20px\">Diametru exterior (D) -125 mm<\/span><br \/>&#13;<br \/>\n<span style=\"background-color:rgb(255, 255, 255); color:rgb(51, 51, 51); font-family:times new roman,times,serif; font-size:20px\">Diametru aterizare (d) -32 mm<\/span><br \/>&#13;<br \/>\n<span style=\"background-color:rgb(255, 255, 255); color:rgb(51, 51, 51); font-family:times new roman,times,serif; font-size:20px\">&Icirc;n\u0103l\u021bime (B) -26 mm<\/span><br \/>&#13;<br \/>\n<span style=\"background-color:rgb(255, 255, 255); color:rgb(51, 51, 51); font-family:times new roman,times,serif; font-size:20px\">Num\u0103rul de din\u021bi (Z) -4<\/span><br \/>&#13;<br \/>\n<span style=\"background-color:rgb(255, 255, 255); color:rgb(51, 51, 51); font-family:times new roman,times,serif; font-size:20px\">Material de t\u0103iere a pieselor -VK8<\/span>&nbsp;<\/p>\n<p>&#13;<\/p>\n","protected":false},"excerpt":{"rendered":"<p>Frezele de mobil\u0103 sunt lipite cu pl\u0103ci din aliaj dur BK8 \u0219i sunt proiectate pentru prelucrarea v\u00e2rfurilor \u0219i legarea fa\u021badelor<\/p>\n","protected":false},"featured_media":16971,"template":"","meta":{"rs_blank_template":"","rs_page_bg_color":"","slide_template_v7":""},"product_brand":[],"product_cat":[749],"product_tag":[],"class_list":{"0":"post-17669","1":"product","2":"type-product","3":"status-publish","4":"has-post-thumbnail","6":"product_cat-freza-pentru-lemn-freze","8":"first","9":"instock","10":"purchasable","11":"product-type-simple"},"yoast_head":"<!-- This site is optimized with the Yoast SEO Premium plugin v27.3 (Yoast SEO v27.4) - https:\/\/yoast.com\/product\/yoast-seo-premium-wordpress\/ -->\n<title>Un set de freze pentru fabricarea unei fa\u021bade de mobilier - ABN<\/title>\n<meta name=\"description\" content=\"Frezele de mobil\u0103 sunt lipite cu pl\u0103ci din aliaj dur BK8 \u0219i sunt proiectate pentru prelucrarea v\u00e2rfurilor \u0219i legarea fa\u021badelor de mobilier \u0219i a panourilor\" \/>\n<meta name=\"robots\" content=\"index, follow, max-snippet:-1, max-image-preview:large, max-video-preview:-1\" \/>\n<link rel=\"canonical\" href=\"https:\/\/abn.md\/en\/product\/un-set-de-freze-pentru-fabricarea-unei-fatade-de-mobilier\/\" \/>\n<meta property=\"og:locale\" content=\"en_US\" \/>\n<meta property=\"og:type\" content=\"article\" \/>\n<meta property=\"og:title\" content=\"Un set de freze pentru fabricarea unei fa\u021bade de mobilier\" \/>\n<meta property=\"og:description\" content=\"Frezele de mobil\u0103 sunt lipite cu pl\u0103ci din aliaj dur BK8 \u0219i sunt proiectate pentru prelucrarea v\u00e2rfurilor \u0219i legarea fa\u021badelor de mobilier \u0219i a panourilor\" \/>\n<meta property=\"og:url\" content=\"https:\/\/abn.md\/en\/product\/un-set-de-freze-pentru-fabricarea-unei-fatade-de-mobilier\/\" \/>\n<meta property=\"og:site_name\" content=\"ABN\" \/>\n<meta property=\"article:modified_time\" content=\"2025-09-29T16:04:53+00:00\" \/>\n<meta property=\"og:image\" content=\"https:\/\/abn.md\/wp-content\/uploads\/2024\/04\/b5o32036k5.png\" \/>\n\t<meta property=\"og:image:width\" content=\"500\" \/>\n\t<meta property=\"og:image:height\" content=\"500\" \/>\n\t<meta property=\"og:image:type\" content=\"image\/png\" \/>\n<meta name=\"twitter:card\" content=\"summary_large_image\" \/>\n<meta name=\"twitter:label1\" content=\"Price\" \/>\n\t<meta name=\"twitter:data1\" content=\"0.00&nbsp;MDL\" \/>\n\t<meta name=\"twitter:label2\" content=\"Availability\" \/>\n\t<meta name=\"twitter:data2\" content=\"In stock\" \/>\n<script type=\"application\/ld+json\" class=\"yoast-schema-graph\">{\"@context\":\"https:\\\/\\\/schema.org\",\"@graph\":[{\"@type\":\"WebPage\",\"@id\":\"https:\\\/\\\/abn.md\\\/en\\\/product\\\/un-set-de-freze-pentru-fabricarea-unei-fatade-de-mobilier\\\/\",\"url\":\"https:\\\/\\\/abn.md\\\/en\\\/product\\\/un-set-de-freze-pentru-fabricarea-unei-fatade-de-mobilier\\\/\",\"name\":\"Un set de freze pentru fabricarea unei fa\u021bade de mobilier - ABN\",\"isPartOf\":{\"@id\":\"https:\\\/\\\/abn.md\\\/en\\\/#website\"},\"primaryImageOfPage\":{\"@id\":\"https:\\\/\\\/abn.md\\\/en\\\/product\\\/un-set-de-freze-pentru-fabricarea-unei-fatade-de-mobilier\\\/#primaryimage\"},\"image\":{\"@id\":\"https:\\\/\\\/abn.md\\\/en\\\/product\\\/un-set-de-freze-pentru-fabricarea-unei-fatade-de-mobilier\\\/#primaryimage\"},\"thumbnailUrl\":\"https:\\\/\\\/abn.md\\\/wp-content\\\/uploads\\\/2024\\\/04\\\/b5o32036k5.png\",\"datePublished\":\"2024-04-10T12:56:13+00:00\",\"dateModified\":\"2025-09-29T16:04:53+00:00\",\"description\":\"Frezele de mobil\u0103 sunt lipite cu pl\u0103ci din aliaj dur BK8 \u0219i sunt proiectate pentru prelucrarea v\u00e2rfurilor \u0219i legarea fa\u021badelor de mobilier \u0219i a panourilor\",\"breadcrumb\":{\"@id\":\"https:\\\/\\\/abn.md\\\/en\\\/product\\\/un-set-de-freze-pentru-fabricarea-unei-fatade-de-mobilier\\\/#breadcrumb\"},\"inLanguage\":\"en-US\",\"potentialAction\":[{\"@type\":\"ReadAction\",\"target\":[\"https:\\\/\\\/abn.md\\\/en\\\/product\\\/un-set-de-freze-pentru-fabricarea-unei-fatade-de-mobilier\\\/\"]}]},{\"@type\":\"ImageObject\",\"inLanguage\":\"en-US\",\"@id\":\"https:\\\/\\\/abn.md\\\/en\\\/product\\\/un-set-de-freze-pentru-fabricarea-unei-fatade-de-mobilier\\\/#primaryimage\",\"url\":\"https:\\\/\\\/abn.md\\\/wp-content\\\/uploads\\\/2024\\\/04\\\/b5o32036k5.png\",\"contentUrl\":\"https:\\\/\\\/abn.md\\\/wp-content\\\/uploads\\\/2024\\\/04\\\/b5o32036k5.png\",\"width\":500,\"height\":500},{\"@type\":\"BreadcrumbList\",\"@id\":\"https:\\\/\\\/abn.md\\\/en\\\/product\\\/un-set-de-freze-pentru-fabricarea-unei-fatade-de-mobilier\\\/#breadcrumb\",\"itemListElement\":[{\"@type\":\"ListItem\",\"position\":1,\"name\":\"Home\",\"item\":\"https:\\\/\\\/abn.md\\\/en\\\/\"},{\"@type\":\"ListItem\",\"position\":2,\"name\":\"Shop\",\"item\":\"https:\\\/\\\/abn.md\\\/en\\\/catalog\\\/\"},{\"@type\":\"ListItem\",\"position\":3,\"name\":\"Un set de freze pentru fabricarea unei fa\u021bade de mobilier\"}]},{\"@type\":\"WebSite\",\"@id\":\"https:\\\/\\\/abn.md\\\/en\\\/#website\",\"url\":\"https:\\\/\\\/abn.md\\\/en\\\/\",\"name\":\"ABN\",\"description\":\"CENTRUL DE ECHIPAMENT \u0218I TEHNOLOGII\",\"publisher\":{\"@id\":\"https:\\\/\\\/abn.md\\\/en\\\/#organization\"},\"potentialAction\":[{\"@type\":\"SearchAction\",\"target\":{\"@type\":\"EntryPoint\",\"urlTemplate\":\"https:\\\/\\\/abn.md\\\/en\\\/?s={search_term_string}\"},\"query-input\":{\"@type\":\"PropertyValueSpecification\",\"valueRequired\":true,\"valueName\":\"search_term_string\"}}],\"inLanguage\":\"en-US\"},{\"@type\":\"Organization\",\"@id\":\"https:\\\/\\\/abn.md\\\/en\\\/#organization\",\"name\":\"ABN\",\"url\":\"https:\\\/\\\/abn.md\\\/en\\\/\",\"logo\":{\"@type\":\"ImageObject\",\"inLanguage\":\"en-US\",\"@id\":\"https:\\\/\\\/abn.md\\\/en\\\/#\\\/schema\\\/logo\\\/image\\\/\",\"url\":\"https:\\\/\\\/abn.md\\\/wp-content\\\/uploads\\\/2024\\\/03\\\/logo.png\",\"contentUrl\":\"https:\\\/\\\/abn.md\\\/wp-content\\\/uploads\\\/2024\\\/03\\\/logo.png\",\"width\":159,\"height\":112,\"caption\":\"ABN\"},\"image\":{\"@id\":\"https:\\\/\\\/abn.md\\\/en\\\/#\\\/schema\\\/logo\\\/image\\\/\"}}]}<\/script>\n<meta property=\"product:price:amount\" content=\"0.00\" \/>\n<meta property=\"product:price:currency\" content=\"MDL\" \/>\n<meta property=\"og:availability\" content=\"instock\" \/>\n<meta property=\"product:availability\" content=\"instock\" \/>\n<meta property=\"product:retailer_item_id\" content=\"fa7cdfad1a5a\" \/>\n<meta property=\"product:condition\" content=\"new\" \/>\n<!-- \/ Yoast SEO Premium plugin. -->","yoast_head_json":{"title":"Un set de freze pentru fabricarea unei fa\u021bade de mobilier - ABN","description":"Frezele de mobil\u0103 sunt lipite cu pl\u0103ci din aliaj dur BK8 \u0219i sunt proiectate pentru prelucrarea v\u00e2rfurilor \u0219i legarea fa\u021badelor de mobilier \u0219i a panourilor","robots":{"index":"index","follow":"follow","max-snippet":"max-snippet:-1","max-image-preview":"max-image-preview:large","max-video-preview":"max-video-preview:-1"},"canonical":"https:\/\/abn.md\/en\/product\/un-set-de-freze-pentru-fabricarea-unei-fatade-de-mobilier\/","og_locale":"en_US","og_type":"article","og_title":"Un set de freze pentru fabricarea unei fa\u021bade de mobilier","og_description":"Frezele de mobil\u0103 sunt lipite cu pl\u0103ci din aliaj dur BK8 \u0219i sunt proiectate pentru prelucrarea v\u00e2rfurilor \u0219i legarea fa\u021badelor de mobilier \u0219i a panourilor","og_url":"https:\/\/abn.md\/en\/product\/un-set-de-freze-pentru-fabricarea-unei-fatade-de-mobilier\/","og_site_name":"ABN","article_modified_time":"2025-09-29T16:04:53+00:00","og_image":[{"width":500,"height":500,"url":"https:\/\/abn.md\/wp-content\/uploads\/2024\/04\/b5o32036k5.png","type":"image\/png"}],"twitter_card":"summary_large_image","twitter_misc":{"Price":"0.00&nbsp;MDL","Availability":"In stock"},"schema":{"@context":"https:\/\/schema.org","@graph":[{"@type":"WebPage","@id":"https:\/\/abn.md\/en\/product\/un-set-de-freze-pentru-fabricarea-unei-fatade-de-mobilier\/","url":"https:\/\/abn.md\/en\/product\/un-set-de-freze-pentru-fabricarea-unei-fatade-de-mobilier\/","name":"Un set de freze pentru fabricarea unei fa\u021bade de mobilier - ABN","isPartOf":{"@id":"https:\/\/abn.md\/en\/#website"},"primaryImageOfPage":{"@id":"https:\/\/abn.md\/en\/product\/un-set-de-freze-pentru-fabricarea-unei-fatade-de-mobilier\/#primaryimage"},"image":{"@id":"https:\/\/abn.md\/en\/product\/un-set-de-freze-pentru-fabricarea-unei-fatade-de-mobilier\/#primaryimage"},"thumbnailUrl":"https:\/\/abn.md\/wp-content\/uploads\/2024\/04\/b5o32036k5.png","datePublished":"2024-04-10T12:56:13+00:00","dateModified":"2025-09-29T16:04:53+00:00","description":"Frezele de mobil\u0103 sunt lipite cu pl\u0103ci din aliaj dur BK8 \u0219i sunt proiectate pentru prelucrarea v\u00e2rfurilor \u0219i legarea fa\u021badelor de mobilier \u0219i a panourilor","breadcrumb":{"@id":"https:\/\/abn.md\/en\/product\/un-set-de-freze-pentru-fabricarea-unei-fatade-de-mobilier\/#breadcrumb"},"inLanguage":"en-US","potentialAction":[{"@type":"ReadAction","target":["https:\/\/abn.md\/en\/product\/un-set-de-freze-pentru-fabricarea-unei-fatade-de-mobilier\/"]}]},{"@type":"ImageObject","inLanguage":"en-US","@id":"https:\/\/abn.md\/en\/product\/un-set-de-freze-pentru-fabricarea-unei-fatade-de-mobilier\/#primaryimage","url":"https:\/\/abn.md\/wp-content\/uploads\/2024\/04\/b5o32036k5.png","contentUrl":"https:\/\/abn.md\/wp-content\/uploads\/2024\/04\/b5o32036k5.png","width":500,"height":500},{"@type":"BreadcrumbList","@id":"https:\/\/abn.md\/en\/product\/un-set-de-freze-pentru-fabricarea-unei-fatade-de-mobilier\/#breadcrumb","itemListElement":[{"@type":"ListItem","position":1,"name":"Home","item":"https:\/\/abn.md\/en\/"},{"@type":"ListItem","position":2,"name":"Shop","item":"https:\/\/abn.md\/en\/catalog\/"},{"@type":"ListItem","position":3,"name":"Un set de freze pentru fabricarea unei fa\u021bade de mobilier"}]},{"@type":"WebSite","@id":"https:\/\/abn.md\/en\/#website","url":"https:\/\/abn.md\/en\/","name":"ABN","description":"CENTRUL DE ECHIPAMENT \u0218I TEHNOLOGII","publisher":{"@id":"https:\/\/abn.md\/en\/#organization"},"potentialAction":[{"@type":"SearchAction","target":{"@type":"EntryPoint","urlTemplate":"https:\/\/abn.md\/en\/?s={search_term_string}"},"query-input":{"@type":"PropertyValueSpecification","valueRequired":true,"valueName":"search_term_string"}}],"inLanguage":"en-US"},{"@type":"Organization","@id":"https:\/\/abn.md\/en\/#organization","name":"ABN","url":"https:\/\/abn.md\/en\/","logo":{"@type":"ImageObject","inLanguage":"en-US","@id":"https:\/\/abn.md\/en\/#\/schema\/logo\/image\/","url":"https:\/\/abn.md\/wp-content\/uploads\/2024\/03\/logo.png","contentUrl":"https:\/\/abn.md\/wp-content\/uploads\/2024\/03\/logo.png","width":159,"height":112,"caption":"ABN"},"image":{"@id":"https:\/\/abn.md\/en\/#\/schema\/logo\/image\/"}}]},"product_price_amount":"0.00","product_price_currency":"MDL","og_availability":"instock","product_availability":"instock","product_retailer_item_id":"fa7cdfad1a5a","product_condition":"new"},"_links":{"self":[{"href":"https:\/\/abn.md\/en\/wp-json\/wp\/v2\/product\/17669","targetHints":{"allow":["GET"]}}],"collection":[{"href":"https:\/\/abn.md\/en\/wp-json\/wp\/v2\/product"}],"about":[{"href":"https:\/\/abn.md\/en\/wp-json\/wp\/v2\/types\/product"}],"version-history":[{"count":1,"href":"https:\/\/abn.md\/en\/wp-json\/wp\/v2\/product\/17669\/revisions"}],"predecessor-version":[{"id":21728,"href":"https:\/\/abn.md\/en\/wp-json\/wp\/v2\/product\/17669\/revisions\/21728"}],"wp:featuredmedia":[{"embeddable":true,"href":"https:\/\/abn.md\/en\/wp-json\/wp\/v2\/media\/16971"}],"wp:attachment":[{"href":"https:\/\/abn.md\/en\/wp-json\/wp\/v2\/media?parent=17669"}],"wp:term":[{"taxonomy":"product_brand","embeddable":true,"href":"https:\/\/abn.md\/en\/wp-json\/wp\/v2\/product_brand?post=17669"},{"taxonomy":"product_cat","embeddable":true,"href":"https:\/\/abn.md\/en\/wp-json\/wp\/v2\/product_cat?post=17669"},{"taxonomy":"product_tag","embeddable":true,"href":"https:\/\/abn.md\/en\/wp-json\/wp\/v2\/product_tag?post=17669"}],"curies":[{"name":"wp","href":"https:\/\/api.w.org\/{rel}","templated":true}]}}