{"id":17671,"date":"2024-04-10T15:56:13","date_gmt":"2024-04-10T12:56:13","guid":{"rendered":"https:\/\/abn.md\/product\/freza-pentru-fabricarea-panourilor-de-usa\/"},"modified":"2025-09-29T19:04:50","modified_gmt":"2025-09-29T16:04:50","slug":"freza-pentru-fabricarea-panourilor-de-usa","status":"publish","type":"product","link":"https:\/\/abn.md\/en\/product\/freza-pentru-fabricarea-panourilor-de-usa\/","title":{"rendered":"Frez\u0103 pentru fabricarea panourilor de u\u0219\u0103"},"content":{"rendered":"<div><span style=\"font-family:times new roman,times,serif\"><span style=\"font-size:20px\">Frezele (st\u00e2nga sau dreapta), lipite cu pl\u0103ci din aliaj dur VK8, sunt destinate prelucr\u0103rii suprafe\u021belor de profil ale panourilor fa\u021badelor de mobil\u0103, u\u0219ilor \u0219i panourilor de pere\u021bi din lemn mediu \u0219i moale pe freze. Pl\u0103cile din VK8 sunt utilizate \u00een principal \u00een prelucrarea speciilor de lemn moale \u0219i dur (conifere: molid, pin; precum \u0219i stejar \u0219i frasin. T\u0103ietorul pentru umplutur\u0103 este ascu\u021bit pe ma\u0219inile de ascu\u021bit optice, care atinge precizia absolut\u0103 a prelucr\u0103rii cu to\u021bi din\u021bii t\u0103ietorilor.<\/span><\/span><\/div>\n<pre>&#13;\n<span style=\"font-size:20px\"><span style=\"font-family:times new roman,times,serif\">Diametru exterior (D) -180mm&#13;\nDiametrul jantei (d) -32 mm&#13;\n&Icirc;n\u0103l\u021bime (B) -19 mm&#13;\nLungime (L) -65mm&#13;\nNum\u0103r de din\u021bi (Z) - 3<\/span><\/span><\/pre>\n<p>&#13;<\/p>\n","protected":false},"excerpt":{"rendered":"<p>Frezele (st\u00e2nga sau dreapta), lipite cu pl\u0103ci din aliaj dur VK8, sunt destinate prelucr\u0103rii suprafe\u021belor de profil ale panourilor fa\u021badelor<\/p>\n","protected":false},"featured_media":16976,"template":"","meta":{"rs_blank_template":"","rs_page_bg_color":"","slide_template_v7":""},"product_brand":[],"product_cat":[749],"product_tag":[],"class_list":{"0":"post-17671","1":"product","2":"type-product","3":"status-publish","4":"has-post-thumbnail","6":"product_cat-freza-pentru-lemn-freze","8":"first","9":"instock","10":"purchasable","11":"product-type-simple"},"yoast_head":"<!-- This site is optimized with the Yoast SEO Premium plugin v27.3 (Yoast SEO v27.4) - https:\/\/yoast.com\/product\/yoast-seo-premium-wordpress\/ -->\n<title>Frez\u0103 pentru fabricarea panourilor de u\u0219\u0103 - ABN<\/title>\n<meta name=\"description\" content=\"Frezele (st\u00e2nga sau dreapta), lipite cu pl\u0103ci din aliaj dur VK8, sunt destinate prelucr\u0103rii suprafe\u021belor de profil ale panourilor fa\u021badelor de mobil\u0103,\" \/>\n<meta name=\"robots\" content=\"index, follow, max-snippet:-1, max-image-preview:large, max-video-preview:-1\" \/>\n<link rel=\"canonical\" href=\"https:\/\/abn.md\/en\/product\/freza-pentru-fabricarea-panourilor-de-usa\/\" \/>\n<meta property=\"og:locale\" content=\"en_US\" \/>\n<meta property=\"og:type\" content=\"article\" \/>\n<meta property=\"og:title\" content=\"Frez\u0103 pentru fabricarea panourilor de u\u0219\u0103\" \/>\n<meta property=\"og:description\" content=\"Frezele (st\u00e2nga sau dreapta), lipite cu pl\u0103ci din aliaj dur VK8, sunt destinate prelucr\u0103rii suprafe\u021belor de profil ale panourilor fa\u021badelor de mobil\u0103,\" \/>\n<meta property=\"og:url\" content=\"https:\/\/abn.md\/en\/product\/freza-pentru-fabricarea-panourilor-de-usa\/\" \/>\n<meta property=\"og:site_name\" content=\"ABN\" \/>\n<meta property=\"article:modified_time\" content=\"2025-09-29T16:04:50+00:00\" \/>\n<meta property=\"og:image\" content=\"https:\/\/abn.md\/wp-content\/uploads\/2024\/04\/rt7bo1o1vf.png\" \/>\n\t<meta property=\"og:image:width\" content=\"500\" \/>\n\t<meta property=\"og:image:height\" content=\"500\" \/>\n\t<meta property=\"og:image:type\" content=\"image\/png\" \/>\n<meta name=\"twitter:card\" content=\"summary_large_image\" \/>\n<meta name=\"twitter:label1\" content=\"Price\" \/>\n\t<meta name=\"twitter:data1\" content=\"0.00&nbsp;MDL\" \/>\n\t<meta name=\"twitter:label2\" content=\"Availability\" \/>\n\t<meta name=\"twitter:data2\" content=\"In stock\" \/>\n<script type=\"application\/ld+json\" class=\"yoast-schema-graph\">{\"@context\":\"https:\\\/\\\/schema.org\",\"@graph\":[{\"@type\":\"WebPage\",\"@id\":\"https:\\\/\\\/abn.md\\\/en\\\/product\\\/freza-pentru-fabricarea-panourilor-de-usa\\\/\",\"url\":\"https:\\\/\\\/abn.md\\\/en\\\/product\\\/freza-pentru-fabricarea-panourilor-de-usa\\\/\",\"name\":\"Frez\u0103 pentru fabricarea panourilor de u\u0219\u0103 - ABN\",\"isPartOf\":{\"@id\":\"https:\\\/\\\/abn.md\\\/en\\\/#website\"},\"primaryImageOfPage\":{\"@id\":\"https:\\\/\\\/abn.md\\\/en\\\/product\\\/freza-pentru-fabricarea-panourilor-de-usa\\\/#primaryimage\"},\"image\":{\"@id\":\"https:\\\/\\\/abn.md\\\/en\\\/product\\\/freza-pentru-fabricarea-panourilor-de-usa\\\/#primaryimage\"},\"thumbnailUrl\":\"https:\\\/\\\/abn.md\\\/wp-content\\\/uploads\\\/2024\\\/04\\\/rt7bo1o1vf.png\",\"datePublished\":\"2024-04-10T12:56:13+00:00\",\"dateModified\":\"2025-09-29T16:04:50+00:00\",\"description\":\"Frezele (st\u00e2nga sau dreapta), lipite cu pl\u0103ci din aliaj dur VK8, sunt destinate prelucr\u0103rii suprafe\u021belor de profil ale panourilor fa\u021badelor de mobil\u0103,\",\"breadcrumb\":{\"@id\":\"https:\\\/\\\/abn.md\\\/en\\\/product\\\/freza-pentru-fabricarea-panourilor-de-usa\\\/#breadcrumb\"},\"inLanguage\":\"en-US\",\"potentialAction\":[{\"@type\":\"ReadAction\",\"target\":[\"https:\\\/\\\/abn.md\\\/en\\\/product\\\/freza-pentru-fabricarea-panourilor-de-usa\\\/\"]}]},{\"@type\":\"ImageObject\",\"inLanguage\":\"en-US\",\"@id\":\"https:\\\/\\\/abn.md\\\/en\\\/product\\\/freza-pentru-fabricarea-panourilor-de-usa\\\/#primaryimage\",\"url\":\"https:\\\/\\\/abn.md\\\/wp-content\\\/uploads\\\/2024\\\/04\\\/rt7bo1o1vf.png\",\"contentUrl\":\"https:\\\/\\\/abn.md\\\/wp-content\\\/uploads\\\/2024\\\/04\\\/rt7bo1o1vf.png\",\"width\":500,\"height\":500},{\"@type\":\"BreadcrumbList\",\"@id\":\"https:\\\/\\\/abn.md\\\/en\\\/product\\\/freza-pentru-fabricarea-panourilor-de-usa\\\/#breadcrumb\",\"itemListElement\":[{\"@type\":\"ListItem\",\"position\":1,\"name\":\"Home\",\"item\":\"https:\\\/\\\/abn.md\\\/en\\\/\"},{\"@type\":\"ListItem\",\"position\":2,\"name\":\"Shop\",\"item\":\"https:\\\/\\\/abn.md\\\/en\\\/catalog\\\/\"},{\"@type\":\"ListItem\",\"position\":3,\"name\":\"Frez\u0103 pentru fabricarea panourilor de u\u0219\u0103\"}]},{\"@type\":\"WebSite\",\"@id\":\"https:\\\/\\\/abn.md\\\/en\\\/#website\",\"url\":\"https:\\\/\\\/abn.md\\\/en\\\/\",\"name\":\"ABN\",\"description\":\"CENTRUL DE ECHIPAMENT \u0218I TEHNOLOGII\",\"publisher\":{\"@id\":\"https:\\\/\\\/abn.md\\\/en\\\/#organization\"},\"potentialAction\":[{\"@type\":\"SearchAction\",\"target\":{\"@type\":\"EntryPoint\",\"urlTemplate\":\"https:\\\/\\\/abn.md\\\/en\\\/?s={search_term_string}\"},\"query-input\":{\"@type\":\"PropertyValueSpecification\",\"valueRequired\":true,\"valueName\":\"search_term_string\"}}],\"inLanguage\":\"en-US\"},{\"@type\":\"Organization\",\"@id\":\"https:\\\/\\\/abn.md\\\/en\\\/#organization\",\"name\":\"ABN\",\"url\":\"https:\\\/\\\/abn.md\\\/en\\\/\",\"logo\":{\"@type\":\"ImageObject\",\"inLanguage\":\"en-US\",\"@id\":\"https:\\\/\\\/abn.md\\\/en\\\/#\\\/schema\\\/logo\\\/image\\\/\",\"url\":\"https:\\\/\\\/abn.md\\\/wp-content\\\/uploads\\\/2024\\\/03\\\/logo.png\",\"contentUrl\":\"https:\\\/\\\/abn.md\\\/wp-content\\\/uploads\\\/2024\\\/03\\\/logo.png\",\"width\":159,\"height\":112,\"caption\":\"ABN\"},\"image\":{\"@id\":\"https:\\\/\\\/abn.md\\\/en\\\/#\\\/schema\\\/logo\\\/image\\\/\"}}]}<\/script>\n<meta property=\"product:price:amount\" content=\"0.00\" \/>\n<meta property=\"product:price:currency\" content=\"MDL\" \/>\n<meta property=\"og:availability\" content=\"instock\" \/>\n<meta property=\"product:availability\" content=\"instock\" \/>\n<meta property=\"product:retailer_item_id\" content=\"9766527f2b5d\" \/>\n<meta property=\"product:condition\" content=\"new\" \/>\n<!-- \/ Yoast SEO Premium plugin. -->","yoast_head_json":{"title":"Frez\u0103 pentru fabricarea panourilor de u\u0219\u0103 - ABN","description":"Frezele (st\u00e2nga sau dreapta), lipite cu pl\u0103ci din aliaj dur VK8, sunt destinate prelucr\u0103rii suprafe\u021belor de profil ale panourilor fa\u021badelor de mobil\u0103,","robots":{"index":"index","follow":"follow","max-snippet":"max-snippet:-1","max-image-preview":"max-image-preview:large","max-video-preview":"max-video-preview:-1"},"canonical":"https:\/\/abn.md\/en\/product\/freza-pentru-fabricarea-panourilor-de-usa\/","og_locale":"en_US","og_type":"article","og_title":"Frez\u0103 pentru fabricarea panourilor de u\u0219\u0103","og_description":"Frezele (st\u00e2nga sau dreapta), lipite cu pl\u0103ci din aliaj dur VK8, sunt destinate prelucr\u0103rii suprafe\u021belor de profil ale panourilor fa\u021badelor de mobil\u0103,","og_url":"https:\/\/abn.md\/en\/product\/freza-pentru-fabricarea-panourilor-de-usa\/","og_site_name":"ABN","article_modified_time":"2025-09-29T16:04:50+00:00","og_image":[{"width":500,"height":500,"url":"https:\/\/abn.md\/wp-content\/uploads\/2024\/04\/rt7bo1o1vf.png","type":"image\/png"}],"twitter_card":"summary_large_image","twitter_misc":{"Price":"0.00&nbsp;MDL","Availability":"In stock"},"schema":{"@context":"https:\/\/schema.org","@graph":[{"@type":"WebPage","@id":"https:\/\/abn.md\/en\/product\/freza-pentru-fabricarea-panourilor-de-usa\/","url":"https:\/\/abn.md\/en\/product\/freza-pentru-fabricarea-panourilor-de-usa\/","name":"Frez\u0103 pentru fabricarea panourilor de u\u0219\u0103 - ABN","isPartOf":{"@id":"https:\/\/abn.md\/en\/#website"},"primaryImageOfPage":{"@id":"https:\/\/abn.md\/en\/product\/freza-pentru-fabricarea-panourilor-de-usa\/#primaryimage"},"image":{"@id":"https:\/\/abn.md\/en\/product\/freza-pentru-fabricarea-panourilor-de-usa\/#primaryimage"},"thumbnailUrl":"https:\/\/abn.md\/wp-content\/uploads\/2024\/04\/rt7bo1o1vf.png","datePublished":"2024-04-10T12:56:13+00:00","dateModified":"2025-09-29T16:04:50+00:00","description":"Frezele (st\u00e2nga sau dreapta), lipite cu pl\u0103ci din aliaj dur VK8, sunt destinate prelucr\u0103rii suprafe\u021belor de profil ale panourilor fa\u021badelor de mobil\u0103,","breadcrumb":{"@id":"https:\/\/abn.md\/en\/product\/freza-pentru-fabricarea-panourilor-de-usa\/#breadcrumb"},"inLanguage":"en-US","potentialAction":[{"@type":"ReadAction","target":["https:\/\/abn.md\/en\/product\/freza-pentru-fabricarea-panourilor-de-usa\/"]}]},{"@type":"ImageObject","inLanguage":"en-US","@id":"https:\/\/abn.md\/en\/product\/freza-pentru-fabricarea-panourilor-de-usa\/#primaryimage","url":"https:\/\/abn.md\/wp-content\/uploads\/2024\/04\/rt7bo1o1vf.png","contentUrl":"https:\/\/abn.md\/wp-content\/uploads\/2024\/04\/rt7bo1o1vf.png","width":500,"height":500},{"@type":"BreadcrumbList","@id":"https:\/\/abn.md\/en\/product\/freza-pentru-fabricarea-panourilor-de-usa\/#breadcrumb","itemListElement":[{"@type":"ListItem","position":1,"name":"Home","item":"https:\/\/abn.md\/en\/"},{"@type":"ListItem","position":2,"name":"Shop","item":"https:\/\/abn.md\/en\/catalog\/"},{"@type":"ListItem","position":3,"name":"Frez\u0103 pentru fabricarea panourilor de u\u0219\u0103"}]},{"@type":"WebSite","@id":"https:\/\/abn.md\/en\/#website","url":"https:\/\/abn.md\/en\/","name":"ABN","description":"CENTRUL DE ECHIPAMENT \u0218I TEHNOLOGII","publisher":{"@id":"https:\/\/abn.md\/en\/#organization"},"potentialAction":[{"@type":"SearchAction","target":{"@type":"EntryPoint","urlTemplate":"https:\/\/abn.md\/en\/?s={search_term_string}"},"query-input":{"@type":"PropertyValueSpecification","valueRequired":true,"valueName":"search_term_string"}}],"inLanguage":"en-US"},{"@type":"Organization","@id":"https:\/\/abn.md\/en\/#organization","name":"ABN","url":"https:\/\/abn.md\/en\/","logo":{"@type":"ImageObject","inLanguage":"en-US","@id":"https:\/\/abn.md\/en\/#\/schema\/logo\/image\/","url":"https:\/\/abn.md\/wp-content\/uploads\/2024\/03\/logo.png","contentUrl":"https:\/\/abn.md\/wp-content\/uploads\/2024\/03\/logo.png","width":159,"height":112,"caption":"ABN"},"image":{"@id":"https:\/\/abn.md\/en\/#\/schema\/logo\/image\/"}}]},"product_price_amount":"0.00","product_price_currency":"MDL","og_availability":"instock","product_availability":"instock","product_retailer_item_id":"9766527f2b5d","product_condition":"new"},"_links":{"self":[{"href":"https:\/\/abn.md\/en\/wp-json\/wp\/v2\/product\/17671","targetHints":{"allow":["GET"]}}],"collection":[{"href":"https:\/\/abn.md\/en\/wp-json\/wp\/v2\/product"}],"about":[{"href":"https:\/\/abn.md\/en\/wp-json\/wp\/v2\/types\/product"}],"version-history":[{"count":1,"href":"https:\/\/abn.md\/en\/wp-json\/wp\/v2\/product\/17671\/revisions"}],"predecessor-version":[{"id":21725,"href":"https:\/\/abn.md\/en\/wp-json\/wp\/v2\/product\/17671\/revisions\/21725"}],"wp:featuredmedia":[{"embeddable":true,"href":"https:\/\/abn.md\/en\/wp-json\/wp\/v2\/media\/16976"}],"wp:attachment":[{"href":"https:\/\/abn.md\/en\/wp-json\/wp\/v2\/media?parent=17671"}],"wp:term":[{"taxonomy":"product_brand","embeddable":true,"href":"https:\/\/abn.md\/en\/wp-json\/wp\/v2\/product_brand?post=17671"},{"taxonomy":"product_cat","embeddable":true,"href":"https:\/\/abn.md\/en\/wp-json\/wp\/v2\/product_cat?post=17671"},{"taxonomy":"product_tag","embeddable":true,"href":"https:\/\/abn.md\/en\/wp-json\/wp\/v2\/product_tag?post=17671"}],"curies":[{"name":"wp","href":"https:\/\/api.w.org\/{rel}","templated":true}]}}