{"id":17675,"date":"2024-04-10T15:56:13","date_gmt":"2024-04-10T12:56:13","guid":{"rendered":"https:\/\/abn.md\/product\/freza-micro-spike-pentru-imbinarea-in-latime-cu-rafturi\/"},"modified":"2025-09-29T19:04:46","modified_gmt":"2025-09-29T16:04:46","slug":"freza-micro-spike-pentru-imbinarea-in-latime-cu-rafturi","status":"publish","type":"product","link":"https:\/\/abn.md\/en\/product\/freza-micro-spike-pentru-imbinarea-in-latime-cu-rafturi\/","title":{"rendered":"Frez\u0103 micro-spike pentru \u00eembinarea \u00een l\u0103\u021bime cu rafturi"},"content":{"rendered":"<p><span style=\"font-family:times new roman,times,serif\"><span style=\"font-size:20px\">Freza de t\u0103iat cu micro-degete pentru lemn poate prelucra at\u00e2t specii de lemn moale, c\u00e2t \u0219i specii de lemn dur, cre\u00e2nd caneluri comparabile pentru a asigura lipirea fiabil\u0103 a diferitelor p\u0103r\u021bi ale aceluia\u0219i produs. Prelucrarea semifabricatelor din lemn cu acest instrument v\u0103 permite s\u0103 crea\u021bi articole precum rame, cutii etc. Pentru a-l utiliza, ve\u021bi avea nevoie de o ma\u0219in\u0103 de frezat special\u0103 care va automatiza procesul, va crea un transportor, de exemplu, \u00een fabricarea mobilierului.<\/span><\/span><\/p>\n<p><span style=\"font-family:times new roman,times,serif\"><span style=\"font-size:20px\">Frezele pe care le oferim sunt fabricate dintr-un aliaj durabil \u0219i au freze ascu\u021bite, astfel \u00eenc\u00e2t canelurile sunt exacte \u0219i exacte, se potrivesc perfect cu cele create pe produsul care urmeaz\u0103 s\u0103 fie \u00eembinat.<\/span><\/span><\/p>\n<p><span style=\"background-color:rgb(255, 255, 255); color:rgb(51, 51, 51); font-family:times new roman,times,serif; font-size:20px\">Diametru exterior (D) &#8211; 140 mm<\/span><br \/>&#13;<br \/>\n<span style=\"background-color:rgb(255, 255, 255); color:rgb(51, 51, 51); font-family:times new roman,times,serif; font-size:20px\">Diametrul ateriz\u0103rii (d) &#8211; 32 mm<\/span><br \/>&#13;<br \/>\n<span style=\"background-color:rgb(255, 255, 255); color:rgb(51, 51, 51); font-family:times new roman,times,serif; font-size:20px\">h &#8211; 5 mm<\/span><br \/>&#13;<br \/>\n<span style=\"background-color:rgb(255, 255, 255); color:rgb(51, 51, 51); font-family:times new roman,times,serif; font-size:20px\">t &#8211; 6 mm<\/span><br \/>&#13;<br \/>\n<span style=\"background-color:rgb(255, 255, 255); color:rgb(51, 51, 51); font-family:times new roman,times,serif; font-size:20px\">&Icirc;n\u0103l\u021bime (B) &#8211; 60 mm<\/span><\/p>\n<p>&#13;<\/p>\n","protected":false},"excerpt":{"rendered":"<p>Freza de t\u0103iat cu micro-degete pentru lemn poate prelucra at\u00e2t specii de lemn moale, c\u00e2t \u0219i specii de lemn dur,<\/p>\n","protected":false},"featured_media":16986,"template":"","meta":{"rs_blank_template":"","rs_page_bg_color":"","slide_template_v7":""},"product_brand":[],"product_cat":[749],"product_tag":[],"class_list":{"0":"post-17675","1":"product","2":"type-product","3":"status-publish","4":"has-post-thumbnail","6":"product_cat-freza-pentru-lemn-freze","8":"first","9":"instock","10":"purchasable","11":"product-type-simple"},"yoast_head":"<!-- This site is optimized with the Yoast SEO Premium plugin v27.3 (Yoast SEO v27.4) - https:\/\/yoast.com\/product\/yoast-seo-premium-wordpress\/ -->\n<title>Frez\u0103 micro-spike pentru \u00eembinarea \u00een l\u0103\u021bime cu rafturi - ABN<\/title>\n<meta name=\"description\" content=\"Freza de t\u0103iat cu micro-degete pentru lemn poate prelucra at\u00e2t specii de lemn moale, c\u00e2t \u0219i specii de lemn dur, cre\u00e2nd caneluri comparabile pentru a\" \/>\n<meta name=\"robots\" content=\"index, follow, max-snippet:-1, max-image-preview:large, max-video-preview:-1\" \/>\n<link rel=\"canonical\" href=\"https:\/\/abn.md\/en\/product\/freza-micro-spike-pentru-imbinarea-in-latime-cu-rafturi\/\" \/>\n<meta property=\"og:locale\" content=\"en_US\" \/>\n<meta property=\"og:type\" content=\"article\" \/>\n<meta property=\"og:title\" content=\"Frez\u0103 micro-spike pentru \u00eembinarea \u00een l\u0103\u021bime cu rafturi\" \/>\n<meta property=\"og:description\" content=\"Freza de t\u0103iat cu micro-degete pentru lemn poate prelucra at\u00e2t specii de lemn moale, c\u00e2t \u0219i specii de lemn dur, cre\u00e2nd caneluri comparabile pentru a\" \/>\n<meta property=\"og:url\" content=\"https:\/\/abn.md\/en\/product\/freza-micro-spike-pentru-imbinarea-in-latime-cu-rafturi\/\" \/>\n<meta property=\"og:site_name\" content=\"ABN\" \/>\n<meta property=\"article:modified_time\" content=\"2025-09-29T16:04:46+00:00\" \/>\n<meta property=\"og:image\" content=\"https:\/\/abn.md\/wp-content\/uploads\/2024\/04\/o7tvk8_068.jpg\" \/>\n\t<meta property=\"og:image:width\" content=\"500\" \/>\n\t<meta property=\"og:image:height\" content=\"500\" \/>\n\t<meta property=\"og:image:type\" content=\"image\/jpeg\" \/>\n<meta name=\"twitter:card\" content=\"summary_large_image\" \/>\n<meta name=\"twitter:label1\" content=\"Price\" \/>\n\t<meta name=\"twitter:data1\" content=\"0.00&nbsp;MDL\" \/>\n\t<meta name=\"twitter:label2\" content=\"Availability\" \/>\n\t<meta name=\"twitter:data2\" content=\"In stock\" \/>\n<script type=\"application\/ld+json\" class=\"yoast-schema-graph\">{\"@context\":\"https:\\\/\\\/schema.org\",\"@graph\":[{\"@type\":\"WebPage\",\"@id\":\"https:\\\/\\\/abn.md\\\/en\\\/product\\\/freza-micro-spike-pentru-imbinarea-in-latime-cu-rafturi\\\/\",\"url\":\"https:\\\/\\\/abn.md\\\/en\\\/product\\\/freza-micro-spike-pentru-imbinarea-in-latime-cu-rafturi\\\/\",\"name\":\"Frez\u0103 micro-spike pentru \u00eembinarea \u00een l\u0103\u021bime cu rafturi - ABN\",\"isPartOf\":{\"@id\":\"https:\\\/\\\/abn.md\\\/en\\\/#website\"},\"primaryImageOfPage\":{\"@id\":\"https:\\\/\\\/abn.md\\\/en\\\/product\\\/freza-micro-spike-pentru-imbinarea-in-latime-cu-rafturi\\\/#primaryimage\"},\"image\":{\"@id\":\"https:\\\/\\\/abn.md\\\/en\\\/product\\\/freza-micro-spike-pentru-imbinarea-in-latime-cu-rafturi\\\/#primaryimage\"},\"thumbnailUrl\":\"https:\\\/\\\/abn.md\\\/wp-content\\\/uploads\\\/2024\\\/04\\\/o7tvk8_068.jpg\",\"datePublished\":\"2024-04-10T12:56:13+00:00\",\"dateModified\":\"2025-09-29T16:04:46+00:00\",\"description\":\"Freza de t\u0103iat cu micro-degete pentru lemn poate prelucra at\u00e2t specii de lemn moale, c\u00e2t \u0219i specii de lemn dur, cre\u00e2nd caneluri comparabile pentru a\",\"breadcrumb\":{\"@id\":\"https:\\\/\\\/abn.md\\\/en\\\/product\\\/freza-micro-spike-pentru-imbinarea-in-latime-cu-rafturi\\\/#breadcrumb\"},\"inLanguage\":\"en-US\",\"potentialAction\":[{\"@type\":\"ReadAction\",\"target\":[\"https:\\\/\\\/abn.md\\\/en\\\/product\\\/freza-micro-spike-pentru-imbinarea-in-latime-cu-rafturi\\\/\"]}]},{\"@type\":\"ImageObject\",\"inLanguage\":\"en-US\",\"@id\":\"https:\\\/\\\/abn.md\\\/en\\\/product\\\/freza-micro-spike-pentru-imbinarea-in-latime-cu-rafturi\\\/#primaryimage\",\"url\":\"https:\\\/\\\/abn.md\\\/wp-content\\\/uploads\\\/2024\\\/04\\\/o7tvk8_068.jpg\",\"contentUrl\":\"https:\\\/\\\/abn.md\\\/wp-content\\\/uploads\\\/2024\\\/04\\\/o7tvk8_068.jpg\",\"width\":500,\"height\":500},{\"@type\":\"BreadcrumbList\",\"@id\":\"https:\\\/\\\/abn.md\\\/en\\\/product\\\/freza-micro-spike-pentru-imbinarea-in-latime-cu-rafturi\\\/#breadcrumb\",\"itemListElement\":[{\"@type\":\"ListItem\",\"position\":1,\"name\":\"Home\",\"item\":\"https:\\\/\\\/abn.md\\\/en\\\/\"},{\"@type\":\"ListItem\",\"position\":2,\"name\":\"Shop\",\"item\":\"https:\\\/\\\/abn.md\\\/en\\\/catalog\\\/\"},{\"@type\":\"ListItem\",\"position\":3,\"name\":\"Frez\u0103 micro-spike pentru \u00eembinarea \u00een l\u0103\u021bime cu rafturi\"}]},{\"@type\":\"WebSite\",\"@id\":\"https:\\\/\\\/abn.md\\\/en\\\/#website\",\"url\":\"https:\\\/\\\/abn.md\\\/en\\\/\",\"name\":\"ABN\",\"description\":\"CENTRUL DE ECHIPAMENT \u0218I TEHNOLOGII\",\"publisher\":{\"@id\":\"https:\\\/\\\/abn.md\\\/en\\\/#organization\"},\"potentialAction\":[{\"@type\":\"SearchAction\",\"target\":{\"@type\":\"EntryPoint\",\"urlTemplate\":\"https:\\\/\\\/abn.md\\\/en\\\/?s={search_term_string}\"},\"query-input\":{\"@type\":\"PropertyValueSpecification\",\"valueRequired\":true,\"valueName\":\"search_term_string\"}}],\"inLanguage\":\"en-US\"},{\"@type\":\"Organization\",\"@id\":\"https:\\\/\\\/abn.md\\\/en\\\/#organization\",\"name\":\"ABN\",\"url\":\"https:\\\/\\\/abn.md\\\/en\\\/\",\"logo\":{\"@type\":\"ImageObject\",\"inLanguage\":\"en-US\",\"@id\":\"https:\\\/\\\/abn.md\\\/en\\\/#\\\/schema\\\/logo\\\/image\\\/\",\"url\":\"https:\\\/\\\/abn.md\\\/wp-content\\\/uploads\\\/2024\\\/03\\\/logo.png\",\"contentUrl\":\"https:\\\/\\\/abn.md\\\/wp-content\\\/uploads\\\/2024\\\/03\\\/logo.png\",\"width\":159,\"height\":112,\"caption\":\"ABN\"},\"image\":{\"@id\":\"https:\\\/\\\/abn.md\\\/en\\\/#\\\/schema\\\/logo\\\/image\\\/\"}}]}<\/script>\n<meta property=\"product:price:amount\" content=\"0.00\" \/>\n<meta property=\"product:price:currency\" content=\"MDL\" \/>\n<meta property=\"og:availability\" content=\"instock\" \/>\n<meta property=\"product:availability\" content=\"instock\" \/>\n<meta property=\"product:retailer_item_id\" content=\"5878a7ab84fb\" \/>\n<meta property=\"product:condition\" content=\"new\" \/>\n<!-- \/ Yoast SEO Premium plugin. -->","yoast_head_json":{"title":"Frez\u0103 micro-spike pentru \u00eembinarea \u00een l\u0103\u021bime cu rafturi - ABN","description":"Freza de t\u0103iat cu micro-degete pentru lemn poate prelucra at\u00e2t specii de lemn moale, c\u00e2t \u0219i specii de lemn dur, cre\u00e2nd caneluri comparabile pentru a","robots":{"index":"index","follow":"follow","max-snippet":"max-snippet:-1","max-image-preview":"max-image-preview:large","max-video-preview":"max-video-preview:-1"},"canonical":"https:\/\/abn.md\/en\/product\/freza-micro-spike-pentru-imbinarea-in-latime-cu-rafturi\/","og_locale":"en_US","og_type":"article","og_title":"Frez\u0103 micro-spike pentru \u00eembinarea \u00een l\u0103\u021bime cu rafturi","og_description":"Freza de t\u0103iat cu micro-degete pentru lemn poate prelucra at\u00e2t specii de lemn moale, c\u00e2t \u0219i specii de lemn dur, cre\u00e2nd caneluri comparabile pentru a","og_url":"https:\/\/abn.md\/en\/product\/freza-micro-spike-pentru-imbinarea-in-latime-cu-rafturi\/","og_site_name":"ABN","article_modified_time":"2025-09-29T16:04:46+00:00","og_image":[{"width":500,"height":500,"url":"https:\/\/abn.md\/wp-content\/uploads\/2024\/04\/o7tvk8_068.jpg","type":"image\/jpeg"}],"twitter_card":"summary_large_image","twitter_misc":{"Price":"0.00&nbsp;MDL","Availability":"In stock"},"schema":{"@context":"https:\/\/schema.org","@graph":[{"@type":"WebPage","@id":"https:\/\/abn.md\/en\/product\/freza-micro-spike-pentru-imbinarea-in-latime-cu-rafturi\/","url":"https:\/\/abn.md\/en\/product\/freza-micro-spike-pentru-imbinarea-in-latime-cu-rafturi\/","name":"Frez\u0103 micro-spike pentru \u00eembinarea \u00een l\u0103\u021bime cu rafturi - ABN","isPartOf":{"@id":"https:\/\/abn.md\/en\/#website"},"primaryImageOfPage":{"@id":"https:\/\/abn.md\/en\/product\/freza-micro-spike-pentru-imbinarea-in-latime-cu-rafturi\/#primaryimage"},"image":{"@id":"https:\/\/abn.md\/en\/product\/freza-micro-spike-pentru-imbinarea-in-latime-cu-rafturi\/#primaryimage"},"thumbnailUrl":"https:\/\/abn.md\/wp-content\/uploads\/2024\/04\/o7tvk8_068.jpg","datePublished":"2024-04-10T12:56:13+00:00","dateModified":"2025-09-29T16:04:46+00:00","description":"Freza de t\u0103iat cu micro-degete pentru lemn poate prelucra at\u00e2t specii de lemn moale, c\u00e2t \u0219i specii de lemn dur, cre\u00e2nd caneluri comparabile pentru a","breadcrumb":{"@id":"https:\/\/abn.md\/en\/product\/freza-micro-spike-pentru-imbinarea-in-latime-cu-rafturi\/#breadcrumb"},"inLanguage":"en-US","potentialAction":[{"@type":"ReadAction","target":["https:\/\/abn.md\/en\/product\/freza-micro-spike-pentru-imbinarea-in-latime-cu-rafturi\/"]}]},{"@type":"ImageObject","inLanguage":"en-US","@id":"https:\/\/abn.md\/en\/product\/freza-micro-spike-pentru-imbinarea-in-latime-cu-rafturi\/#primaryimage","url":"https:\/\/abn.md\/wp-content\/uploads\/2024\/04\/o7tvk8_068.jpg","contentUrl":"https:\/\/abn.md\/wp-content\/uploads\/2024\/04\/o7tvk8_068.jpg","width":500,"height":500},{"@type":"BreadcrumbList","@id":"https:\/\/abn.md\/en\/product\/freza-micro-spike-pentru-imbinarea-in-latime-cu-rafturi\/#breadcrumb","itemListElement":[{"@type":"ListItem","position":1,"name":"Home","item":"https:\/\/abn.md\/en\/"},{"@type":"ListItem","position":2,"name":"Shop","item":"https:\/\/abn.md\/en\/catalog\/"},{"@type":"ListItem","position":3,"name":"Frez\u0103 micro-spike pentru \u00eembinarea \u00een l\u0103\u021bime cu rafturi"}]},{"@type":"WebSite","@id":"https:\/\/abn.md\/en\/#website","url":"https:\/\/abn.md\/en\/","name":"ABN","description":"CENTRUL DE ECHIPAMENT \u0218I TEHNOLOGII","publisher":{"@id":"https:\/\/abn.md\/en\/#organization"},"potentialAction":[{"@type":"SearchAction","target":{"@type":"EntryPoint","urlTemplate":"https:\/\/abn.md\/en\/?s={search_term_string}"},"query-input":{"@type":"PropertyValueSpecification","valueRequired":true,"valueName":"search_term_string"}}],"inLanguage":"en-US"},{"@type":"Organization","@id":"https:\/\/abn.md\/en\/#organization","name":"ABN","url":"https:\/\/abn.md\/en\/","logo":{"@type":"ImageObject","inLanguage":"en-US","@id":"https:\/\/abn.md\/en\/#\/schema\/logo\/image\/","url":"https:\/\/abn.md\/wp-content\/uploads\/2024\/03\/logo.png","contentUrl":"https:\/\/abn.md\/wp-content\/uploads\/2024\/03\/logo.png","width":159,"height":112,"caption":"ABN"},"image":{"@id":"https:\/\/abn.md\/en\/#\/schema\/logo\/image\/"}}]},"product_price_amount":"0.00","product_price_currency":"MDL","og_availability":"instock","product_availability":"instock","product_retailer_item_id":"5878a7ab84fb","product_condition":"new"},"_links":{"self":[{"href":"https:\/\/abn.md\/en\/wp-json\/wp\/v2\/product\/17675","targetHints":{"allow":["GET"]}}],"collection":[{"href":"https:\/\/abn.md\/en\/wp-json\/wp\/v2\/product"}],"about":[{"href":"https:\/\/abn.md\/en\/wp-json\/wp\/v2\/types\/product"}],"version-history":[{"count":1,"href":"https:\/\/abn.md\/en\/wp-json\/wp\/v2\/product\/17675\/revisions"}],"predecessor-version":[{"id":21719,"href":"https:\/\/abn.md\/en\/wp-json\/wp\/v2\/product\/17675\/revisions\/21719"}],"wp:featuredmedia":[{"embeddable":true,"href":"https:\/\/abn.md\/en\/wp-json\/wp\/v2\/media\/16986"}],"wp:attachment":[{"href":"https:\/\/abn.md\/en\/wp-json\/wp\/v2\/media?parent=17675"}],"wp:term":[{"taxonomy":"product_brand","embeddable":true,"href":"https:\/\/abn.md\/en\/wp-json\/wp\/v2\/product_brand?post=17675"},{"taxonomy":"product_cat","embeddable":true,"href":"https:\/\/abn.md\/en\/wp-json\/wp\/v2\/product_cat?post=17675"},{"taxonomy":"product_tag","embeddable":true,"href":"https:\/\/abn.md\/en\/wp-json\/wp\/v2\/product_tag?post=17675"}],"curies":[{"name":"wp","href":"https:\/\/api.w.org\/{rel}","templated":true}]}}