{"id":17679,"date":"2024-04-10T15:56:13","date_gmt":"2024-04-10T12:56:13","guid":{"rendered":"https:\/\/abn.md\/product\/un-set-de-freze-pentru-fabricarea-garniturilor-de-usa-pentru-geamuri\/"},"modified":"2025-09-29T19:04:45","modified_gmt":"2025-09-29T16:04:45","slug":"un-set-de-freze-pentru-fabricarea-garniturilor-de-usa-pentru-geamuri","status":"publish","type":"product","link":"https:\/\/abn.md\/en\/product\/un-set-de-freze-pentru-fabricarea-garniturilor-de-usa-pentru-geamuri\/","title":{"rendered":"Un set de freze pentru fabricarea garniturilor de u\u0219\u0103 pentru geamuri"},"content":{"rendered":"<pre>\n<span style=\"font-size:20px\"><span style=\"font-family:times new roman,times,serif\">Un set de freze cu pl\u0103ci lipite din aliaj dur VK8 sunt proiectate pentru prelucrarea suprafe\u021belor de profil \u0219i a \u00eembin\u0103rilor de v\u00e2rf ale garniturilor u\u0219ilor \u0219i u\u0219ilor panourite pentru geamurile din lemn tare \u0219i moale pe ma\u0219inile de frezat. Pl\u0103cile din VK8 sunt utilizate \u00een principal \u00een prelucrarea speciilor de lemn moale \u0219i dur (conifere: molid, pin; precum \u0219i tei, stejar \u0219i frasin). Ascu\u021birea final\u0103 a frezelor de profil se realizeaz\u0103 pe ma\u0219inile de ascu\u021bit optice, ceea ce atinge o precizie absolut\u0103 de prelucrare cu to\u021bi din\u021bii frezei.\n\nLivrarea include cinci freze \u0219i un inel de 12 mm.<\/span><\/span><\/pre>\n<pre>&#13;\n<span style=\"font-size:20px\"><span style=\"font-family:times new roman,times,serif\">Diametru exterior (D): 180mm&#13;\nDiametrul jantei (d): 32 mm, 40 mm, 60 mm&#13;\nNum\u0103r de din\u021bi (Z): 4, 6&#13;\nMaterial de t\u0103iere: VK8<\/span><\/span><\/pre>\n<p>&#13;<\/p>\n","protected":false},"excerpt":{"rendered":"<p>Un set de freze cu pl\u0103ci lipite din aliaj dur VK8 sunt proiectate pentru prelucrarea suprafe\u021belor de profil \u0219i a<\/p>\n","protected":false},"featured_media":16996,"template":"","meta":{"rs_blank_template":"","rs_page_bg_color":"","slide_template_v7":""},"product_brand":[],"product_cat":[749],"product_tag":[],"class_list":{"0":"post-17679","1":"product","2":"type-product","3":"status-publish","4":"has-post-thumbnail","6":"product_cat-freza-pentru-lemn-freze","8":"first","9":"instock","10":"purchasable","11":"product-type-simple"},"yoast_head":"<!-- This site is optimized with the Yoast SEO Premium plugin v27.3 (Yoast SEO v27.4) - https:\/\/yoast.com\/product\/yoast-seo-premium-wordpress\/ -->\n<title>Un set de freze pentru fabricarea garniturilor de u\u0219\u0103 pentru geamuri - ABN<\/title>\n<meta name=\"description\" content=\"Un set de freze cu pl\u0103ci lipite din aliaj dur VK8 sunt proiectate pentru prelucrarea suprafe\u021belor de profil \u0219i a \u00eembin\u0103rilor de v\u00e2rf ale garniturilor\" \/>\n<meta name=\"robots\" content=\"index, follow, max-snippet:-1, max-image-preview:large, max-video-preview:-1\" \/>\n<link rel=\"canonical\" href=\"https:\/\/abn.md\/en\/product\/un-set-de-freze-pentru-fabricarea-garniturilor-de-usa-pentru-geamuri\/\" \/>\n<meta property=\"og:locale\" content=\"en_US\" \/>\n<meta property=\"og:type\" content=\"article\" \/>\n<meta property=\"og:title\" content=\"Un set de freze pentru fabricarea garniturilor de u\u0219\u0103 pentru geamuri\" \/>\n<meta property=\"og:description\" content=\"Un set de freze cu pl\u0103ci lipite din aliaj dur VK8 sunt proiectate pentru prelucrarea suprafe\u021belor de profil \u0219i a \u00eembin\u0103rilor de v\u00e2rf ale garniturilor\" \/>\n<meta property=\"og:url\" content=\"https:\/\/abn.md\/en\/product\/un-set-de-freze-pentru-fabricarea-garniturilor-de-usa-pentru-geamuri\/\" \/>\n<meta property=\"og:site_name\" content=\"ABN\" \/>\n<meta property=\"article:modified_time\" content=\"2025-09-29T16:04:45+00:00\" \/>\n<meta property=\"og:image\" content=\"https:\/\/abn.md\/wp-content\/uploads\/2024\/04\/4mr04mlknr.png\" \/>\n\t<meta property=\"og:image:width\" content=\"500\" \/>\n\t<meta property=\"og:image:height\" content=\"500\" \/>\n\t<meta property=\"og:image:type\" content=\"image\/png\" \/>\n<meta name=\"twitter:card\" content=\"summary_large_image\" \/>\n<meta name=\"twitter:label1\" content=\"Price\" \/>\n\t<meta name=\"twitter:data1\" content=\"0.00&nbsp;MDL\" \/>\n\t<meta name=\"twitter:label2\" content=\"Availability\" \/>\n\t<meta name=\"twitter:data2\" content=\"In stock\" \/>\n<script type=\"application\/ld+json\" class=\"yoast-schema-graph\">{\"@context\":\"https:\\\/\\\/schema.org\",\"@graph\":[{\"@type\":\"WebPage\",\"@id\":\"https:\\\/\\\/abn.md\\\/en\\\/product\\\/un-set-de-freze-pentru-fabricarea-garniturilor-de-usa-pentru-geamuri\\\/\",\"url\":\"https:\\\/\\\/abn.md\\\/en\\\/product\\\/un-set-de-freze-pentru-fabricarea-garniturilor-de-usa-pentru-geamuri\\\/\",\"name\":\"Un set de freze pentru fabricarea garniturilor de u\u0219\u0103 pentru geamuri - ABN\",\"isPartOf\":{\"@id\":\"https:\\\/\\\/abn.md\\\/en\\\/#website\"},\"primaryImageOfPage\":{\"@id\":\"https:\\\/\\\/abn.md\\\/en\\\/product\\\/un-set-de-freze-pentru-fabricarea-garniturilor-de-usa-pentru-geamuri\\\/#primaryimage\"},\"image\":{\"@id\":\"https:\\\/\\\/abn.md\\\/en\\\/product\\\/un-set-de-freze-pentru-fabricarea-garniturilor-de-usa-pentru-geamuri\\\/#primaryimage\"},\"thumbnailUrl\":\"https:\\\/\\\/abn.md\\\/wp-content\\\/uploads\\\/2024\\\/04\\\/4mr04mlknr.png\",\"datePublished\":\"2024-04-10T12:56:13+00:00\",\"dateModified\":\"2025-09-29T16:04:45+00:00\",\"description\":\"Un set de freze cu pl\u0103ci lipite din aliaj dur VK8 sunt proiectate pentru prelucrarea suprafe\u021belor de profil \u0219i a \u00eembin\u0103rilor de v\u00e2rf ale garniturilor\",\"breadcrumb\":{\"@id\":\"https:\\\/\\\/abn.md\\\/en\\\/product\\\/un-set-de-freze-pentru-fabricarea-garniturilor-de-usa-pentru-geamuri\\\/#breadcrumb\"},\"inLanguage\":\"en-US\",\"potentialAction\":[{\"@type\":\"ReadAction\",\"target\":[\"https:\\\/\\\/abn.md\\\/en\\\/product\\\/un-set-de-freze-pentru-fabricarea-garniturilor-de-usa-pentru-geamuri\\\/\"]}]},{\"@type\":\"ImageObject\",\"inLanguage\":\"en-US\",\"@id\":\"https:\\\/\\\/abn.md\\\/en\\\/product\\\/un-set-de-freze-pentru-fabricarea-garniturilor-de-usa-pentru-geamuri\\\/#primaryimage\",\"url\":\"https:\\\/\\\/abn.md\\\/wp-content\\\/uploads\\\/2024\\\/04\\\/4mr04mlknr.png\",\"contentUrl\":\"https:\\\/\\\/abn.md\\\/wp-content\\\/uploads\\\/2024\\\/04\\\/4mr04mlknr.png\",\"width\":500,\"height\":500},{\"@type\":\"BreadcrumbList\",\"@id\":\"https:\\\/\\\/abn.md\\\/en\\\/product\\\/un-set-de-freze-pentru-fabricarea-garniturilor-de-usa-pentru-geamuri\\\/#breadcrumb\",\"itemListElement\":[{\"@type\":\"ListItem\",\"position\":1,\"name\":\"Home\",\"item\":\"https:\\\/\\\/abn.md\\\/en\\\/\"},{\"@type\":\"ListItem\",\"position\":2,\"name\":\"Shop\",\"item\":\"https:\\\/\\\/abn.md\\\/en\\\/catalog\\\/\"},{\"@type\":\"ListItem\",\"position\":3,\"name\":\"Un set de freze pentru fabricarea garniturilor de u\u0219\u0103 pentru geamuri\"}]},{\"@type\":\"WebSite\",\"@id\":\"https:\\\/\\\/abn.md\\\/en\\\/#website\",\"url\":\"https:\\\/\\\/abn.md\\\/en\\\/\",\"name\":\"ABN\",\"description\":\"CENTRUL DE ECHIPAMENT \u0218I TEHNOLOGII\",\"publisher\":{\"@id\":\"https:\\\/\\\/abn.md\\\/en\\\/#organization\"},\"potentialAction\":[{\"@type\":\"SearchAction\",\"target\":{\"@type\":\"EntryPoint\",\"urlTemplate\":\"https:\\\/\\\/abn.md\\\/en\\\/?s={search_term_string}\"},\"query-input\":{\"@type\":\"PropertyValueSpecification\",\"valueRequired\":true,\"valueName\":\"search_term_string\"}}],\"inLanguage\":\"en-US\"},{\"@type\":\"Organization\",\"@id\":\"https:\\\/\\\/abn.md\\\/en\\\/#organization\",\"name\":\"ABN\",\"url\":\"https:\\\/\\\/abn.md\\\/en\\\/\",\"logo\":{\"@type\":\"ImageObject\",\"inLanguage\":\"en-US\",\"@id\":\"https:\\\/\\\/abn.md\\\/en\\\/#\\\/schema\\\/logo\\\/image\\\/\",\"url\":\"https:\\\/\\\/abn.md\\\/wp-content\\\/uploads\\\/2024\\\/03\\\/logo.png\",\"contentUrl\":\"https:\\\/\\\/abn.md\\\/wp-content\\\/uploads\\\/2024\\\/03\\\/logo.png\",\"width\":159,\"height\":112,\"caption\":\"ABN\"},\"image\":{\"@id\":\"https:\\\/\\\/abn.md\\\/en\\\/#\\\/schema\\\/logo\\\/image\\\/\"}}]}<\/script>\n<meta property=\"product:price:amount\" content=\"0.00\" \/>\n<meta property=\"product:price:currency\" content=\"MDL\" \/>\n<meta property=\"og:availability\" content=\"instock\" \/>\n<meta property=\"product:availability\" content=\"instock\" \/>\n<meta property=\"product:retailer_item_id\" content=\"149e9677a598\" \/>\n<meta property=\"product:condition\" content=\"new\" \/>\n<!-- \/ Yoast SEO Premium plugin. -->","yoast_head_json":{"title":"Un set de freze pentru fabricarea garniturilor de u\u0219\u0103 pentru geamuri - ABN","description":"Un set de freze cu pl\u0103ci lipite din aliaj dur VK8 sunt proiectate pentru prelucrarea suprafe\u021belor de profil \u0219i a \u00eembin\u0103rilor de v\u00e2rf ale garniturilor","robots":{"index":"index","follow":"follow","max-snippet":"max-snippet:-1","max-image-preview":"max-image-preview:large","max-video-preview":"max-video-preview:-1"},"canonical":"https:\/\/abn.md\/en\/product\/un-set-de-freze-pentru-fabricarea-garniturilor-de-usa-pentru-geamuri\/","og_locale":"en_US","og_type":"article","og_title":"Un set de freze pentru fabricarea garniturilor de u\u0219\u0103 pentru geamuri","og_description":"Un set de freze cu pl\u0103ci lipite din aliaj dur VK8 sunt proiectate pentru prelucrarea suprafe\u021belor de profil \u0219i a \u00eembin\u0103rilor de v\u00e2rf ale garniturilor","og_url":"https:\/\/abn.md\/en\/product\/un-set-de-freze-pentru-fabricarea-garniturilor-de-usa-pentru-geamuri\/","og_site_name":"ABN","article_modified_time":"2025-09-29T16:04:45+00:00","og_image":[{"width":500,"height":500,"url":"https:\/\/abn.md\/wp-content\/uploads\/2024\/04\/4mr04mlknr.png","type":"image\/png"}],"twitter_card":"summary_large_image","twitter_misc":{"Price":"0.00&nbsp;MDL","Availability":"In stock"},"schema":{"@context":"https:\/\/schema.org","@graph":[{"@type":"WebPage","@id":"https:\/\/abn.md\/en\/product\/un-set-de-freze-pentru-fabricarea-garniturilor-de-usa-pentru-geamuri\/","url":"https:\/\/abn.md\/en\/product\/un-set-de-freze-pentru-fabricarea-garniturilor-de-usa-pentru-geamuri\/","name":"Un set de freze pentru fabricarea garniturilor de u\u0219\u0103 pentru geamuri - ABN","isPartOf":{"@id":"https:\/\/abn.md\/en\/#website"},"primaryImageOfPage":{"@id":"https:\/\/abn.md\/en\/product\/un-set-de-freze-pentru-fabricarea-garniturilor-de-usa-pentru-geamuri\/#primaryimage"},"image":{"@id":"https:\/\/abn.md\/en\/product\/un-set-de-freze-pentru-fabricarea-garniturilor-de-usa-pentru-geamuri\/#primaryimage"},"thumbnailUrl":"https:\/\/abn.md\/wp-content\/uploads\/2024\/04\/4mr04mlknr.png","datePublished":"2024-04-10T12:56:13+00:00","dateModified":"2025-09-29T16:04:45+00:00","description":"Un set de freze cu pl\u0103ci lipite din aliaj dur VK8 sunt proiectate pentru prelucrarea suprafe\u021belor de profil \u0219i a \u00eembin\u0103rilor de v\u00e2rf ale garniturilor","breadcrumb":{"@id":"https:\/\/abn.md\/en\/product\/un-set-de-freze-pentru-fabricarea-garniturilor-de-usa-pentru-geamuri\/#breadcrumb"},"inLanguage":"en-US","potentialAction":[{"@type":"ReadAction","target":["https:\/\/abn.md\/en\/product\/un-set-de-freze-pentru-fabricarea-garniturilor-de-usa-pentru-geamuri\/"]}]},{"@type":"ImageObject","inLanguage":"en-US","@id":"https:\/\/abn.md\/en\/product\/un-set-de-freze-pentru-fabricarea-garniturilor-de-usa-pentru-geamuri\/#primaryimage","url":"https:\/\/abn.md\/wp-content\/uploads\/2024\/04\/4mr04mlknr.png","contentUrl":"https:\/\/abn.md\/wp-content\/uploads\/2024\/04\/4mr04mlknr.png","width":500,"height":500},{"@type":"BreadcrumbList","@id":"https:\/\/abn.md\/en\/product\/un-set-de-freze-pentru-fabricarea-garniturilor-de-usa-pentru-geamuri\/#breadcrumb","itemListElement":[{"@type":"ListItem","position":1,"name":"Home","item":"https:\/\/abn.md\/en\/"},{"@type":"ListItem","position":2,"name":"Shop","item":"https:\/\/abn.md\/en\/catalog\/"},{"@type":"ListItem","position":3,"name":"Un set de freze pentru fabricarea garniturilor de u\u0219\u0103 pentru geamuri"}]},{"@type":"WebSite","@id":"https:\/\/abn.md\/en\/#website","url":"https:\/\/abn.md\/en\/","name":"ABN","description":"CENTRUL DE ECHIPAMENT \u0218I TEHNOLOGII","publisher":{"@id":"https:\/\/abn.md\/en\/#organization"},"potentialAction":[{"@type":"SearchAction","target":{"@type":"EntryPoint","urlTemplate":"https:\/\/abn.md\/en\/?s={search_term_string}"},"query-input":{"@type":"PropertyValueSpecification","valueRequired":true,"valueName":"search_term_string"}}],"inLanguage":"en-US"},{"@type":"Organization","@id":"https:\/\/abn.md\/en\/#organization","name":"ABN","url":"https:\/\/abn.md\/en\/","logo":{"@type":"ImageObject","inLanguage":"en-US","@id":"https:\/\/abn.md\/en\/#\/schema\/logo\/image\/","url":"https:\/\/abn.md\/wp-content\/uploads\/2024\/03\/logo.png","contentUrl":"https:\/\/abn.md\/wp-content\/uploads\/2024\/03\/logo.png","width":159,"height":112,"caption":"ABN"},"image":{"@id":"https:\/\/abn.md\/en\/#\/schema\/logo\/image\/"}}]},"product_price_amount":"0.00","product_price_currency":"MDL","og_availability":"instock","product_availability":"instock","product_retailer_item_id":"149e9677a598","product_condition":"new"},"_links":{"self":[{"href":"https:\/\/abn.md\/en\/wp-json\/wp\/v2\/product\/17679","targetHints":{"allow":["GET"]}}],"collection":[{"href":"https:\/\/abn.md\/en\/wp-json\/wp\/v2\/product"}],"about":[{"href":"https:\/\/abn.md\/en\/wp-json\/wp\/v2\/types\/product"}],"version-history":[{"count":1,"href":"https:\/\/abn.md\/en\/wp-json\/wp\/v2\/product\/17679\/revisions"}],"predecessor-version":[{"id":21717,"href":"https:\/\/abn.md\/en\/wp-json\/wp\/v2\/product\/17679\/revisions\/21717"}],"wp:featuredmedia":[{"embeddable":true,"href":"https:\/\/abn.md\/en\/wp-json\/wp\/v2\/media\/16996"}],"wp:attachment":[{"href":"https:\/\/abn.md\/en\/wp-json\/wp\/v2\/media?parent=17679"}],"wp:term":[{"taxonomy":"product_brand","embeddable":true,"href":"https:\/\/abn.md\/en\/wp-json\/wp\/v2\/product_brand?post=17679"},{"taxonomy":"product_cat","embeddable":true,"href":"https:\/\/abn.md\/en\/wp-json\/wp\/v2\/product_cat?post=17679"},{"taxonomy":"product_tag","embeddable":true,"href":"https:\/\/abn.md\/en\/wp-json\/wp\/v2\/product_tag?post=17679"}],"curies":[{"name":"wp","href":"https:\/\/api.w.org\/{rel}","templated":true}]}}