{"id":17705,"date":"2024-04-10T15:56:55","date_gmt":"2024-04-10T12:56:55","guid":{"rendered":"https:\/\/abn.md\/product\/masa-de-slefuit-cu-perie-qt1-300\/"},"modified":"2025-09-29T19:04:39","modified_gmt":"2025-09-29T16:04:39","slug":"masa-de-slefuit-cu-perie-qt1-300","status":"publish","type":"product","link":"https:\/\/abn.md\/en\/product\/masa-de-slefuit-cu-perie-qt1-300\/","title":{"rendered":"Mas\u0103 de \u0219lefuit cu perie QT1 300"},"content":{"rendered":"<p><span style=\"font-size:16px\"><span style=\"font-family:arial,helvetica,sans-serif\">Masa de \u0219lefuit cu perie QT1 300. Datorit\u0103 num\u0103rului mare de combina\u021bii de factori precum lungimea periei, num\u0103rul abraziv, viteza arborelui \u0219i presiunea piesei de prelucrat, sistemul de \u0219lefuit cu perie permite \u0219lefuirea mai rapid\u0103 \u0219i mai bun\u0103 at\u00e2t a suprafe\u021belor plane, c\u00e2t \u0219i a suprafe\u021belor modelate, cu o diferen\u021b\u0103 de \u00een\u0103l\u021bime de 25-30 mm. Munca pe care obi\u0219nuiai s\u0103-\u021bi petreci ore sau zile poate fi realizat\u0103 \u00een c\u00e2teva minute.<\/span><\/span><\/p>\n<pre>&#13;\n<span style=\"font-size:16px\"><span style=\"font-family:arial,helvetica,sans-serif\">Dimensiuni masa 630 * 860 mm&#13;\n&#13;\nLungimea arborelui 300 mm&#13;\n&#13;\nViteza 200-900 rpm&#13;\n&#13;\nDiametru perie 270 mm&#13;\n&#13;\nRotirea mesei la 180 de grade<\/span><\/span><\/pre>\n<p>&#13;<\/p>\n","protected":false},"excerpt":{"rendered":"<p>Masa de \u0219lefuit cu perie QT1 300. Datorit\u0103 num\u0103rului mare de combina\u021bii de factori precum lungimea periei, num\u0103rul abraziv, viteza<\/p>\n","protected":false},"featured_media":17061,"template":"","meta":{"rs_blank_template":"","rs_page_bg_color":"","slide_template_v7":""},"product_brand":[],"product_cat":[761],"product_tag":[],"class_list":{"0":"post-17705","1":"product","2":"type-product","3":"status-publish","4":"has-post-thumbnail","6":"product_cat-sisteme-de-slefuire-cu-perii-quickwood-abrazive-discuri-ruloane-banda-incleiata","8":"first","9":"instock","10":"purchasable","11":"product-type-simple"},"yoast_head":"<!-- This site is optimized with the Yoast SEO Premium plugin v27.3 (Yoast SEO v27.4) - https:\/\/yoast.com\/product\/yoast-seo-premium-wordpress\/ -->\n<title>Mas\u0103 de \u0219lefuit cu perie QT1 300 - ABN<\/title>\n<meta name=\"description\" content=\"Masa de \u0219lefuit cu perie QT1 300. Datorit\u0103 num\u0103rului mare de combina\u021bii de factori precum lungimea periei, num\u0103rul abraziv, viteza arborelui \u0219i presiunea\" \/>\n<meta name=\"robots\" content=\"index, follow, max-snippet:-1, max-image-preview:large, max-video-preview:-1\" \/>\n<link rel=\"canonical\" href=\"https:\/\/abn.md\/en\/product\/masa-de-slefuit-cu-perie-qt1-300\/\" \/>\n<meta property=\"og:locale\" content=\"en_US\" \/>\n<meta property=\"og:type\" content=\"article\" \/>\n<meta property=\"og:title\" content=\"Mas\u0103 de \u0219lefuit cu perie QT1 300\" \/>\n<meta property=\"og:description\" content=\"Masa de \u0219lefuit cu perie QT1 300. Datorit\u0103 num\u0103rului mare de combina\u021bii de factori precum lungimea periei, num\u0103rul abraziv, viteza arborelui \u0219i presiunea\" \/>\n<meta property=\"og:url\" content=\"https:\/\/abn.md\/en\/product\/masa-de-slefuit-cu-perie-qt1-300\/\" \/>\n<meta property=\"og:site_name\" content=\"ABN\" \/>\n<meta property=\"article:modified_time\" content=\"2025-09-29T16:04:39+00:00\" \/>\n<meta property=\"og:image\" content=\"https:\/\/abn.md\/wp-content\/uploads\/2024\/04\/5mi5lv_g7e.png\" \/>\n\t<meta property=\"og:image:width\" content=\"1024\" \/>\n\t<meta property=\"og:image:height\" content=\"642\" \/>\n\t<meta property=\"og:image:type\" content=\"image\/png\" \/>\n<meta name=\"twitter:card\" content=\"summary_large_image\" \/>\n<meta name=\"twitter:label1\" content=\"Price\" \/>\n\t<meta name=\"twitter:data1\" content=\"34 000.00&nbsp;MDL\" \/>\n\t<meta name=\"twitter:label2\" content=\"Availability\" \/>\n\t<meta name=\"twitter:data2\" content=\"In stock\" \/>\n<script type=\"application\/ld+json\" class=\"yoast-schema-graph\">{\"@context\":\"https:\\\/\\\/schema.org\",\"@graph\":[{\"@type\":\"WebPage\",\"@id\":\"https:\\\/\\\/abn.md\\\/en\\\/product\\\/masa-de-slefuit-cu-perie-qt1-300\\\/\",\"url\":\"https:\\\/\\\/abn.md\\\/en\\\/product\\\/masa-de-slefuit-cu-perie-qt1-300\\\/\",\"name\":\"Mas\u0103 de \u0219lefuit cu perie QT1 300 - ABN\",\"isPartOf\":{\"@id\":\"https:\\\/\\\/abn.md\\\/en\\\/#website\"},\"primaryImageOfPage\":{\"@id\":\"https:\\\/\\\/abn.md\\\/en\\\/product\\\/masa-de-slefuit-cu-perie-qt1-300\\\/#primaryimage\"},\"image\":{\"@id\":\"https:\\\/\\\/abn.md\\\/en\\\/product\\\/masa-de-slefuit-cu-perie-qt1-300\\\/#primaryimage\"},\"thumbnailUrl\":\"https:\\\/\\\/abn.md\\\/wp-content\\\/uploads\\\/2024\\\/04\\\/5mi5lv_g7e.png\",\"datePublished\":\"2024-04-10T12:56:55+00:00\",\"dateModified\":\"2025-09-29T16:04:39+00:00\",\"description\":\"Masa de \u0219lefuit cu perie QT1 300. Datorit\u0103 num\u0103rului mare de combina\u021bii de factori precum lungimea periei, num\u0103rul abraziv, viteza arborelui \u0219i presiunea\",\"breadcrumb\":{\"@id\":\"https:\\\/\\\/abn.md\\\/en\\\/product\\\/masa-de-slefuit-cu-perie-qt1-300\\\/#breadcrumb\"},\"inLanguage\":\"en-US\",\"potentialAction\":[{\"@type\":\"ReadAction\",\"target\":[\"https:\\\/\\\/abn.md\\\/en\\\/product\\\/masa-de-slefuit-cu-perie-qt1-300\\\/\"]}]},{\"@type\":\"ImageObject\",\"inLanguage\":\"en-US\",\"@id\":\"https:\\\/\\\/abn.md\\\/en\\\/product\\\/masa-de-slefuit-cu-perie-qt1-300\\\/#primaryimage\",\"url\":\"https:\\\/\\\/abn.md\\\/wp-content\\\/uploads\\\/2024\\\/04\\\/5mi5lv_g7e.png\",\"contentUrl\":\"https:\\\/\\\/abn.md\\\/wp-content\\\/uploads\\\/2024\\\/04\\\/5mi5lv_g7e.png\",\"width\":1024,\"height\":642},{\"@type\":\"BreadcrumbList\",\"@id\":\"https:\\\/\\\/abn.md\\\/en\\\/product\\\/masa-de-slefuit-cu-perie-qt1-300\\\/#breadcrumb\",\"itemListElement\":[{\"@type\":\"ListItem\",\"position\":1,\"name\":\"Home\",\"item\":\"https:\\\/\\\/abn.md\\\/en\\\/\"},{\"@type\":\"ListItem\",\"position\":2,\"name\":\"Shop\",\"item\":\"https:\\\/\\\/abn.md\\\/en\\\/catalog\\\/\"},{\"@type\":\"ListItem\",\"position\":3,\"name\":\"Mas\u0103 de \u0219lefuit cu perie QT1 300\"}]},{\"@type\":\"WebSite\",\"@id\":\"https:\\\/\\\/abn.md\\\/en\\\/#website\",\"url\":\"https:\\\/\\\/abn.md\\\/en\\\/\",\"name\":\"ABN\",\"description\":\"CENTRUL DE ECHIPAMENT \u0218I TEHNOLOGII\",\"publisher\":{\"@id\":\"https:\\\/\\\/abn.md\\\/en\\\/#organization\"},\"potentialAction\":[{\"@type\":\"SearchAction\",\"target\":{\"@type\":\"EntryPoint\",\"urlTemplate\":\"https:\\\/\\\/abn.md\\\/en\\\/?s={search_term_string}\"},\"query-input\":{\"@type\":\"PropertyValueSpecification\",\"valueRequired\":true,\"valueName\":\"search_term_string\"}}],\"inLanguage\":\"en-US\"},{\"@type\":\"Organization\",\"@id\":\"https:\\\/\\\/abn.md\\\/en\\\/#organization\",\"name\":\"ABN\",\"url\":\"https:\\\/\\\/abn.md\\\/en\\\/\",\"logo\":{\"@type\":\"ImageObject\",\"inLanguage\":\"en-US\",\"@id\":\"https:\\\/\\\/abn.md\\\/en\\\/#\\\/schema\\\/logo\\\/image\\\/\",\"url\":\"https:\\\/\\\/abn.md\\\/wp-content\\\/uploads\\\/2024\\\/03\\\/logo.png\",\"contentUrl\":\"https:\\\/\\\/abn.md\\\/wp-content\\\/uploads\\\/2024\\\/03\\\/logo.png\",\"width\":159,\"height\":112,\"caption\":\"ABN\"},\"image\":{\"@id\":\"https:\\\/\\\/abn.md\\\/en\\\/#\\\/schema\\\/logo\\\/image\\\/\"}}]}<\/script>\n<meta property=\"product:price:amount\" content=\"34000.00\" \/>\n<meta property=\"product:price:currency\" content=\"MDL\" \/>\n<meta property=\"og:availability\" content=\"instock\" \/>\n<meta property=\"product:availability\" content=\"instock\" \/>\n<meta property=\"product:retailer_item_id\" content=\"cedebb6e872f\" \/>\n<meta property=\"product:condition\" content=\"new\" \/>\n<!-- \/ Yoast SEO Premium plugin. -->","yoast_head_json":{"title":"Mas\u0103 de \u0219lefuit cu perie QT1 300 - ABN","description":"Masa de \u0219lefuit cu perie QT1 300. Datorit\u0103 num\u0103rului mare de combina\u021bii de factori precum lungimea periei, num\u0103rul abraziv, viteza arborelui \u0219i presiunea","robots":{"index":"index","follow":"follow","max-snippet":"max-snippet:-1","max-image-preview":"max-image-preview:large","max-video-preview":"max-video-preview:-1"},"canonical":"https:\/\/abn.md\/en\/product\/masa-de-slefuit-cu-perie-qt1-300\/","og_locale":"en_US","og_type":"article","og_title":"Mas\u0103 de \u0219lefuit cu perie QT1 300","og_description":"Masa de \u0219lefuit cu perie QT1 300. Datorit\u0103 num\u0103rului mare de combina\u021bii de factori precum lungimea periei, num\u0103rul abraziv, viteza arborelui \u0219i presiunea","og_url":"https:\/\/abn.md\/en\/product\/masa-de-slefuit-cu-perie-qt1-300\/","og_site_name":"ABN","article_modified_time":"2025-09-29T16:04:39+00:00","og_image":[{"width":1024,"height":642,"url":"https:\/\/abn.md\/wp-content\/uploads\/2024\/04\/5mi5lv_g7e.png","type":"image\/png"}],"twitter_card":"summary_large_image","twitter_misc":{"Price":"34 000.00&nbsp;MDL","Availability":"In stock"},"schema":{"@context":"https:\/\/schema.org","@graph":[{"@type":"WebPage","@id":"https:\/\/abn.md\/en\/product\/masa-de-slefuit-cu-perie-qt1-300\/","url":"https:\/\/abn.md\/en\/product\/masa-de-slefuit-cu-perie-qt1-300\/","name":"Mas\u0103 de \u0219lefuit cu perie QT1 300 - ABN","isPartOf":{"@id":"https:\/\/abn.md\/en\/#website"},"primaryImageOfPage":{"@id":"https:\/\/abn.md\/en\/product\/masa-de-slefuit-cu-perie-qt1-300\/#primaryimage"},"image":{"@id":"https:\/\/abn.md\/en\/product\/masa-de-slefuit-cu-perie-qt1-300\/#primaryimage"},"thumbnailUrl":"https:\/\/abn.md\/wp-content\/uploads\/2024\/04\/5mi5lv_g7e.png","datePublished":"2024-04-10T12:56:55+00:00","dateModified":"2025-09-29T16:04:39+00:00","description":"Masa de \u0219lefuit cu perie QT1 300. Datorit\u0103 num\u0103rului mare de combina\u021bii de factori precum lungimea periei, num\u0103rul abraziv, viteza arborelui \u0219i presiunea","breadcrumb":{"@id":"https:\/\/abn.md\/en\/product\/masa-de-slefuit-cu-perie-qt1-300\/#breadcrumb"},"inLanguage":"en-US","potentialAction":[{"@type":"ReadAction","target":["https:\/\/abn.md\/en\/product\/masa-de-slefuit-cu-perie-qt1-300\/"]}]},{"@type":"ImageObject","inLanguage":"en-US","@id":"https:\/\/abn.md\/en\/product\/masa-de-slefuit-cu-perie-qt1-300\/#primaryimage","url":"https:\/\/abn.md\/wp-content\/uploads\/2024\/04\/5mi5lv_g7e.png","contentUrl":"https:\/\/abn.md\/wp-content\/uploads\/2024\/04\/5mi5lv_g7e.png","width":1024,"height":642},{"@type":"BreadcrumbList","@id":"https:\/\/abn.md\/en\/product\/masa-de-slefuit-cu-perie-qt1-300\/#breadcrumb","itemListElement":[{"@type":"ListItem","position":1,"name":"Home","item":"https:\/\/abn.md\/en\/"},{"@type":"ListItem","position":2,"name":"Shop","item":"https:\/\/abn.md\/en\/catalog\/"},{"@type":"ListItem","position":3,"name":"Mas\u0103 de \u0219lefuit cu perie QT1 300"}]},{"@type":"WebSite","@id":"https:\/\/abn.md\/en\/#website","url":"https:\/\/abn.md\/en\/","name":"ABN","description":"CENTRUL DE ECHIPAMENT \u0218I TEHNOLOGII","publisher":{"@id":"https:\/\/abn.md\/en\/#organization"},"potentialAction":[{"@type":"SearchAction","target":{"@type":"EntryPoint","urlTemplate":"https:\/\/abn.md\/en\/?s={search_term_string}"},"query-input":{"@type":"PropertyValueSpecification","valueRequired":true,"valueName":"search_term_string"}}],"inLanguage":"en-US"},{"@type":"Organization","@id":"https:\/\/abn.md\/en\/#organization","name":"ABN","url":"https:\/\/abn.md\/en\/","logo":{"@type":"ImageObject","inLanguage":"en-US","@id":"https:\/\/abn.md\/en\/#\/schema\/logo\/image\/","url":"https:\/\/abn.md\/wp-content\/uploads\/2024\/03\/logo.png","contentUrl":"https:\/\/abn.md\/wp-content\/uploads\/2024\/03\/logo.png","width":159,"height":112,"caption":"ABN"},"image":{"@id":"https:\/\/abn.md\/en\/#\/schema\/logo\/image\/"}}]},"product_price_amount":"34000.00","product_price_currency":"MDL","og_availability":"instock","product_availability":"instock","product_retailer_item_id":"cedebb6e872f","product_condition":"new"},"_links":{"self":[{"href":"https:\/\/abn.md\/en\/wp-json\/wp\/v2\/product\/17705","targetHints":{"allow":["GET"]}}],"collection":[{"href":"https:\/\/abn.md\/en\/wp-json\/wp\/v2\/product"}],"about":[{"href":"https:\/\/abn.md\/en\/wp-json\/wp\/v2\/types\/product"}],"version-history":[{"count":1,"href":"https:\/\/abn.md\/en\/wp-json\/wp\/v2\/product\/17705\/revisions"}],"predecessor-version":[{"id":21710,"href":"https:\/\/abn.md\/en\/wp-json\/wp\/v2\/product\/17705\/revisions\/21710"}],"wp:featuredmedia":[{"embeddable":true,"href":"https:\/\/abn.md\/en\/wp-json\/wp\/v2\/media\/17061"}],"wp:attachment":[{"href":"https:\/\/abn.md\/en\/wp-json\/wp\/v2\/media?parent=17705"}],"wp:term":[{"taxonomy":"product_brand","embeddable":true,"href":"https:\/\/abn.md\/en\/wp-json\/wp\/v2\/product_brand?post=17705"},{"taxonomy":"product_cat","embeddable":true,"href":"https:\/\/abn.md\/en\/wp-json\/wp\/v2\/product_cat?post=17705"},{"taxonomy":"product_tag","embeddable":true,"href":"https:\/\/abn.md\/en\/wp-json\/wp\/v2\/product_tag?post=17705"}],"curies":[{"name":"wp","href":"https:\/\/api.w.org\/{rel}","templated":true}]}}