{"id":17733,"date":"2024-04-10T15:57:15","date_gmt":"2024-04-10T12:57:15","guid":{"rendered":"https:\/\/abn.md\/product\/smalt-pe-baza-de-apa-6900\/"},"modified":"2024-04-10T16:37:46","modified_gmt":"2024-04-10T13:37:46","slug":"smalt-pe-baza-de-apa-6900","status":"publish","type":"product","link":"https:\/\/abn.md\/en\/product\/smalt-pe-baza-de-apa-6900\/","title":{"rendered":"SMAL\u021a PE BAZ\u0102 DE AP\u0102 6900"},"content":{"rendered":"<p>Smal\u021bul cu acoperire ridicat\u0103 pe baz\u0103 de ap\u0103 este un produs ecologic \u0219i simplu, gata de utilizare, f\u0103r\u0103 miros, potrivit pentru orice tip de suprafa\u021b\u0103, at&acirc;t &icirc;n \u200b\u200binterior, c&acirc;t \u0219i &icirc;n exterior.<br \/>\nEste un produs de mare densitate recomandat pentru finisarea sau intretinerea lemnului, fierului, zidariei etc.<br \/>\nAcest email nu are nevoie de un grund special, cu toate acestea, se poate folosi un grund de mare opacitate pe baza de apa (cod NAT6910) sau un grund anticoroziv (cod 6915).<\/p>\n","protected":false},"excerpt":{"rendered":"<p>Smal\u021bul cu acoperire ridicat\u0103 pe baz\u0103 de ap\u0103 este un produs ecologic \u0219i simplu, gata de utilizare, f\u0103r\u0103 miros, potrivit<\/p>\n","protected":false},"featured_media":17132,"template":"","meta":{"rs_blank_template":"","rs_page_bg_color":"","slide_template_v7":""},"product_brand":[],"product_cat":[767],"product_tag":[],"class_list":{"0":"post-17733","1":"product","2":"type-product","3":"status-publish","4":"has-post-thumbnail","6":"product_cat-email-pentru-metall-pe-baza-de-apa-6940-ulei-ceara","8":"first","9":"instock","10":"purchasable","11":"product-type-variable"},"yoast_head":"<!-- This site is optimized with the Yoast SEO Premium plugin v27.3 (Yoast SEO v27.4) - https:\/\/yoast.com\/product\/yoast-seo-premium-wordpress\/ -->\n<title>SMAL\u021a PE BAZ\u0102 DE AP\u0102 6900 - ABN<\/title>\n<meta name=\"description\" content=\"Smal\u021bul cu acoperire ridicat\u0103 pe baz\u0103 de ap\u0103 este un produs ecologic \u0219i simplu, gata de utilizare, f\u0103r\u0103 miros, potrivit pentru orice tip de suprafa\u021b\u0103,\" \/>\n<meta name=\"robots\" content=\"index, follow, max-snippet:-1, max-image-preview:large, max-video-preview:-1\" \/>\n<link rel=\"canonical\" href=\"https:\/\/abn.md\/en\/product\/smalt-pe-baza-de-apa-6900\/\" \/>\n<meta property=\"og:locale\" content=\"en_US\" \/>\n<meta property=\"og:type\" content=\"article\" \/>\n<meta property=\"og:title\" content=\"SMAL\u021a PE BAZ\u0102 DE AP\u0102 6900\" \/>\n<meta property=\"og:description\" content=\"Smal\u021bul cu acoperire ridicat\u0103 pe baz\u0103 de ap\u0103 este un produs ecologic \u0219i simplu, gata de utilizare, f\u0103r\u0103 miros, potrivit pentru orice tip de suprafa\u021b\u0103,\" \/>\n<meta property=\"og:url\" content=\"https:\/\/abn.md\/en\/product\/smalt-pe-baza-de-apa-6900\/\" \/>\n<meta property=\"og:site_name\" content=\"ABN\" \/>\n<meta property=\"article:modified_time\" content=\"2024-04-10T13:37:46+00:00\" \/>\n<meta property=\"og:image\" content=\"https:\/\/abn.md\/wp-content\/uploads\/2024\/04\/03y99anbs1.jpg\" \/>\n\t<meta property=\"og:image:width\" content=\"709\" \/>\n\t<meta property=\"og:image:height\" content=\"709\" \/>\n\t<meta property=\"og:image:type\" content=\"image\/jpeg\" \/>\n<meta name=\"twitter:card\" content=\"summary_large_image\" \/>\n<meta name=\"twitter:label1\" content=\"Availability\" \/>\n\t<meta name=\"twitter:data1\" content=\"In stock\" \/>\n<script type=\"application\/ld+json\" class=\"yoast-schema-graph\">{\"@context\":\"https:\\\/\\\/schema.org\",\"@graph\":[{\"@type\":\"WebPage\",\"@id\":\"https:\\\/\\\/abn.md\\\/en\\\/product\\\/smalt-pe-baza-de-apa-6900\\\/\",\"url\":\"https:\\\/\\\/abn.md\\\/en\\\/product\\\/smalt-pe-baza-de-apa-6900\\\/\",\"name\":\"SMAL\u021a PE BAZ\u0102 DE AP\u0102 6900 - ABN\",\"isPartOf\":{\"@id\":\"https:\\\/\\\/abn.md\\\/en\\\/#website\"},\"primaryImageOfPage\":{\"@id\":\"https:\\\/\\\/abn.md\\\/en\\\/product\\\/smalt-pe-baza-de-apa-6900\\\/#primaryimage\"},\"image\":{\"@id\":\"https:\\\/\\\/abn.md\\\/en\\\/product\\\/smalt-pe-baza-de-apa-6900\\\/#primaryimage\"},\"thumbnailUrl\":\"https:\\\/\\\/abn.md\\\/wp-content\\\/uploads\\\/2024\\\/04\\\/03y99anbs1.jpg\",\"datePublished\":\"2024-04-10T12:57:15+00:00\",\"dateModified\":\"2024-04-10T13:37:46+00:00\",\"description\":\"Smal\u021bul cu acoperire ridicat\u0103 pe baz\u0103 de ap\u0103 este un produs ecologic \u0219i simplu, gata de utilizare, f\u0103r\u0103 miros, potrivit pentru orice tip de suprafa\u021b\u0103,\",\"breadcrumb\":{\"@id\":\"https:\\\/\\\/abn.md\\\/en\\\/product\\\/smalt-pe-baza-de-apa-6900\\\/#breadcrumb\"},\"inLanguage\":\"en-US\",\"potentialAction\":[{\"@type\":\"ReadAction\",\"target\":[\"https:\\\/\\\/abn.md\\\/en\\\/product\\\/smalt-pe-baza-de-apa-6900\\\/\"]}]},{\"@type\":\"ImageObject\",\"inLanguage\":\"en-US\",\"@id\":\"https:\\\/\\\/abn.md\\\/en\\\/product\\\/smalt-pe-baza-de-apa-6900\\\/#primaryimage\",\"url\":\"https:\\\/\\\/abn.md\\\/wp-content\\\/uploads\\\/2024\\\/04\\\/03y99anbs1.jpg\",\"contentUrl\":\"https:\\\/\\\/abn.md\\\/wp-content\\\/uploads\\\/2024\\\/04\\\/03y99anbs1.jpg\",\"width\":709,\"height\":709},{\"@type\":\"BreadcrumbList\",\"@id\":\"https:\\\/\\\/abn.md\\\/en\\\/product\\\/smalt-pe-baza-de-apa-6900\\\/#breadcrumb\",\"itemListElement\":[{\"@type\":\"ListItem\",\"position\":1,\"name\":\"Home\",\"item\":\"https:\\\/\\\/abn.md\\\/en\\\/\"},{\"@type\":\"ListItem\",\"position\":2,\"name\":\"Shop\",\"item\":\"https:\\\/\\\/abn.md\\\/en\\\/catalog\\\/\"},{\"@type\":\"ListItem\",\"position\":3,\"name\":\"SMAL\u021a PE BAZ\u0102 DE AP\u0102 6900\"}]},{\"@type\":\"WebSite\",\"@id\":\"https:\\\/\\\/abn.md\\\/en\\\/#website\",\"url\":\"https:\\\/\\\/abn.md\\\/en\\\/\",\"name\":\"ABN\",\"description\":\"CENTRUL DE ECHIPAMENT \u0218I TEHNOLOGII\",\"publisher\":{\"@id\":\"https:\\\/\\\/abn.md\\\/en\\\/#organization\"},\"potentialAction\":[{\"@type\":\"SearchAction\",\"target\":{\"@type\":\"EntryPoint\",\"urlTemplate\":\"https:\\\/\\\/abn.md\\\/en\\\/?s={search_term_string}\"},\"query-input\":{\"@type\":\"PropertyValueSpecification\",\"valueRequired\":true,\"valueName\":\"search_term_string\"}}],\"inLanguage\":\"en-US\"},{\"@type\":\"Organization\",\"@id\":\"https:\\\/\\\/abn.md\\\/en\\\/#organization\",\"name\":\"ABN\",\"url\":\"https:\\\/\\\/abn.md\\\/en\\\/\",\"logo\":{\"@type\":\"ImageObject\",\"inLanguage\":\"en-US\",\"@id\":\"https:\\\/\\\/abn.md\\\/en\\\/#\\\/schema\\\/logo\\\/image\\\/\",\"url\":\"https:\\\/\\\/abn.md\\\/wp-content\\\/uploads\\\/2024\\\/03\\\/logo.png\",\"contentUrl\":\"https:\\\/\\\/abn.md\\\/wp-content\\\/uploads\\\/2024\\\/03\\\/logo.png\",\"width\":159,\"height\":112,\"caption\":\"ABN\"},\"image\":{\"@id\":\"https:\\\/\\\/abn.md\\\/en\\\/#\\\/schema\\\/logo\\\/image\\\/\"}}]}<\/script>\n<meta property=\"og:availability\" content=\"instock\" \/>\n<meta property=\"product:availability\" content=\"instock\" \/>\n<meta property=\"product:retailer_item_id\" content=\"0e65972dce68\" \/>\n<meta property=\"product:condition\" content=\"new\" \/>\n<!-- \/ Yoast SEO Premium plugin. -->","yoast_head_json":{"title":"SMAL\u021a PE BAZ\u0102 DE AP\u0102 6900 - ABN","description":"Smal\u021bul cu acoperire ridicat\u0103 pe baz\u0103 de ap\u0103 este un produs ecologic \u0219i simplu, gata de utilizare, f\u0103r\u0103 miros, potrivit pentru orice tip de suprafa\u021b\u0103,","robots":{"index":"index","follow":"follow","max-snippet":"max-snippet:-1","max-image-preview":"max-image-preview:large","max-video-preview":"max-video-preview:-1"},"canonical":"https:\/\/abn.md\/en\/product\/smalt-pe-baza-de-apa-6900\/","og_locale":"en_US","og_type":"article","og_title":"SMAL\u021a PE BAZ\u0102 DE AP\u0102 6900","og_description":"Smal\u021bul cu acoperire ridicat\u0103 pe baz\u0103 de ap\u0103 este un produs ecologic \u0219i simplu, gata de utilizare, f\u0103r\u0103 miros, potrivit pentru orice tip de suprafa\u021b\u0103,","og_url":"https:\/\/abn.md\/en\/product\/smalt-pe-baza-de-apa-6900\/","og_site_name":"ABN","article_modified_time":"2024-04-10T13:37:46+00:00","og_image":[{"width":709,"height":709,"url":"https:\/\/abn.md\/wp-content\/uploads\/2024\/04\/03y99anbs1.jpg","type":"image\/jpeg"}],"twitter_card":"summary_large_image","twitter_misc":{"Availability":"In stock"},"schema":{"@context":"https:\/\/schema.org","@graph":[{"@type":"WebPage","@id":"https:\/\/abn.md\/en\/product\/smalt-pe-baza-de-apa-6900\/","url":"https:\/\/abn.md\/en\/product\/smalt-pe-baza-de-apa-6900\/","name":"SMAL\u021a PE BAZ\u0102 DE AP\u0102 6900 - ABN","isPartOf":{"@id":"https:\/\/abn.md\/en\/#website"},"primaryImageOfPage":{"@id":"https:\/\/abn.md\/en\/product\/smalt-pe-baza-de-apa-6900\/#primaryimage"},"image":{"@id":"https:\/\/abn.md\/en\/product\/smalt-pe-baza-de-apa-6900\/#primaryimage"},"thumbnailUrl":"https:\/\/abn.md\/wp-content\/uploads\/2024\/04\/03y99anbs1.jpg","datePublished":"2024-04-10T12:57:15+00:00","dateModified":"2024-04-10T13:37:46+00:00","description":"Smal\u021bul cu acoperire ridicat\u0103 pe baz\u0103 de ap\u0103 este un produs ecologic \u0219i simplu, gata de utilizare, f\u0103r\u0103 miros, potrivit pentru orice tip de suprafa\u021b\u0103,","breadcrumb":{"@id":"https:\/\/abn.md\/en\/product\/smalt-pe-baza-de-apa-6900\/#breadcrumb"},"inLanguage":"en-US","potentialAction":[{"@type":"ReadAction","target":["https:\/\/abn.md\/en\/product\/smalt-pe-baza-de-apa-6900\/"]}]},{"@type":"ImageObject","inLanguage":"en-US","@id":"https:\/\/abn.md\/en\/product\/smalt-pe-baza-de-apa-6900\/#primaryimage","url":"https:\/\/abn.md\/wp-content\/uploads\/2024\/04\/03y99anbs1.jpg","contentUrl":"https:\/\/abn.md\/wp-content\/uploads\/2024\/04\/03y99anbs1.jpg","width":709,"height":709},{"@type":"BreadcrumbList","@id":"https:\/\/abn.md\/en\/product\/smalt-pe-baza-de-apa-6900\/#breadcrumb","itemListElement":[{"@type":"ListItem","position":1,"name":"Home","item":"https:\/\/abn.md\/en\/"},{"@type":"ListItem","position":2,"name":"Shop","item":"https:\/\/abn.md\/en\/catalog\/"},{"@type":"ListItem","position":3,"name":"SMAL\u021a PE BAZ\u0102 DE AP\u0102 6900"}]},{"@type":"WebSite","@id":"https:\/\/abn.md\/en\/#website","url":"https:\/\/abn.md\/en\/","name":"ABN","description":"CENTRUL DE ECHIPAMENT \u0218I TEHNOLOGII","publisher":{"@id":"https:\/\/abn.md\/en\/#organization"},"potentialAction":[{"@type":"SearchAction","target":{"@type":"EntryPoint","urlTemplate":"https:\/\/abn.md\/en\/?s={search_term_string}"},"query-input":{"@type":"PropertyValueSpecification","valueRequired":true,"valueName":"search_term_string"}}],"inLanguage":"en-US"},{"@type":"Organization","@id":"https:\/\/abn.md\/en\/#organization","name":"ABN","url":"https:\/\/abn.md\/en\/","logo":{"@type":"ImageObject","inLanguage":"en-US","@id":"https:\/\/abn.md\/en\/#\/schema\/logo\/image\/","url":"https:\/\/abn.md\/wp-content\/uploads\/2024\/03\/logo.png","contentUrl":"https:\/\/abn.md\/wp-content\/uploads\/2024\/03\/logo.png","width":159,"height":112,"caption":"ABN"},"image":{"@id":"https:\/\/abn.md\/en\/#\/schema\/logo\/image\/"}}]},"og_availability":"instock","product_availability":"instock","product_retailer_item_id":"0e65972dce68","product_condition":"new"},"_links":{"self":[{"href":"https:\/\/abn.md\/en\/wp-json\/wp\/v2\/product\/17733","targetHints":{"allow":["GET"]}}],"collection":[{"href":"https:\/\/abn.md\/en\/wp-json\/wp\/v2\/product"}],"about":[{"href":"https:\/\/abn.md\/en\/wp-json\/wp\/v2\/types\/product"}],"version-history":[{"count":0,"href":"https:\/\/abn.md\/en\/wp-json\/wp\/v2\/product\/17733\/revisions"}],"wp:featuredmedia":[{"embeddable":true,"href":"https:\/\/abn.md\/en\/wp-json\/wp\/v2\/media\/17132"}],"wp:attachment":[{"href":"https:\/\/abn.md\/en\/wp-json\/wp\/v2\/media?parent=17733"}],"wp:term":[{"taxonomy":"product_brand","embeddable":true,"href":"https:\/\/abn.md\/en\/wp-json\/wp\/v2\/product_brand?post=17733"},{"taxonomy":"product_cat","embeddable":true,"href":"https:\/\/abn.md\/en\/wp-json\/wp\/v2\/product_cat?post=17733"},{"taxonomy":"product_tag","embeddable":true,"href":"https:\/\/abn.md\/en\/wp-json\/wp\/v2\/product_tag?post=17733"}],"curies":[{"name":"wp","href":"https:\/\/api.w.org\/{rel}","templated":true}]}}