{"id":17873,"date":"2024-04-10T15:59:36","date_gmt":"2024-04-10T12:59:36","guid":{"rendered":"https:\/\/abn.md\/product\/vopsea-facuta-conform-ral-ncs-wcp-2\/"},"modified":"2025-06-13T09:12:55","modified_gmt":"2025-06-13T06:12:55","slug":"vopsea-facuta-conform-ral-ncs-wcp-2","status":"publish","type":"product","link":"https:\/\/abn.md\/en\/product\/vopsea-facuta-conform-ral-ncs-wcp-2\/","title":{"rendered":"Vopsea facuta conform RAL, NCS, WCP"},"content":{"rendered":"","protected":false},"excerpt":{"rendered":"<p>Descoperi\u021bi vopseaua noastr\u0103 personalizat\u0103, realizat\u0103 conform standardelor RAL, NCS \u0219i WCP. Ideal\u0103 pentru orice proiect de vopsire, aceast\u0103 vopsea de calitate superioar\u0103 v\u0103 ofer\u0103 nuan\u021be precise \u0219i durabilitate. Alege\u021bi dintr-o gam\u0103 variat\u0103 pentru a transforma spa\u021biile dvs. cu stil \u0219i elegan\u021b\u0103!<\/p>\n","protected":false},"featured_media":17478,"template":"","meta":{"rs_blank_template":"","rs_page_bg_color":"","slide_template_v7":""},"product_brand":[],"product_cat":[],"product_tag":[],"class_list":{"0":"post-17873","1":"product","2":"type-product","3":"status-publish","4":"has-post-thumbnail","7":"first","8":"instock","9":"purchasable","10":"product-type-simple"},"yoast_head":"<!-- This site is optimized with the Yoast SEO Premium plugin v27.4 (Yoast SEO v27.4) - https:\/\/yoast.com\/product\/yoast-seo-premium-wordpress\/ -->\n<title>Vopsea facuta conform RAL, NCS, WCP - ABN<\/title>\n<meta name=\"description\" content=\"Descoperi\u021bi vopseaua noastr\u0103 personalizat\u0103, realizat\u0103 conform standardelor RAL, NCS \u0219i WCP. Ideal\u0103 pentru orice proiect de vopsire, aceast\u0103 vopsea de calitate superioar\u0103 v\u0103 ofer\u0103 nuan\u021be precise \u0219i durabilitate. Alege\u021bi dintr-o gam\u0103 variat\u0103 pentru a transforma spa\u021biile dvs. cu stil \u0219i elegan\u021b\u0103!\" \/>\n<meta name=\"robots\" content=\"index, follow, max-snippet:-1, max-image-preview:large, max-video-preview:-1\" \/>\n<link rel=\"canonical\" href=\"https:\/\/abn.md\/en\/product\/vopsea-facuta-conform-ral-ncs-wcp-2\/\" \/>\n<meta property=\"og:locale\" content=\"en_US\" \/>\n<meta property=\"og:type\" content=\"article\" \/>\n<meta property=\"og:title\" content=\"Vopsea facuta conform RAL, NCS, WCP\" \/>\n<meta property=\"og:description\" content=\"Descoperi\u021bi vopseaua noastr\u0103 personalizat\u0103, realizat\u0103 conform standardelor RAL, NCS \u0219i WCP. Ideal\u0103 pentru orice proiect de vopsire, aceast\u0103 vopsea de calitate superioar\u0103 v\u0103 ofer\u0103 nuan\u021be precise \u0219i durabilitate. Alege\u021bi dintr-o gam\u0103 variat\u0103 pentru a transforma spa\u021biile dvs. cu stil \u0219i elegan\u021b\u0103!\" \/>\n<meta property=\"og:url\" content=\"https:\/\/abn.md\/en\/product\/vopsea-facuta-conform-ral-ncs-wcp-2\/\" \/>\n<meta property=\"og:site_name\" content=\"ABN\" \/>\n<meta property=\"article:modified_time\" content=\"2025-06-13T06:12:55+00:00\" \/>\n<meta property=\"og:image\" content=\"https:\/\/abn.md\/wp-content\/uploads\/2024\/04\/y_ujx6ktdn.jpg\" \/>\n\t<meta property=\"og:image:width\" content=\"365\" \/>\n\t<meta property=\"og:image:height\" content=\"270\" \/>\n\t<meta property=\"og:image:type\" content=\"image\/jpeg\" \/>\n<meta name=\"twitter:card\" content=\"summary_large_image\" \/>\n<meta name=\"twitter:label1\" content=\"Price\" \/>\n\t<meta name=\"twitter:data1\" content=\"0.00&nbsp;MDL\" \/>\n\t<meta name=\"twitter:label2\" content=\"Availability\" \/>\n\t<meta name=\"twitter:data2\" content=\"In stock\" \/>\n<script type=\"application\/ld+json\" class=\"yoast-schema-graph\">{\"@context\":\"https:\\\/\\\/schema.org\",\"@graph\":[{\"@type\":\"WebPage\",\"@id\":\"https:\\\/\\\/abn.md\\\/en\\\/product\\\/vopsea-facuta-conform-ral-ncs-wcp-2\\\/\",\"url\":\"https:\\\/\\\/abn.md\\\/en\\\/product\\\/vopsea-facuta-conform-ral-ncs-wcp-2\\\/\",\"name\":\"Vopsea facuta conform RAL, NCS, WCP - ABN\",\"isPartOf\":{\"@id\":\"https:\\\/\\\/abn.md\\\/en\\\/#website\"},\"primaryImageOfPage\":{\"@id\":\"https:\\\/\\\/abn.md\\\/en\\\/product\\\/vopsea-facuta-conform-ral-ncs-wcp-2\\\/#primaryimage\"},\"image\":{\"@id\":\"https:\\\/\\\/abn.md\\\/en\\\/product\\\/vopsea-facuta-conform-ral-ncs-wcp-2\\\/#primaryimage\"},\"thumbnailUrl\":\"https:\\\/\\\/abn.md\\\/wp-content\\\/uploads\\\/2024\\\/04\\\/y_ujx6ktdn.jpg\",\"datePublished\":\"2024-04-10T12:59:36+00:00\",\"dateModified\":\"2025-06-13T06:12:55+00:00\",\"description\":\"Descoperi\u021bi vopseaua noastr\u0103 personalizat\u0103, realizat\u0103 conform standardelor RAL, NCS \u0219i WCP. Ideal\u0103 pentru orice proiect de vopsire, aceast\u0103 vopsea de calitate superioar\u0103 v\u0103 ofer\u0103 nuan\u021be precise \u0219i durabilitate. Alege\u021bi dintr-o gam\u0103 variat\u0103 pentru a transforma spa\u021biile dvs. cu stil \u0219i elegan\u021b\u0103!\",\"breadcrumb\":{\"@id\":\"https:\\\/\\\/abn.md\\\/en\\\/product\\\/vopsea-facuta-conform-ral-ncs-wcp-2\\\/#breadcrumb\"},\"inLanguage\":\"en-US\",\"potentialAction\":[{\"@type\":\"ReadAction\",\"target\":[\"https:\\\/\\\/abn.md\\\/en\\\/product\\\/vopsea-facuta-conform-ral-ncs-wcp-2\\\/\"]}]},{\"@type\":\"ImageObject\",\"inLanguage\":\"en-US\",\"@id\":\"https:\\\/\\\/abn.md\\\/en\\\/product\\\/vopsea-facuta-conform-ral-ncs-wcp-2\\\/#primaryimage\",\"url\":\"https:\\\/\\\/abn.md\\\/wp-content\\\/uploads\\\/2024\\\/04\\\/y_ujx6ktdn.jpg\",\"contentUrl\":\"https:\\\/\\\/abn.md\\\/wp-content\\\/uploads\\\/2024\\\/04\\\/y_ujx6ktdn.jpg\",\"width\":365,\"height\":270},{\"@type\":\"BreadcrumbList\",\"@id\":\"https:\\\/\\\/abn.md\\\/en\\\/product\\\/vopsea-facuta-conform-ral-ncs-wcp-2\\\/#breadcrumb\",\"itemListElement\":[{\"@type\":\"ListItem\",\"position\":1,\"name\":\"Home\",\"item\":\"https:\\\/\\\/abn.md\\\/en\\\/\"},{\"@type\":\"ListItem\",\"position\":2,\"name\":\"Shop\",\"item\":\"https:\\\/\\\/abn.md\\\/en\\\/catalog\\\/\"},{\"@type\":\"ListItem\",\"position\":3,\"name\":\"Vopsea facuta conform RAL, NCS, WCP\"}]},{\"@type\":\"WebSite\",\"@id\":\"https:\\\/\\\/abn.md\\\/en\\\/#website\",\"url\":\"https:\\\/\\\/abn.md\\\/en\\\/\",\"name\":\"ABN\",\"description\":\"CENTRUL DE ECHIPAMENT \u0218I TEHNOLOGII\",\"publisher\":{\"@id\":\"https:\\\/\\\/abn.md\\\/en\\\/#organization\"},\"potentialAction\":[{\"@type\":\"SearchAction\",\"target\":{\"@type\":\"EntryPoint\",\"urlTemplate\":\"https:\\\/\\\/abn.md\\\/en\\\/?s={search_term_string}\"},\"query-input\":{\"@type\":\"PropertyValueSpecification\",\"valueRequired\":true,\"valueName\":\"search_term_string\"}}],\"inLanguage\":\"en-US\"},{\"@type\":\"Organization\",\"@id\":\"https:\\\/\\\/abn.md\\\/en\\\/#organization\",\"name\":\"ABN\",\"url\":\"https:\\\/\\\/abn.md\\\/en\\\/\",\"logo\":{\"@type\":\"ImageObject\",\"inLanguage\":\"en-US\",\"@id\":\"https:\\\/\\\/abn.md\\\/en\\\/#\\\/schema\\\/logo\\\/image\\\/\",\"url\":\"https:\\\/\\\/abn.md\\\/wp-content\\\/uploads\\\/2024\\\/03\\\/logo.png\",\"contentUrl\":\"https:\\\/\\\/abn.md\\\/wp-content\\\/uploads\\\/2024\\\/03\\\/logo.png\",\"width\":159,\"height\":112,\"caption\":\"ABN\"},\"image\":{\"@id\":\"https:\\\/\\\/abn.md\\\/en\\\/#\\\/schema\\\/logo\\\/image\\\/\"}}]}<\/script>\n<meta property=\"product:price:amount\" content=\"0.00\" \/>\n<meta property=\"product:price:currency\" content=\"MDL\" \/>\n<meta property=\"og:availability\" content=\"instock\" \/>\n<meta property=\"product:availability\" content=\"instock\" \/>\n<meta property=\"product:retailer_item_id\" content=\"06138bc5af60\" \/>\n<meta property=\"product:condition\" content=\"new\" \/>\n<!-- \/ Yoast SEO Premium plugin. -->","yoast_head_json":{"title":"Vopsea facuta conform RAL, NCS, WCP - ABN","description":"Descoperi\u021bi vopseaua noastr\u0103 personalizat\u0103, realizat\u0103 conform standardelor RAL, NCS \u0219i WCP. Ideal\u0103 pentru orice proiect de vopsire, aceast\u0103 vopsea de calitate superioar\u0103 v\u0103 ofer\u0103 nuan\u021be precise \u0219i durabilitate. Alege\u021bi dintr-o gam\u0103 variat\u0103 pentru a transforma spa\u021biile dvs. cu stil \u0219i elegan\u021b\u0103!","robots":{"index":"index","follow":"follow","max-snippet":"max-snippet:-1","max-image-preview":"max-image-preview:large","max-video-preview":"max-video-preview:-1"},"canonical":"https:\/\/abn.md\/en\/product\/vopsea-facuta-conform-ral-ncs-wcp-2\/","og_locale":"en_US","og_type":"article","og_title":"Vopsea facuta conform RAL, NCS, WCP","og_description":"Descoperi\u021bi vopseaua noastr\u0103 personalizat\u0103, realizat\u0103 conform standardelor RAL, NCS \u0219i WCP. Ideal\u0103 pentru orice proiect de vopsire, aceast\u0103 vopsea de calitate superioar\u0103 v\u0103 ofer\u0103 nuan\u021be precise \u0219i durabilitate. Alege\u021bi dintr-o gam\u0103 variat\u0103 pentru a transforma spa\u021biile dvs. cu stil \u0219i elegan\u021b\u0103!","og_url":"https:\/\/abn.md\/en\/product\/vopsea-facuta-conform-ral-ncs-wcp-2\/","og_site_name":"ABN","article_modified_time":"2025-06-13T06:12:55+00:00","og_image":[{"width":365,"height":270,"url":"https:\/\/abn.md\/wp-content\/uploads\/2024\/04\/y_ujx6ktdn.jpg","type":"image\/jpeg"}],"twitter_card":"summary_large_image","twitter_misc":{"Price":"0.00&nbsp;MDL","Availability":"In stock"},"schema":{"@context":"https:\/\/schema.org","@graph":[{"@type":"WebPage","@id":"https:\/\/abn.md\/en\/product\/vopsea-facuta-conform-ral-ncs-wcp-2\/","url":"https:\/\/abn.md\/en\/product\/vopsea-facuta-conform-ral-ncs-wcp-2\/","name":"Vopsea facuta conform RAL, NCS, WCP - ABN","isPartOf":{"@id":"https:\/\/abn.md\/en\/#website"},"primaryImageOfPage":{"@id":"https:\/\/abn.md\/en\/product\/vopsea-facuta-conform-ral-ncs-wcp-2\/#primaryimage"},"image":{"@id":"https:\/\/abn.md\/en\/product\/vopsea-facuta-conform-ral-ncs-wcp-2\/#primaryimage"},"thumbnailUrl":"https:\/\/abn.md\/wp-content\/uploads\/2024\/04\/y_ujx6ktdn.jpg","datePublished":"2024-04-10T12:59:36+00:00","dateModified":"2025-06-13T06:12:55+00:00","description":"Descoperi\u021bi vopseaua noastr\u0103 personalizat\u0103, realizat\u0103 conform standardelor RAL, NCS \u0219i WCP. Ideal\u0103 pentru orice proiect de vopsire, aceast\u0103 vopsea de calitate superioar\u0103 v\u0103 ofer\u0103 nuan\u021be precise \u0219i durabilitate. Alege\u021bi dintr-o gam\u0103 variat\u0103 pentru a transforma spa\u021biile dvs. cu stil \u0219i elegan\u021b\u0103!","breadcrumb":{"@id":"https:\/\/abn.md\/en\/product\/vopsea-facuta-conform-ral-ncs-wcp-2\/#breadcrumb"},"inLanguage":"en-US","potentialAction":[{"@type":"ReadAction","target":["https:\/\/abn.md\/en\/product\/vopsea-facuta-conform-ral-ncs-wcp-2\/"]}]},{"@type":"ImageObject","inLanguage":"en-US","@id":"https:\/\/abn.md\/en\/product\/vopsea-facuta-conform-ral-ncs-wcp-2\/#primaryimage","url":"https:\/\/abn.md\/wp-content\/uploads\/2024\/04\/y_ujx6ktdn.jpg","contentUrl":"https:\/\/abn.md\/wp-content\/uploads\/2024\/04\/y_ujx6ktdn.jpg","width":365,"height":270},{"@type":"BreadcrumbList","@id":"https:\/\/abn.md\/en\/product\/vopsea-facuta-conform-ral-ncs-wcp-2\/#breadcrumb","itemListElement":[{"@type":"ListItem","position":1,"name":"Home","item":"https:\/\/abn.md\/en\/"},{"@type":"ListItem","position":2,"name":"Shop","item":"https:\/\/abn.md\/en\/catalog\/"},{"@type":"ListItem","position":3,"name":"Vopsea facuta conform RAL, NCS, WCP"}]},{"@type":"WebSite","@id":"https:\/\/abn.md\/en\/#website","url":"https:\/\/abn.md\/en\/","name":"ABN","description":"CENTRUL DE ECHIPAMENT \u0218I TEHNOLOGII","publisher":{"@id":"https:\/\/abn.md\/en\/#organization"},"potentialAction":[{"@type":"SearchAction","target":{"@type":"EntryPoint","urlTemplate":"https:\/\/abn.md\/en\/?s={search_term_string}"},"query-input":{"@type":"PropertyValueSpecification","valueRequired":true,"valueName":"search_term_string"}}],"inLanguage":"en-US"},{"@type":"Organization","@id":"https:\/\/abn.md\/en\/#organization","name":"ABN","url":"https:\/\/abn.md\/en\/","logo":{"@type":"ImageObject","inLanguage":"en-US","@id":"https:\/\/abn.md\/en\/#\/schema\/logo\/image\/","url":"https:\/\/abn.md\/wp-content\/uploads\/2024\/03\/logo.png","contentUrl":"https:\/\/abn.md\/wp-content\/uploads\/2024\/03\/logo.png","width":159,"height":112,"caption":"ABN"},"image":{"@id":"https:\/\/abn.md\/en\/#\/schema\/logo\/image\/"}}]},"product_price_amount":"0.00","product_price_currency":"MDL","og_availability":"instock","product_availability":"instock","product_retailer_item_id":"06138bc5af60","product_condition":"new"},"_links":{"self":[{"href":"https:\/\/abn.md\/en\/wp-json\/wp\/v2\/product\/17873","targetHints":{"allow":["GET"]}}],"collection":[{"href":"https:\/\/abn.md\/en\/wp-json\/wp\/v2\/product"}],"about":[{"href":"https:\/\/abn.md\/en\/wp-json\/wp\/v2\/types\/product"}],"version-history":[{"count":1,"href":"https:\/\/abn.md\/en\/wp-json\/wp\/v2\/product\/17873\/revisions"}],"predecessor-version":[{"id":21006,"href":"https:\/\/abn.md\/en\/wp-json\/wp\/v2\/product\/17873\/revisions\/21006"}],"wp:featuredmedia":[{"embeddable":true,"href":"https:\/\/abn.md\/en\/wp-json\/wp\/v2\/media\/17478"}],"wp:attachment":[{"href":"https:\/\/abn.md\/en\/wp-json\/wp\/v2\/media?parent=17873"}],"wp:term":[{"taxonomy":"product_brand","embeddable":true,"href":"https:\/\/abn.md\/en\/wp-json\/wp\/v2\/product_brand?post=17873"},{"taxonomy":"product_cat","embeddable":true,"href":"https:\/\/abn.md\/en\/wp-json\/wp\/v2\/product_cat?post=17873"},{"taxonomy":"product_tag","embeddable":true,"href":"https:\/\/abn.md\/en\/wp-json\/wp\/v2\/product_tag?post=17873"}],"curies":[{"name":"wp","href":"https:\/\/api.w.org\/{rel}","templated":true}]}}